{"id":106,"date":"2016-07-15T12:41:05","date_gmt":"2016-07-15T10:41:05","guid":{"rendered":"http:\/\/pakosc-kalwaria.franciszkanie.net\/?page_id=106"},"modified":"2016-07-15T12:41:05","modified_gmt":"2016-07-15T10:41:05","slug":"piesn-sloneczna-albo-pochwala-stworzen","status":"publish","type":"page","link":"https:\/\/pakosc-kalwaria.franciszkanie.net\/index.php\/sw-franciszek-z-asyzu\/piesn-sloneczna-albo-pochwala-stworzen\/","title":{"rendered":"PIE\u015a\u0143 S\u0141ONECZNA ALBO POCHWA\u0141A STWORZE\u0143"},"content":{"rendered":"<p>Pie\u015b\u0144 s\u0142oneczna albo pochwa\u0142a stworze\u0144<\/p>\n<p>Najwy\u017cszy, wszechmog\u0105cy, dobry Panie,<br \/>\nTwoja jest s\u0142awa, chwa\u0142a i cze\u015b\u0107,<br \/>\ni wszelkie b\u0142ogos\u0142awie\u0144stwo (por. Ap 4, 9. 11).<br \/>\nTobie jednemu, Najwy\u017cszy, one przystoj\u0105<br \/>\ni \u017caden cz\u0142owiek nie jest godny<br \/>\nwym\u00f3wi\u0107 Twego Imienia<br \/>\nPochwalony b\u0105d\u017a, Panie m\u00f3j,<br \/>\nze wszystkimi Twymi stworzeniami (por. Tb 8, 7),<br \/>\nszczeg\u00f3lnie z panem bratem s\u0142o\u0144cem,<br \/>\nprzez kt\u00f3re staje si\u0119 dzie\u0144 i nas przez nie o\u015bwiecasz.<br \/>\nI ono jest pi\u0119kne i \u015bwiec\u0105ce wielkim blaskiem:<br \/>\nTwoim, Najwy\u017cszy jest wyobra\u017ceniem.<br \/>\nPochwalony b\u0105d\u017a, Panie m\u00f3j,<br \/>\nprzez brata ksi\u0119\u017cyc i gwiazdy (por. Ps 148, 3),<br \/>\nukszta\u0142towa\u0142e\u015b je na niebie jasne i cenne, i pi\u0119kne.<br \/>\nPochwalony b\u0105d\u017a, Panie m\u00f3j,<br \/>\nprzez brata wiatr i przez powietrze,<br \/>\ni chmury, i pogod\u0119, i ka\u017cdy czas,<br \/>\nprzez kt\u00f3re Twoim stworzeniom dajesz utrzymanie.<br \/>\nPochwalony b\u0105d\u017a, Panie m\u00f3j,<br \/>\nprzez siostr\u0119 wod\u0119 (por. Ps 148, 4-5),<br \/>\nkt\u00f3ra jest bardzo po\u017cyteczna i pokorna, i cenna, i czysta.<br \/>\nPochwalony b\u0105d\u017a, Panie m\u00f3j,<br \/>\nprzez brata ogie\u0144 (por. Dn 3, 66),<br \/>\nkt\u00f3rym roz\u015bwietlasz noc:<br \/>\ni jest on pi\u0119kny, i radosny,<br \/>\ni krzepki, i mocny.<br \/>\nPochwalony b\u0105d\u017a, Panie m\u00f3j,<br \/>\nprzez siostr\u0119 nasz\u0105 matk\u0119 ziemi\u0119,<br \/>\nkt\u00f3ra nas \u017cywi i chowa,<br \/>\nwydaje r\u00f3\u017cne owoce<br \/>\nz barwnymi kwiatami i trawami (por. Ps 103, 13-14).<br \/>\nPochwalony b\u0105d\u017a, Panie m\u00f3j,<br \/>\nprzez tych, kt\u00f3rzy przebaczaj\u0105 dla Twej mi\u0142o\u015bci<br \/>\ni znosz\u0105 s\u0142abo\u015bci i prze\u015bladowania.<br \/>\nB\u0142ogos\u0142awieni ci,<br \/>\nkt\u00f3rzy je znios\u0105 w pokoju (por. Mt 5, 10),<br \/>\nponiewa\u017c przez Ciebie, Najwy\u017cszy,<br \/>\nb\u0119d\u0105 uwie\u0144czeni.<br \/>\nPochwalony b\u0105d\u017a, Panie m\u00f3j,<br \/>\nprzez nasz\u0105 siostr\u0119 \u015bmier\u0107 cielesn\u0105,<br \/>\nkt\u00f3rej \u017caden cz\u0142owiek \u017cywy unikn\u0105\u0107 nie mo\u017ce.<br \/>\nBiada tym, kt\u00f3rzy umieraj\u0105 w grzechach \u015bmiertelnych;<br \/>\nB\u0142ogos\u0142awieni ci,<br \/>\nkt\u00f3rych [\u015bmier\u0107] zastanie w Twej naj\u015bwi\u0119tszej woli,<br \/>\nalbowiem \u015bmier\u0107 druga<br \/>\nnie wyrz\u0105dzi im krzywdy (por. Ap 2, 11; 20, 6).<br \/>\nChwalcie i b\u0142ogos\u0142awcie mojego Pana (por. Dn 3, 85),<br \/>\ni dzi\u0119kujcie Mu, i s\u0142u\u017ccie z wielk\u0105 pokor\u0105.<\/p>\n","protected":false},"excerpt":{"rendered":"<p>Pie\u015b\u0144 s\u0142oneczna albo pochwa\u0142a stworze\u0144 Najwy\u017cszy, wszechmog\u0105cy, dobry Panie, Twoja jest s\u0142awa, chwa\u0142a i cze\u015b\u0107, i wszelkie b\u0142ogos\u0142awie\u0144stwo (por. Ap 4, 9. 11). Tobie jednemu, Najwy\u017cszy, one przystoj\u0105 i \u017caden cz\u0142owiek nie jest godny wym\u00f3wi\u0107 Twego Imienia Pochwalony b\u0105d\u017a, Panie m\u00f3j, ze wszystkimi Twymi stworzeniami (por. Tb 8, 7), szczeg\u00f3lnie z panem bratem s\u0142o\u0144cem, przez &hellip;<\/p>\n","protected":false},"author":5,"featured_media":0,"parent":67,"menu_order":0,"comment_status":"closed","ping_status":"closed","template":"","meta":{"_mi_skip_tracking":false,"_exactmetrics_sitenote_active":false,"_exactmetrics_sitenote_note":"","_exactmetrics_sitenote_category":0},"yoast_head":"<!-- This site is optimized with the Yoast SEO plugin v18.1 - https:\/\/yoast.com\/wordpress\/plugins\/seo\/ -->\n<title>PIE\u015a\u0143 S\u0141ONECZNA ALBO POCHWA\u0141A STWORZE\u0143 - Pako\u015b\u0107 \u2013 Kalwaria<\/title>\n<meta name=\"robots\" content=\"index, follow, max-snippet:-1, max-image-preview:large, max-video-preview:-1\" \/>\n<link rel=\"canonical\" href=\"https:\/\/pakosc-kalwaria.franciszkanie.net\/index.php\/sw-franciszek-z-asyzu\/piesn-sloneczna-albo-pochwala-stworzen\/\" \/>\n<meta property=\"og:locale\" content=\"pl_PL\" \/>\n<meta property=\"og:type\" content=\"article\" \/>\n<meta property=\"og:title\" content=\"PIE\u015a\u0143 S\u0141ONECZNA ALBO POCHWA\u0141A STWORZE\u0143 - Pako\u015b\u0107 \u2013 Kalwaria\" \/>\n<meta property=\"og:description\" content=\"Pie\u015b\u0144 s\u0142oneczna albo pochwa\u0142a stworze\u0144 Najwy\u017cszy, wszechmog\u0105cy, dobry Panie, Twoja jest s\u0142awa, chwa\u0142a i cze\u015b\u0107, i wszelkie b\u0142ogos\u0142awie\u0144stwo (por. Ap 4, 9. 11). Tobie jednemu, Najwy\u017cszy, one przystoj\u0105 i \u017caden cz\u0142owiek nie jest godny wym\u00f3wi\u0107 Twego Imienia Pochwalony b\u0105d\u017a, Panie m\u00f3j, ze wszystkimi Twymi stworzeniami (por. Tb 8, 7), szczeg\u00f3lnie z panem bratem s\u0142o\u0144cem, przez &hellip;\" \/>\n<meta property=\"og:url\" content=\"https:\/\/pakosc-kalwaria.franciszkanie.net\/index.php\/sw-franciszek-z-asyzu\/piesn-sloneczna-albo-pochwala-stworzen\/\" \/>\n<meta property=\"og:site_name\" content=\"Pako\u015b\u0107 \u2013 Kalwaria\" \/>\n<meta name=\"twitter:card\" content=\"summary\" \/>\n<meta name=\"twitter:label1\" content=\"Szacowany czas czytania\" \/>\n\t<meta name=\"twitter:data1\" content=\"2 minuty\" \/>\n<script type=\"application\/ld+json\" class=\"yoast-schema-graph\">{\"@context\":\"https:\/\/schema.org\",\"@graph\":[{\"@type\":\"WebSite\",\"@id\":\"https:\/\/pakosc-kalwaria.franciszkanie.net\/#website\",\"url\":\"https:\/\/pakosc-kalwaria.franciszkanie.net\/\",\"name\":\"Pako\u015b\u0107 \u2013 Kalwaria\",\"description\":\"Parafia Rzymsko \u2013 Katolicka p.w. Pana Jezusa Ukrzy\u017cowanego i  Matki Bo\u017cej Bolesnej ul. Barci\u0144ska 60, 88\u2013170 Pako\u015b\u0107 \u2013 Kalwaria\",\"potentialAction\":[{\"@type\":\"SearchAction\",\"target\":{\"@type\":\"EntryPoint\",\"urlTemplate\":\"https:\/\/pakosc-kalwaria.franciszkanie.net\/?s={search_term_string}\"},\"query-input\":\"required name=search_term_string\"}],\"inLanguage\":\"pl-PL\"},{\"@type\":\"WebPage\",\"@id\":\"https:\/\/pakosc-kalwaria.franciszkanie.net\/index.php\/sw-franciszek-z-asyzu\/piesn-sloneczna-albo-pochwala-stworzen\/#webpage\",\"url\":\"https:\/\/pakosc-kalwaria.franciszkanie.net\/index.php\/sw-franciszek-z-asyzu\/piesn-sloneczna-albo-pochwala-stworzen\/\",\"name\":\"PIE\u015a\u0143 S\u0141ONECZNA ALBO POCHWA\u0141A STWORZE\u0143 - Pako\u015b\u0107 \u2013 Kalwaria\",\"isPartOf\":{\"@id\":\"https:\/\/pakosc-kalwaria.franciszkanie.net\/#website\"},\"datePublished\":\"2016-07-15T10:41:05+00:00\",\"dateModified\":\"2016-07-15T10:41:05+00:00\",\"breadcrumb\":{\"@id\":\"https:\/\/pakosc-kalwaria.franciszkanie.net\/index.php\/sw-franciszek-z-asyzu\/piesn-sloneczna-albo-pochwala-stworzen\/#breadcrumb\"},\"inLanguage\":\"pl-PL\",\"potentialAction\":[{\"@type\":\"ReadAction\",\"target\":[\"https:\/\/pakosc-kalwaria.franciszkanie.net\/index.php\/sw-franciszek-z-asyzu\/piesn-sloneczna-albo-pochwala-stworzen\/\"]}]},{\"@type\":\"BreadcrumbList\",\"@id\":\"https:\/\/pakosc-kalwaria.franciszkanie.net\/index.php\/sw-franciszek-z-asyzu\/piesn-sloneczna-albo-pochwala-stworzen\/#breadcrumb\",\"itemListElement\":[{\"@type\":\"ListItem\",\"position\":1,\"name\":\"Strona g\u0142\u00f3wna\",\"item\":\"https:\/\/pakosc-kalwaria.franciszkanie.net\/\"},{\"@type\":\"ListItem\",\"position\":2,\"name\":\"\u015aW. FRANCISZEK Z ASY\u017bU\",\"item\":\"https:\/\/pakosc-kalwaria.franciszkanie.net\/index.php\/sw-franciszek-z-asyzu\/\"},{\"@type\":\"ListItem\",\"position\":3,\"name\":\"PIE\u015a\u0143 S\u0141ONECZNA ALBO POCHWA\u0141A STWORZE\u0143\"}]}]}<\/script>\n<!-- \/ Yoast SEO plugin. -->","yoast_head_json":{"title":"PIE\u015a\u0143 S\u0141ONECZNA ALBO POCHWA\u0141A STWORZE\u0143 - Pako\u015b\u0107 \u2013 Kalwaria","robots":{"index":"index","follow":"follow","max-snippet":"max-snippet:-1","max-image-preview":"max-image-preview:large","max-video-preview":"max-video-preview:-1"},"canonical":"https:\/\/pakosc-kalwaria.franciszkanie.net\/index.php\/sw-franciszek-z-asyzu\/piesn-sloneczna-albo-pochwala-stworzen\/","og_locale":"pl_PL","og_type":"article","og_title":"PIE\u015a\u0143 S\u0141ONECZNA ALBO POCHWA\u0141A STWORZE\u0143 - Pako\u015b\u0107 \u2013 Kalwaria","og_description":"Pie\u015b\u0144 s\u0142oneczna albo pochwa\u0142a stworze\u0144 Najwy\u017cszy, wszechmog\u0105cy, dobry Panie, Twoja jest s\u0142awa, chwa\u0142a i cze\u015b\u0107, i wszelkie b\u0142ogos\u0142awie\u0144stwo (por. Ap 4, 9. 11). Tobie jednemu, Najwy\u017cszy, one przystoj\u0105 i \u017caden cz\u0142owiek nie jest godny wym\u00f3wi\u0107 Twego Imienia Pochwalony b\u0105d\u017a, Panie m\u00f3j, ze wszystkimi Twymi stworzeniami (por. Tb 8, 7), szczeg\u00f3lnie z panem bratem s\u0142o\u0144cem, przez &hellip;","og_url":"https:\/\/pakosc-kalwaria.franciszkanie.net\/index.php\/sw-franciszek-z-asyzu\/piesn-sloneczna-albo-pochwala-stworzen\/","og_site_name":"Pako\u015b\u0107 \u2013 Kalwaria","twitter_card":"summary","twitter_misc":{"Szacowany czas czytania":"2 minuty"},"schema":{"@context":"https:\/\/schema.org","@graph":[{"@type":"WebSite","@id":"https:\/\/pakosc-kalwaria.franciszkanie.net\/#website","url":"https:\/\/pakosc-kalwaria.franciszkanie.net\/","name":"Pako\u015b\u0107 \u2013 Kalwaria","description":"Parafia Rzymsko \u2013 Katolicka p.w. Pana Jezusa Ukrzy\u017cowanego i  Matki Bo\u017cej Bolesnej ul. Barci\u0144ska 60, 88\u2013170 Pako\u015b\u0107 \u2013 Kalwaria","potentialAction":[{"@type":"SearchAction","target":{"@type":"EntryPoint","urlTemplate":"https:\/\/pakosc-kalwaria.franciszkanie.net\/?s={search_term_string}"},"query-input":"required name=search_term_string"}],"inLanguage":"pl-PL"},{"@type":"WebPage","@id":"https:\/\/pakosc-kalwaria.franciszkanie.net\/index.php\/sw-franciszek-z-asyzu\/piesn-sloneczna-albo-pochwala-stworzen\/#webpage","url":"https:\/\/pakosc-kalwaria.franciszkanie.net\/index.php\/sw-franciszek-z-asyzu\/piesn-sloneczna-albo-pochwala-stworzen\/","name":"PIE\u015a\u0143 S\u0141ONECZNA ALBO POCHWA\u0141A STWORZE\u0143 - Pako\u015b\u0107 \u2013 Kalwaria","isPartOf":{"@id":"https:\/\/pakosc-kalwaria.franciszkanie.net\/#website"},"datePublished":"2016-07-15T10:41:05+00:00","dateModified":"2016-07-15T10:41:05+00:00","breadcrumb":{"@id":"https:\/\/pakosc-kalwaria.franciszkanie.net\/index.php\/sw-franciszek-z-asyzu\/piesn-sloneczna-albo-pochwala-stworzen\/#breadcrumb"},"inLanguage":"pl-PL","potentialAction":[{"@type":"ReadAction","target":["https:\/\/pakosc-kalwaria.franciszkanie.net\/index.php\/sw-franciszek-z-asyzu\/piesn-sloneczna-albo-pochwala-stworzen\/"]}]},{"@type":"BreadcrumbList","@id":"https:\/\/pakosc-kalwaria.franciszkanie.net\/index.php\/sw-franciszek-z-asyzu\/piesn-sloneczna-albo-pochwala-stworzen\/#breadcrumb","itemListElement":[{"@type":"ListItem","position":1,"name":"Strona g\u0142\u00f3wna","item":"https:\/\/pakosc-kalwaria.franciszkanie.net\/"},{"@type":"ListItem","position":2,"name":"\u015aW. FRANCISZEK Z ASY\u017bU","item":"https:\/\/pakosc-kalwaria.franciszkanie.net\/index.php\/sw-franciszek-z-asyzu\/"},{"@type":"ListItem","position":3,"name":"PIE\u015a\u0143 S\u0141ONECZNA ALBO POCHWA\u0141A STWORZE\u0143"}]}]}},"_links":{"self":[{"href":"https:\/\/pakosc-kalwaria.franciszkanie.net\/index.php\/wp-json\/wp\/v2\/pages\/106"}],"collection":[{"href":"https:\/\/pakosc-kalwaria.franciszkanie.net\/index.php\/wp-json\/wp\/v2\/pages"}],"about":[{"href":"https:\/\/pakosc-kalwaria.franciszkanie.net\/index.php\/wp-json\/wp\/v2\/types\/page"}],"author":[{"embeddable":true,"href":"https:\/\/pakosc-kalwaria.franciszkanie.net\/index.php\/wp-json\/wp\/v2\/users\/5"}],"replies":[{"embeddable":true,"href":"https:\/\/pakosc-kalwaria.franciszkanie.net\/index.php\/wp-json\/wp\/v2\/comments?post=106"}],"version-history":[{"count":2,"href":"https:\/\/pakosc-kalwaria.franciszkanie.net\/index.php\/wp-json\/wp\/v2\/pages\/106\/revisions"}],"predecessor-version":[{"id":108,"href":"https:\/\/pakosc-kalwaria.franciszkanie.net\/index.php\/wp-json\/wp\/v2\/pages\/106\/revisions\/108"}],"up":[{"embeddable":true,"href":"https:\/\/pakosc-kalwaria.franciszkanie.net\/index.php\/wp-json\/wp\/v2\/pages\/67"}],"wp:attachment":[{"href":"https:\/\/pakosc-kalwaria.franciszkanie.net\/index.php\/wp-json\/wp\/v2\/media?parent=106"}],"curies":[{"name":"wp","href":"https:\/\/api.w.org\/{rel}","templated":true}]}}