{"id":115,"date":"2016-07-15T12:48:32","date_gmt":"2016-07-15T10:48:32","guid":{"rendered":"http:\/\/pakosc-kalwaria.franciszkanie.net\/?page_id=115"},"modified":"2016-07-15T12:48:32","modified_gmt":"2016-07-15T10:48:32","slug":"zacheta-do-uwielbienia-boga","status":"publish","type":"page","link":"https:\/\/pakosc-kalwaria.franciszkanie.net\/index.php\/sw-franciszek-z-asyzu\/zacheta-do-uwielbienia-boga\/","title":{"rendered":"ZACH\u0118TA DO UWIELBIENIA BOGA"},"content":{"rendered":"<p><strong>Zach\u0119ta do uwielbienia Boga<\/strong><\/p>\n<p>B\u00f3jcie si\u0119 Pana i cze\u015b\u0107 Mu oddajcie (Ap 14, 7).<br \/>\nGodzien jest Pan otrzyma\u0107 s\u0142aw\u0119 i cze\u015b\u0107 (por. Ap 4, 11).<br \/>\nWszyscy, kt\u00f3rzy boicie si\u0119 Pana, chwalcie Go (por. Ps 21, 24).<br \/>\nB\u0105d\u017a pozdrowiona, Maryjo, \u0142aski pe\u0142na, Pan z Tob\u0105 (por. \u0141k 1, 28).<br \/>\nChwalcie Go niebo i ziemia (por. Ps 68, 35).<br \/>\nChwalcie, wszystkie rzeki, Pana (por. Dn 3, 78)<br \/>\nB\u0142ogos\u0142awcie, synowie Bo\u017cy, Pana (por. Dn 3, 82).<br \/>\nOto dzie\u0144, kt\u00f3ry Pan uczyni\u0142; radujmy si\u0119 w nim i weselmy (por. Ps 117, 24). Alleluja, alleluja, alleluja! Kr\u00f3l Izraela (J 12, 13)!<br \/>\nWszelki duch niech chwali Pana (Ps 150, 6).<br \/>\nChwalcie Pana, bo jest dobry (por. Ps 146, 1); wszyscy, kt\u00f3rzy to czytacie, b\u0142ogos\u0142awcie Pana (Ps 102, 21).<br \/>\nWszystkie stworzenia, b\u0142ogos\u0142awcie Pana (por. Ps 102,22).<br \/>\nWszystkie ptaki powietrzne chwalcie Pana (por. Ps 148, 7. 10; Dn 3, 80).<br \/>\nWszyscy s\u0142udzy, chwalcie Pana (por. Ps 112, 1).<br \/>\nM\u0142odzie\u0144cy i panny, chwalcie Pana (por. Ps 148, 12).<br \/>\nGodzien jest Baranek, kt\u00f3ry zosta\u0142 zabity, odebra\u0107 s\u0142aw\u0119, chwa\u0142\u0119 i cze\u015b\u0107 (por. Ap 5, 12).<br \/>\nB\u0142ogos\u0142awiona niech b\u0119dzie \u015bwi\u0119ta Tr\u00f3jca i nierozdzielna Jedno\u015b\u0107.<\/p>\n","protected":false},"excerpt":{"rendered":"<p>Zach\u0119ta do uwielbienia Boga B\u00f3jcie si\u0119 Pana i cze\u015b\u0107 Mu oddajcie (Ap 14, 7). Godzien jest Pan otrzyma\u0107 s\u0142aw\u0119 i cze\u015b\u0107 (por. Ap 4, 11). Wszyscy, kt\u00f3rzy boicie si\u0119 Pana, chwalcie Go (por. Ps 21, 24). B\u0105d\u017a pozdrowiona, Maryjo, \u0142aski pe\u0142na, Pan z Tob\u0105 (por. \u0141k 1, 28). Chwalcie Go niebo i ziemia (por. Ps &hellip;<\/p>\n","protected":false},"author":5,"featured_media":0,"parent":67,"menu_order":0,"comment_status":"closed","ping_status":"closed","template":"","meta":{"_mi_skip_tracking":false,"_exactmetrics_sitenote_active":false,"_exactmetrics_sitenote_note":"","_exactmetrics_sitenote_category":0},"yoast_head":"<!-- This site is optimized with the Yoast SEO plugin v18.1 - https:\/\/yoast.com\/wordpress\/plugins\/seo\/ -->\n<title>ZACH\u0118TA DO UWIELBIENIA BOGA - Pako\u015b\u0107 \u2013 Kalwaria<\/title>\n<meta name=\"robots\" content=\"index, follow, max-snippet:-1, max-image-preview:large, max-video-preview:-1\" \/>\n<link rel=\"canonical\" href=\"https:\/\/pakosc-kalwaria.franciszkanie.net\/index.php\/sw-franciszek-z-asyzu\/zacheta-do-uwielbienia-boga\/\" \/>\n<meta property=\"og:locale\" content=\"pl_PL\" \/>\n<meta property=\"og:type\" content=\"article\" \/>\n<meta property=\"og:title\" content=\"ZACH\u0118TA DO UWIELBIENIA BOGA - Pako\u015b\u0107 \u2013 Kalwaria\" \/>\n<meta property=\"og:description\" content=\"Zach\u0119ta do uwielbienia Boga B\u00f3jcie si\u0119 Pana i cze\u015b\u0107 Mu oddajcie (Ap 14, 7). Godzien jest Pan otrzyma\u0107 s\u0142aw\u0119 i cze\u015b\u0107 (por. Ap 4, 11). Wszyscy, kt\u00f3rzy boicie si\u0119 Pana, chwalcie Go (por. Ps 21, 24). B\u0105d\u017a pozdrowiona, Maryjo, \u0142aski pe\u0142na, Pan z Tob\u0105 (por. \u0141k 1, 28). Chwalcie Go niebo i ziemia (por. Ps &hellip;\" \/>\n<meta property=\"og:url\" content=\"https:\/\/pakosc-kalwaria.franciszkanie.net\/index.php\/sw-franciszek-z-asyzu\/zacheta-do-uwielbienia-boga\/\" \/>\n<meta property=\"og:site_name\" content=\"Pako\u015b\u0107 \u2013 Kalwaria\" \/>\n<meta name=\"twitter:card\" content=\"summary\" \/>\n<meta name=\"twitter:label1\" content=\"Szacowany czas czytania\" \/>\n\t<meta name=\"twitter:data1\" content=\"1 minuta\" \/>\n<script type=\"application\/ld+json\" class=\"yoast-schema-graph\">{\"@context\":\"https:\/\/schema.org\",\"@graph\":[{\"@type\":\"WebSite\",\"@id\":\"https:\/\/pakosc-kalwaria.franciszkanie.net\/#website\",\"url\":\"https:\/\/pakosc-kalwaria.franciszkanie.net\/\",\"name\":\"Pako\u015b\u0107 \u2013 Kalwaria\",\"description\":\"Parafia Rzymsko \u2013 Katolicka p.w. Pana Jezusa Ukrzy\u017cowanego i  Matki Bo\u017cej Bolesnej ul. Barci\u0144ska 60, 88\u2013170 Pako\u015b\u0107 \u2013 Kalwaria\",\"potentialAction\":[{\"@type\":\"SearchAction\",\"target\":{\"@type\":\"EntryPoint\",\"urlTemplate\":\"https:\/\/pakosc-kalwaria.franciszkanie.net\/?s={search_term_string}\"},\"query-input\":\"required name=search_term_string\"}],\"inLanguage\":\"pl-PL\"},{\"@type\":\"WebPage\",\"@id\":\"https:\/\/pakosc-kalwaria.franciszkanie.net\/index.php\/sw-franciszek-z-asyzu\/zacheta-do-uwielbienia-boga\/#webpage\",\"url\":\"https:\/\/pakosc-kalwaria.franciszkanie.net\/index.php\/sw-franciszek-z-asyzu\/zacheta-do-uwielbienia-boga\/\",\"name\":\"ZACH\u0118TA DO UWIELBIENIA BOGA - Pako\u015b\u0107 \u2013 Kalwaria\",\"isPartOf\":{\"@id\":\"https:\/\/pakosc-kalwaria.franciszkanie.net\/#website\"},\"datePublished\":\"2016-07-15T10:48:32+00:00\",\"dateModified\":\"2016-07-15T10:48:32+00:00\",\"breadcrumb\":{\"@id\":\"https:\/\/pakosc-kalwaria.franciszkanie.net\/index.php\/sw-franciszek-z-asyzu\/zacheta-do-uwielbienia-boga\/#breadcrumb\"},\"inLanguage\":\"pl-PL\",\"potentialAction\":[{\"@type\":\"ReadAction\",\"target\":[\"https:\/\/pakosc-kalwaria.franciszkanie.net\/index.php\/sw-franciszek-z-asyzu\/zacheta-do-uwielbienia-boga\/\"]}]},{\"@type\":\"BreadcrumbList\",\"@id\":\"https:\/\/pakosc-kalwaria.franciszkanie.net\/index.php\/sw-franciszek-z-asyzu\/zacheta-do-uwielbienia-boga\/#breadcrumb\",\"itemListElement\":[{\"@type\":\"ListItem\",\"position\":1,\"name\":\"Strona g\u0142\u00f3wna\",\"item\":\"https:\/\/pakosc-kalwaria.franciszkanie.net\/\"},{\"@type\":\"ListItem\",\"position\":2,\"name\":\"\u015aW. FRANCISZEK Z ASY\u017bU\",\"item\":\"https:\/\/pakosc-kalwaria.franciszkanie.net\/index.php\/sw-franciszek-z-asyzu\/\"},{\"@type\":\"ListItem\",\"position\":3,\"name\":\"ZACH\u0118TA DO UWIELBIENIA BOGA\"}]}]}<\/script>\n<!-- \/ Yoast SEO plugin. -->","yoast_head_json":{"title":"ZACH\u0118TA DO UWIELBIENIA BOGA - Pako\u015b\u0107 \u2013 Kalwaria","robots":{"index":"index","follow":"follow","max-snippet":"max-snippet:-1","max-image-preview":"max-image-preview:large","max-video-preview":"max-video-preview:-1"},"canonical":"https:\/\/pakosc-kalwaria.franciszkanie.net\/index.php\/sw-franciszek-z-asyzu\/zacheta-do-uwielbienia-boga\/","og_locale":"pl_PL","og_type":"article","og_title":"ZACH\u0118TA DO UWIELBIENIA BOGA - Pako\u015b\u0107 \u2013 Kalwaria","og_description":"Zach\u0119ta do uwielbienia Boga B\u00f3jcie si\u0119 Pana i cze\u015b\u0107 Mu oddajcie (Ap 14, 7). Godzien jest Pan otrzyma\u0107 s\u0142aw\u0119 i cze\u015b\u0107 (por. Ap 4, 11). Wszyscy, kt\u00f3rzy boicie si\u0119 Pana, chwalcie Go (por. Ps 21, 24). B\u0105d\u017a pozdrowiona, Maryjo, \u0142aski pe\u0142na, Pan z Tob\u0105 (por. \u0141k 1, 28). Chwalcie Go niebo i ziemia (por. Ps &hellip;","og_url":"https:\/\/pakosc-kalwaria.franciszkanie.net\/index.php\/sw-franciszek-z-asyzu\/zacheta-do-uwielbienia-boga\/","og_site_name":"Pako\u015b\u0107 \u2013 Kalwaria","twitter_card":"summary","twitter_misc":{"Szacowany czas czytania":"1 minuta"},"schema":{"@context":"https:\/\/schema.org","@graph":[{"@type":"WebSite","@id":"https:\/\/pakosc-kalwaria.franciszkanie.net\/#website","url":"https:\/\/pakosc-kalwaria.franciszkanie.net\/","name":"Pako\u015b\u0107 \u2013 Kalwaria","description":"Parafia Rzymsko \u2013 Katolicka p.w. Pana Jezusa Ukrzy\u017cowanego i  Matki Bo\u017cej Bolesnej ul. Barci\u0144ska 60, 88\u2013170 Pako\u015b\u0107 \u2013 Kalwaria","potentialAction":[{"@type":"SearchAction","target":{"@type":"EntryPoint","urlTemplate":"https:\/\/pakosc-kalwaria.franciszkanie.net\/?s={search_term_string}"},"query-input":"required name=search_term_string"}],"inLanguage":"pl-PL"},{"@type":"WebPage","@id":"https:\/\/pakosc-kalwaria.franciszkanie.net\/index.php\/sw-franciszek-z-asyzu\/zacheta-do-uwielbienia-boga\/#webpage","url":"https:\/\/pakosc-kalwaria.franciszkanie.net\/index.php\/sw-franciszek-z-asyzu\/zacheta-do-uwielbienia-boga\/","name":"ZACH\u0118TA DO UWIELBIENIA BOGA - Pako\u015b\u0107 \u2013 Kalwaria","isPartOf":{"@id":"https:\/\/pakosc-kalwaria.franciszkanie.net\/#website"},"datePublished":"2016-07-15T10:48:32+00:00","dateModified":"2016-07-15T10:48:32+00:00","breadcrumb":{"@id":"https:\/\/pakosc-kalwaria.franciszkanie.net\/index.php\/sw-franciszek-z-asyzu\/zacheta-do-uwielbienia-boga\/#breadcrumb"},"inLanguage":"pl-PL","potentialAction":[{"@type":"ReadAction","target":["https:\/\/pakosc-kalwaria.franciszkanie.net\/index.php\/sw-franciszek-z-asyzu\/zacheta-do-uwielbienia-boga\/"]}]},{"@type":"BreadcrumbList","@id":"https:\/\/pakosc-kalwaria.franciszkanie.net\/index.php\/sw-franciszek-z-asyzu\/zacheta-do-uwielbienia-boga\/#breadcrumb","itemListElement":[{"@type":"ListItem","position":1,"name":"Strona g\u0142\u00f3wna","item":"https:\/\/pakosc-kalwaria.franciszkanie.net\/"},{"@type":"ListItem","position":2,"name":"\u015aW. FRANCISZEK Z ASY\u017bU","item":"https:\/\/pakosc-kalwaria.franciszkanie.net\/index.php\/sw-franciszek-z-asyzu\/"},{"@type":"ListItem","position":3,"name":"ZACH\u0118TA DO UWIELBIENIA BOGA"}]}]}},"_links":{"self":[{"href":"https:\/\/pakosc-kalwaria.franciszkanie.net\/index.php\/wp-json\/wp\/v2\/pages\/115"}],"collection":[{"href":"https:\/\/pakosc-kalwaria.franciszkanie.net\/index.php\/wp-json\/wp\/v2\/pages"}],"about":[{"href":"https:\/\/pakosc-kalwaria.franciszkanie.net\/index.php\/wp-json\/wp\/v2\/types\/page"}],"author":[{"embeddable":true,"href":"https:\/\/pakosc-kalwaria.franciszkanie.net\/index.php\/wp-json\/wp\/v2\/users\/5"}],"replies":[{"embeddable":true,"href":"https:\/\/pakosc-kalwaria.franciszkanie.net\/index.php\/wp-json\/wp\/v2\/comments?post=115"}],"version-history":[{"count":2,"href":"https:\/\/pakosc-kalwaria.franciszkanie.net\/index.php\/wp-json\/wp\/v2\/pages\/115\/revisions"}],"predecessor-version":[{"id":117,"href":"https:\/\/pakosc-kalwaria.franciszkanie.net\/index.php\/wp-json\/wp\/v2\/pages\/115\/revisions\/117"}],"up":[{"embeddable":true,"href":"https:\/\/pakosc-kalwaria.franciszkanie.net\/index.php\/wp-json\/wp\/v2\/pages\/67"}],"wp:attachment":[{"href":"https:\/\/pakosc-kalwaria.franciszkanie.net\/index.php\/wp-json\/wp\/v2\/media?parent=115"}],"curies":[{"name":"wp","href":"https:\/\/api.w.org\/{rel}","templated":true}]}}