{"id":118,"date":"2016-07-15T12:50:17","date_gmt":"2016-07-15T10:50:17","guid":{"rendered":"http:\/\/pakosc-kalwaria.franciszkanie.net\/?page_id=118"},"modified":"2016-07-15T12:50:17","modified_gmt":"2016-07-15T10:50:17","slug":"uwielbienie-boga-najwyzszego","status":"publish","type":"page","link":"https:\/\/pakosc-kalwaria.franciszkanie.net\/index.php\/sw-franciszek-z-asyzu\/uwielbienie-boga-najwyzszego\/","title":{"rendered":"UWIELBIENIE BOGA NAJWY\u017bSZEGO"},"content":{"rendered":"<p><strong>Uwielbienie Boga Najwy\u017cszego<\/strong><\/p>\n<p>Ty jeste\u015b \u015awi\u0119ty Pan B\u00f3g jedyny,<br \/>\nkt\u00f3ry czynisz cuda (por. Ps 76, 15).<br \/>\nTy jeste\u015b wielki (por. Ps 85, 10),<br \/>\nTy jeste\u015b mocny,<br \/>\nTy jeste\u015b wielki (por. Ps 85, 10),<br \/>\nTy jeste\u015b najwy\u017cszy,<br \/>\nTy jeste\u015b Kr\u00f3lem wszechmog\u0105cym,<br \/>\nOjcze \u015bwi\u0119ty (J 17, 11),<br \/>\nKr\u00f3lu nieba i ziemi (por. Mt 11, 25).<br \/>\nTy jeste\u015b w Tr\u00f3jcy jedyny<br \/>\nPan B\u00f3g nad bogami (por. Ps 135, 2),<br \/>\nTy jeste\u015b dobro, wszelkie dobro, najwy\u017csze dobro,<br \/>\nPan B\u00f3g \u017cywy i prawdziwy (por. 1 Tes 1, 9).<br \/>\nTy jeste\u015b mi\u0142o\u015bci\u0105, kochaniem;<br \/>\nTy jeste\u015b m\u0105dro\u015bci\u0105,<br \/>\nTy jeste\u015b pokor\u0105,<br \/>\nTy jeste\u015b cierpliwo\u015bci\u0105 (Ps 70, 5),<br \/>\nTy jeste\u015b pi\u0119kno\u015bci\u0105,<br \/>\nTy jeste\u015b \u0142askawo\u015bci\u0105;<br \/>\nTy jeste\u015b bezpiecze\u0144stwem,<br \/>\nTy jeste\u015b ukojeniem,<br \/>\nTy jeste\u015b rado\u015bci\u0105,<br \/>\nTy jeste\u015b nadziej\u0105 nasz\u0105 i weselem,<br \/>\nTy jeste\u015b sprawiedliwo\u015bci\u0105,<br \/>\nTy jeste\u015b \u0142agodno\u015bci\u0105,<br \/>\nTy jeste\u015b w pe\u0142ni wszelkim bogactwem naszym.<br \/>\nTy jeste\u015b pi\u0119kno\u015bci\u0105,<br \/>\nTy jeste\u015b \u0142askawo\u015bci\u0105,<br \/>\nTy jeste\u015b opiekunem (Ps 30, 5),<br \/>\nTy jeste\u015b str\u00f3\u017cem i obro\u0144com naszym;<br \/>\nTy jeste\u015b moc\u0105 (por. Ps 42, 2),<br \/>\nTy jeste\u015b orze\u017awieniem.<br \/>\nTy jeste\u015b nadziej\u0105 nasz\u0105,<br \/>\nTy jeste\u015b wiar\u0105 nasz\u0105,<br \/>\nTy jeste\u015b mi\u0142o\u015bci\u0105 nasz\u0105,<br \/>\nTy jeste\u015b ca\u0142\u0105 s\u0142odycz\u0105 nasz\u0105,<br \/>\nTy jeste\u015b wiecznym \u017cyciem naszym:<br \/>\nWielkim i przedziwnym Panem,<br \/>\nBogiem wszechmog\u0105cym, mi\u0142osiernym Zbawicielem.<\/p>\n","protected":false},"excerpt":{"rendered":"<p>Uwielbienie Boga Najwy\u017cszego Ty jeste\u015b \u015awi\u0119ty Pan B\u00f3g jedyny, kt\u00f3ry czynisz cuda (por. Ps 76, 15). Ty jeste\u015b wielki (por. Ps 85, 10), Ty jeste\u015b mocny, Ty jeste\u015b wielki (por. Ps 85, 10), Ty jeste\u015b najwy\u017cszy, Ty jeste\u015b Kr\u00f3lem wszechmog\u0105cym, Ojcze \u015bwi\u0119ty (J 17, 11), Kr\u00f3lu nieba i ziemi (por. Mt 11, 25). Ty jeste\u015b &hellip;<\/p>\n","protected":false},"author":5,"featured_media":0,"parent":67,"menu_order":0,"comment_status":"closed","ping_status":"closed","template":"","meta":{"_mi_skip_tracking":false,"_exactmetrics_sitenote_active":false,"_exactmetrics_sitenote_note":"","_exactmetrics_sitenote_category":0},"yoast_head":"<!-- This site is optimized with the Yoast SEO plugin v18.1 - https:\/\/yoast.com\/wordpress\/plugins\/seo\/ -->\n<title>UWIELBIENIE BOGA NAJWY\u017bSZEGO - Pako\u015b\u0107 \u2013 Kalwaria<\/title>\n<meta name=\"robots\" content=\"index, follow, max-snippet:-1, max-image-preview:large, max-video-preview:-1\" \/>\n<link rel=\"canonical\" href=\"https:\/\/pakosc-kalwaria.franciszkanie.net\/index.php\/sw-franciszek-z-asyzu\/uwielbienie-boga-najwyzszego\/\" \/>\n<meta property=\"og:locale\" content=\"pl_PL\" \/>\n<meta property=\"og:type\" content=\"article\" \/>\n<meta property=\"og:title\" content=\"UWIELBIENIE BOGA NAJWY\u017bSZEGO - Pako\u015b\u0107 \u2013 Kalwaria\" \/>\n<meta property=\"og:description\" content=\"Uwielbienie Boga Najwy\u017cszego Ty jeste\u015b \u015awi\u0119ty Pan B\u00f3g jedyny, kt\u00f3ry czynisz cuda (por. Ps 76, 15). Ty jeste\u015b wielki (por. Ps 85, 10), Ty jeste\u015b mocny, Ty jeste\u015b wielki (por. Ps 85, 10), Ty jeste\u015b najwy\u017cszy, Ty jeste\u015b Kr\u00f3lem wszechmog\u0105cym, Ojcze \u015bwi\u0119ty (J 17, 11), Kr\u00f3lu nieba i ziemi (por. Mt 11, 25). Ty jeste\u015b &hellip;\" \/>\n<meta property=\"og:url\" content=\"https:\/\/pakosc-kalwaria.franciszkanie.net\/index.php\/sw-franciszek-z-asyzu\/uwielbienie-boga-najwyzszego\/\" \/>\n<meta property=\"og:site_name\" content=\"Pako\u015b\u0107 \u2013 Kalwaria\" \/>\n<meta name=\"twitter:card\" content=\"summary\" \/>\n<meta name=\"twitter:label1\" content=\"Szacowany czas czytania\" \/>\n\t<meta name=\"twitter:data1\" content=\"1 minuta\" \/>\n<script type=\"application\/ld+json\" class=\"yoast-schema-graph\">{\"@context\":\"https:\/\/schema.org\",\"@graph\":[{\"@type\":\"WebSite\",\"@id\":\"https:\/\/pakosc-kalwaria.franciszkanie.net\/#website\",\"url\":\"https:\/\/pakosc-kalwaria.franciszkanie.net\/\",\"name\":\"Pako\u015b\u0107 \u2013 Kalwaria\",\"description\":\"Parafia Rzymsko \u2013 Katolicka p.w. Pana Jezusa Ukrzy\u017cowanego i  Matki Bo\u017cej Bolesnej ul. Barci\u0144ska 60, 88\u2013170 Pako\u015b\u0107 \u2013 Kalwaria\",\"potentialAction\":[{\"@type\":\"SearchAction\",\"target\":{\"@type\":\"EntryPoint\",\"urlTemplate\":\"https:\/\/pakosc-kalwaria.franciszkanie.net\/?s={search_term_string}\"},\"query-input\":\"required name=search_term_string\"}],\"inLanguage\":\"pl-PL\"},{\"@type\":\"WebPage\",\"@id\":\"https:\/\/pakosc-kalwaria.franciszkanie.net\/index.php\/sw-franciszek-z-asyzu\/uwielbienie-boga-najwyzszego\/#webpage\",\"url\":\"https:\/\/pakosc-kalwaria.franciszkanie.net\/index.php\/sw-franciszek-z-asyzu\/uwielbienie-boga-najwyzszego\/\",\"name\":\"UWIELBIENIE BOGA NAJWY\u017bSZEGO - Pako\u015b\u0107 \u2013 Kalwaria\",\"isPartOf\":{\"@id\":\"https:\/\/pakosc-kalwaria.franciszkanie.net\/#website\"},\"datePublished\":\"2016-07-15T10:50:17+00:00\",\"dateModified\":\"2016-07-15T10:50:17+00:00\",\"breadcrumb\":{\"@id\":\"https:\/\/pakosc-kalwaria.franciszkanie.net\/index.php\/sw-franciszek-z-asyzu\/uwielbienie-boga-najwyzszego\/#breadcrumb\"},\"inLanguage\":\"pl-PL\",\"potentialAction\":[{\"@type\":\"ReadAction\",\"target\":[\"https:\/\/pakosc-kalwaria.franciszkanie.net\/index.php\/sw-franciszek-z-asyzu\/uwielbienie-boga-najwyzszego\/\"]}]},{\"@type\":\"BreadcrumbList\",\"@id\":\"https:\/\/pakosc-kalwaria.franciszkanie.net\/index.php\/sw-franciszek-z-asyzu\/uwielbienie-boga-najwyzszego\/#breadcrumb\",\"itemListElement\":[{\"@type\":\"ListItem\",\"position\":1,\"name\":\"Strona g\u0142\u00f3wna\",\"item\":\"https:\/\/pakosc-kalwaria.franciszkanie.net\/\"},{\"@type\":\"ListItem\",\"position\":2,\"name\":\"\u015aW. FRANCISZEK Z ASY\u017bU\",\"item\":\"https:\/\/pakosc-kalwaria.franciszkanie.net\/index.php\/sw-franciszek-z-asyzu\/\"},{\"@type\":\"ListItem\",\"position\":3,\"name\":\"UWIELBIENIE BOGA NAJWY\u017bSZEGO\"}]}]}<\/script>\n<!-- \/ Yoast SEO plugin. -->","yoast_head_json":{"title":"UWIELBIENIE BOGA NAJWY\u017bSZEGO - Pako\u015b\u0107 \u2013 Kalwaria","robots":{"index":"index","follow":"follow","max-snippet":"max-snippet:-1","max-image-preview":"max-image-preview:large","max-video-preview":"max-video-preview:-1"},"canonical":"https:\/\/pakosc-kalwaria.franciszkanie.net\/index.php\/sw-franciszek-z-asyzu\/uwielbienie-boga-najwyzszego\/","og_locale":"pl_PL","og_type":"article","og_title":"UWIELBIENIE BOGA NAJWY\u017bSZEGO - Pako\u015b\u0107 \u2013 Kalwaria","og_description":"Uwielbienie Boga Najwy\u017cszego Ty jeste\u015b \u015awi\u0119ty Pan B\u00f3g jedyny, kt\u00f3ry czynisz cuda (por. Ps 76, 15). Ty jeste\u015b wielki (por. Ps 85, 10), Ty jeste\u015b mocny, Ty jeste\u015b wielki (por. Ps 85, 10), Ty jeste\u015b najwy\u017cszy, Ty jeste\u015b Kr\u00f3lem wszechmog\u0105cym, Ojcze \u015bwi\u0119ty (J 17, 11), Kr\u00f3lu nieba i ziemi (por. Mt 11, 25). Ty jeste\u015b &hellip;","og_url":"https:\/\/pakosc-kalwaria.franciszkanie.net\/index.php\/sw-franciszek-z-asyzu\/uwielbienie-boga-najwyzszego\/","og_site_name":"Pako\u015b\u0107 \u2013 Kalwaria","twitter_card":"summary","twitter_misc":{"Szacowany czas czytania":"1 minuta"},"schema":{"@context":"https:\/\/schema.org","@graph":[{"@type":"WebSite","@id":"https:\/\/pakosc-kalwaria.franciszkanie.net\/#website","url":"https:\/\/pakosc-kalwaria.franciszkanie.net\/","name":"Pako\u015b\u0107 \u2013 Kalwaria","description":"Parafia Rzymsko \u2013 Katolicka p.w. Pana Jezusa Ukrzy\u017cowanego i  Matki Bo\u017cej Bolesnej ul. Barci\u0144ska 60, 88\u2013170 Pako\u015b\u0107 \u2013 Kalwaria","potentialAction":[{"@type":"SearchAction","target":{"@type":"EntryPoint","urlTemplate":"https:\/\/pakosc-kalwaria.franciszkanie.net\/?s={search_term_string}"},"query-input":"required name=search_term_string"}],"inLanguage":"pl-PL"},{"@type":"WebPage","@id":"https:\/\/pakosc-kalwaria.franciszkanie.net\/index.php\/sw-franciszek-z-asyzu\/uwielbienie-boga-najwyzszego\/#webpage","url":"https:\/\/pakosc-kalwaria.franciszkanie.net\/index.php\/sw-franciszek-z-asyzu\/uwielbienie-boga-najwyzszego\/","name":"UWIELBIENIE BOGA NAJWY\u017bSZEGO - Pako\u015b\u0107 \u2013 Kalwaria","isPartOf":{"@id":"https:\/\/pakosc-kalwaria.franciszkanie.net\/#website"},"datePublished":"2016-07-15T10:50:17+00:00","dateModified":"2016-07-15T10:50:17+00:00","breadcrumb":{"@id":"https:\/\/pakosc-kalwaria.franciszkanie.net\/index.php\/sw-franciszek-z-asyzu\/uwielbienie-boga-najwyzszego\/#breadcrumb"},"inLanguage":"pl-PL","potentialAction":[{"@type":"ReadAction","target":["https:\/\/pakosc-kalwaria.franciszkanie.net\/index.php\/sw-franciszek-z-asyzu\/uwielbienie-boga-najwyzszego\/"]}]},{"@type":"BreadcrumbList","@id":"https:\/\/pakosc-kalwaria.franciszkanie.net\/index.php\/sw-franciszek-z-asyzu\/uwielbienie-boga-najwyzszego\/#breadcrumb","itemListElement":[{"@type":"ListItem","position":1,"name":"Strona g\u0142\u00f3wna","item":"https:\/\/pakosc-kalwaria.franciszkanie.net\/"},{"@type":"ListItem","position":2,"name":"\u015aW. FRANCISZEK Z ASY\u017bU","item":"https:\/\/pakosc-kalwaria.franciszkanie.net\/index.php\/sw-franciszek-z-asyzu\/"},{"@type":"ListItem","position":3,"name":"UWIELBIENIE BOGA NAJWY\u017bSZEGO"}]}]}},"_links":{"self":[{"href":"https:\/\/pakosc-kalwaria.franciszkanie.net\/index.php\/wp-json\/wp\/v2\/pages\/118"}],"collection":[{"href":"https:\/\/pakosc-kalwaria.franciszkanie.net\/index.php\/wp-json\/wp\/v2\/pages"}],"about":[{"href":"https:\/\/pakosc-kalwaria.franciszkanie.net\/index.php\/wp-json\/wp\/v2\/types\/page"}],"author":[{"embeddable":true,"href":"https:\/\/pakosc-kalwaria.franciszkanie.net\/index.php\/wp-json\/wp\/v2\/users\/5"}],"replies":[{"embeddable":true,"href":"https:\/\/pakosc-kalwaria.franciszkanie.net\/index.php\/wp-json\/wp\/v2\/comments?post=118"}],"version-history":[{"count":2,"href":"https:\/\/pakosc-kalwaria.franciszkanie.net\/index.php\/wp-json\/wp\/v2\/pages\/118\/revisions"}],"predecessor-version":[{"id":120,"href":"https:\/\/pakosc-kalwaria.franciszkanie.net\/index.php\/wp-json\/wp\/v2\/pages\/118\/revisions\/120"}],"up":[{"embeddable":true,"href":"https:\/\/pakosc-kalwaria.franciszkanie.net\/index.php\/wp-json\/wp\/v2\/pages\/67"}],"wp:attachment":[{"href":"https:\/\/pakosc-kalwaria.franciszkanie.net\/index.php\/wp-json\/wp\/v2\/media?parent=118"}],"curies":[{"name":"wp","href":"https:\/\/api.w.org\/{rel}","templated":true}]}}