{"id":121,"date":"2016-07-15T12:52:14","date_gmt":"2016-07-15T10:52:14","guid":{"rendered":"http:\/\/pakosc-kalwaria.franciszkanie.net\/?page_id=121"},"modified":"2016-07-15T12:52:14","modified_gmt":"2016-07-15T10:52:14","slug":"modlitwa-do-jezusa-eucharystycznego","status":"publish","type":"page","link":"https:\/\/pakosc-kalwaria.franciszkanie.net\/index.php\/sw-franciszek-z-asyzu\/modlitwa-do-jezusa-eucharystycznego\/","title":{"rendered":"MODLITWA DO JEZUSA EUCHARYSTYCZNEGO"},"content":{"rendered":"<p>Oto uni\u017casz si\u0119 co dzie\u0144 jak wtedy, gdy z tronu kr\u00f3lewskiego zst\u0105pi\u0142e\u015b do \u0142ona Dziewicy. Co dzie\u0144 przychodzisz do nas w pokornej postaci. I jak ukaza\u0142e\u015b si\u0119 \u015bwi\u0119tym aposto\u0142om w rzeczywistym ciele, tak teraz ukazujesz si\u0119 nam w \u015bwi\u0119tym chlebie. Patrz\u0105c oczyma cielesnymi, widzieli oni tylko Twoje Cia\u0142o, lecz wierzyli, \u017ce jeste\u015b Bogiem, poniewa\u017c widzieli Ci\u0119 oczyma ducha. Tak samo i my, ogl\u0105daj\u0105c chleb i wino oczyma cielesnymi, umiejmy widzie\u0107 i wierzy\u0107 mocno, \u017ce jeste\u015b Bogiem, \u017ce Twoje naj\u015bwi\u0119tsze Cia\u0142o i Krew jest \u017cywe i prawdziwe.<br \/>\nW taki to spos\u00f3b, Panie, jeste\u015b zawsze ze swymi wiernymi,<br \/>\njak sam m\u00f3wisz: A oto Ja jestem z wami a\u017c do sko\u0144czenia \u015bwiata (Mt 28, 20).<\/p>\n","protected":false},"excerpt":{"rendered":"<p>Oto uni\u017casz si\u0119 co dzie\u0144 jak wtedy, gdy z tronu kr\u00f3lewskiego zst\u0105pi\u0142e\u015b do \u0142ona Dziewicy. Co dzie\u0144 przychodzisz do nas w pokornej postaci. I jak ukaza\u0142e\u015b si\u0119 \u015bwi\u0119tym aposto\u0142om w rzeczywistym ciele, tak teraz ukazujesz si\u0119 nam w \u015bwi\u0119tym chlebie. Patrz\u0105c oczyma cielesnymi, widzieli oni tylko Twoje Cia\u0142o, lecz wierzyli, \u017ce jeste\u015b Bogiem, poniewa\u017c widzieli &hellip;<\/p>\n","protected":false},"author":5,"featured_media":0,"parent":67,"menu_order":0,"comment_status":"closed","ping_status":"closed","template":"","meta":{"_mi_skip_tracking":false,"_exactmetrics_sitenote_active":false,"_exactmetrics_sitenote_note":"","_exactmetrics_sitenote_category":0},"yoast_head":"<!-- This site is optimized with the Yoast SEO plugin v18.1 - https:\/\/yoast.com\/wordpress\/plugins\/seo\/ -->\n<title>MODLITWA DO JEZUSA EUCHARYSTYCZNEGO - Pako\u015b\u0107 \u2013 Kalwaria<\/title>\n<meta name=\"robots\" content=\"index, follow, max-snippet:-1, max-image-preview:large, max-video-preview:-1\" \/>\n<link rel=\"canonical\" href=\"https:\/\/pakosc-kalwaria.franciszkanie.net\/index.php\/sw-franciszek-z-asyzu\/modlitwa-do-jezusa-eucharystycznego\/\" \/>\n<meta property=\"og:locale\" content=\"pl_PL\" \/>\n<meta property=\"og:type\" content=\"article\" \/>\n<meta property=\"og:title\" content=\"MODLITWA DO JEZUSA EUCHARYSTYCZNEGO - Pako\u015b\u0107 \u2013 Kalwaria\" \/>\n<meta property=\"og:description\" content=\"Oto uni\u017casz si\u0119 co dzie\u0144 jak wtedy, gdy z tronu kr\u00f3lewskiego zst\u0105pi\u0142e\u015b do \u0142ona Dziewicy. Co dzie\u0144 przychodzisz do nas w pokornej postaci. I jak ukaza\u0142e\u015b si\u0119 \u015bwi\u0119tym aposto\u0142om w rzeczywistym ciele, tak teraz ukazujesz si\u0119 nam w \u015bwi\u0119tym chlebie. Patrz\u0105c oczyma cielesnymi, widzieli oni tylko Twoje Cia\u0142o, lecz wierzyli, \u017ce jeste\u015b Bogiem, poniewa\u017c widzieli &hellip;\" \/>\n<meta property=\"og:url\" content=\"https:\/\/pakosc-kalwaria.franciszkanie.net\/index.php\/sw-franciszek-z-asyzu\/modlitwa-do-jezusa-eucharystycznego\/\" \/>\n<meta property=\"og:site_name\" content=\"Pako\u015b\u0107 \u2013 Kalwaria\" \/>\n<meta name=\"twitter:card\" content=\"summary\" \/>\n<meta name=\"twitter:label1\" content=\"Szacowany czas czytania\" \/>\n\t<meta name=\"twitter:data1\" content=\"1 minuta\" \/>\n<script type=\"application\/ld+json\" class=\"yoast-schema-graph\">{\"@context\":\"https:\/\/schema.org\",\"@graph\":[{\"@type\":\"WebSite\",\"@id\":\"https:\/\/pakosc-kalwaria.franciszkanie.net\/#website\",\"url\":\"https:\/\/pakosc-kalwaria.franciszkanie.net\/\",\"name\":\"Pako\u015b\u0107 \u2013 Kalwaria\",\"description\":\"Parafia Rzymsko \u2013 Katolicka p.w. Pana Jezusa Ukrzy\u017cowanego i  Matki Bo\u017cej Bolesnej ul. Barci\u0144ska 60, 88\u2013170 Pako\u015b\u0107 \u2013 Kalwaria\",\"potentialAction\":[{\"@type\":\"SearchAction\",\"target\":{\"@type\":\"EntryPoint\",\"urlTemplate\":\"https:\/\/pakosc-kalwaria.franciszkanie.net\/?s={search_term_string}\"},\"query-input\":\"required name=search_term_string\"}],\"inLanguage\":\"pl-PL\"},{\"@type\":\"WebPage\",\"@id\":\"https:\/\/pakosc-kalwaria.franciszkanie.net\/index.php\/sw-franciszek-z-asyzu\/modlitwa-do-jezusa-eucharystycznego\/#webpage\",\"url\":\"https:\/\/pakosc-kalwaria.franciszkanie.net\/index.php\/sw-franciszek-z-asyzu\/modlitwa-do-jezusa-eucharystycznego\/\",\"name\":\"MODLITWA DO JEZUSA EUCHARYSTYCZNEGO - Pako\u015b\u0107 \u2013 Kalwaria\",\"isPartOf\":{\"@id\":\"https:\/\/pakosc-kalwaria.franciszkanie.net\/#website\"},\"datePublished\":\"2016-07-15T10:52:14+00:00\",\"dateModified\":\"2016-07-15T10:52:14+00:00\",\"breadcrumb\":{\"@id\":\"https:\/\/pakosc-kalwaria.franciszkanie.net\/index.php\/sw-franciszek-z-asyzu\/modlitwa-do-jezusa-eucharystycznego\/#breadcrumb\"},\"inLanguage\":\"pl-PL\",\"potentialAction\":[{\"@type\":\"ReadAction\",\"target\":[\"https:\/\/pakosc-kalwaria.franciszkanie.net\/index.php\/sw-franciszek-z-asyzu\/modlitwa-do-jezusa-eucharystycznego\/\"]}]},{\"@type\":\"BreadcrumbList\",\"@id\":\"https:\/\/pakosc-kalwaria.franciszkanie.net\/index.php\/sw-franciszek-z-asyzu\/modlitwa-do-jezusa-eucharystycznego\/#breadcrumb\",\"itemListElement\":[{\"@type\":\"ListItem\",\"position\":1,\"name\":\"Strona g\u0142\u00f3wna\",\"item\":\"https:\/\/pakosc-kalwaria.franciszkanie.net\/\"},{\"@type\":\"ListItem\",\"position\":2,\"name\":\"\u015aW. FRANCISZEK Z ASY\u017bU\",\"item\":\"https:\/\/pakosc-kalwaria.franciszkanie.net\/index.php\/sw-franciszek-z-asyzu\/\"},{\"@type\":\"ListItem\",\"position\":3,\"name\":\"MODLITWA DO JEZUSA EUCHARYSTYCZNEGO\"}]}]}<\/script>\n<!-- \/ Yoast SEO plugin. -->","yoast_head_json":{"title":"MODLITWA DO JEZUSA EUCHARYSTYCZNEGO - Pako\u015b\u0107 \u2013 Kalwaria","robots":{"index":"index","follow":"follow","max-snippet":"max-snippet:-1","max-image-preview":"max-image-preview:large","max-video-preview":"max-video-preview:-1"},"canonical":"https:\/\/pakosc-kalwaria.franciszkanie.net\/index.php\/sw-franciszek-z-asyzu\/modlitwa-do-jezusa-eucharystycznego\/","og_locale":"pl_PL","og_type":"article","og_title":"MODLITWA DO JEZUSA EUCHARYSTYCZNEGO - Pako\u015b\u0107 \u2013 Kalwaria","og_description":"Oto uni\u017casz si\u0119 co dzie\u0144 jak wtedy, gdy z tronu kr\u00f3lewskiego zst\u0105pi\u0142e\u015b do \u0142ona Dziewicy. Co dzie\u0144 przychodzisz do nas w pokornej postaci. I jak ukaza\u0142e\u015b si\u0119 \u015bwi\u0119tym aposto\u0142om w rzeczywistym ciele, tak teraz ukazujesz si\u0119 nam w \u015bwi\u0119tym chlebie. Patrz\u0105c oczyma cielesnymi, widzieli oni tylko Twoje Cia\u0142o, lecz wierzyli, \u017ce jeste\u015b Bogiem, poniewa\u017c widzieli &hellip;","og_url":"https:\/\/pakosc-kalwaria.franciszkanie.net\/index.php\/sw-franciszek-z-asyzu\/modlitwa-do-jezusa-eucharystycznego\/","og_site_name":"Pako\u015b\u0107 \u2013 Kalwaria","twitter_card":"summary","twitter_misc":{"Szacowany czas czytania":"1 minuta"},"schema":{"@context":"https:\/\/schema.org","@graph":[{"@type":"WebSite","@id":"https:\/\/pakosc-kalwaria.franciszkanie.net\/#website","url":"https:\/\/pakosc-kalwaria.franciszkanie.net\/","name":"Pako\u015b\u0107 \u2013 Kalwaria","description":"Parafia Rzymsko \u2013 Katolicka p.w. Pana Jezusa Ukrzy\u017cowanego i  Matki Bo\u017cej Bolesnej ul. Barci\u0144ska 60, 88\u2013170 Pako\u015b\u0107 \u2013 Kalwaria","potentialAction":[{"@type":"SearchAction","target":{"@type":"EntryPoint","urlTemplate":"https:\/\/pakosc-kalwaria.franciszkanie.net\/?s={search_term_string}"},"query-input":"required name=search_term_string"}],"inLanguage":"pl-PL"},{"@type":"WebPage","@id":"https:\/\/pakosc-kalwaria.franciszkanie.net\/index.php\/sw-franciszek-z-asyzu\/modlitwa-do-jezusa-eucharystycznego\/#webpage","url":"https:\/\/pakosc-kalwaria.franciszkanie.net\/index.php\/sw-franciszek-z-asyzu\/modlitwa-do-jezusa-eucharystycznego\/","name":"MODLITWA DO JEZUSA EUCHARYSTYCZNEGO - Pako\u015b\u0107 \u2013 Kalwaria","isPartOf":{"@id":"https:\/\/pakosc-kalwaria.franciszkanie.net\/#website"},"datePublished":"2016-07-15T10:52:14+00:00","dateModified":"2016-07-15T10:52:14+00:00","breadcrumb":{"@id":"https:\/\/pakosc-kalwaria.franciszkanie.net\/index.php\/sw-franciszek-z-asyzu\/modlitwa-do-jezusa-eucharystycznego\/#breadcrumb"},"inLanguage":"pl-PL","potentialAction":[{"@type":"ReadAction","target":["https:\/\/pakosc-kalwaria.franciszkanie.net\/index.php\/sw-franciszek-z-asyzu\/modlitwa-do-jezusa-eucharystycznego\/"]}]},{"@type":"BreadcrumbList","@id":"https:\/\/pakosc-kalwaria.franciszkanie.net\/index.php\/sw-franciszek-z-asyzu\/modlitwa-do-jezusa-eucharystycznego\/#breadcrumb","itemListElement":[{"@type":"ListItem","position":1,"name":"Strona g\u0142\u00f3wna","item":"https:\/\/pakosc-kalwaria.franciszkanie.net\/"},{"@type":"ListItem","position":2,"name":"\u015aW. FRANCISZEK Z ASY\u017bU","item":"https:\/\/pakosc-kalwaria.franciszkanie.net\/index.php\/sw-franciszek-z-asyzu\/"},{"@type":"ListItem","position":3,"name":"MODLITWA DO JEZUSA EUCHARYSTYCZNEGO"}]}]}},"_links":{"self":[{"href":"https:\/\/pakosc-kalwaria.franciszkanie.net\/index.php\/wp-json\/wp\/v2\/pages\/121"}],"collection":[{"href":"https:\/\/pakosc-kalwaria.franciszkanie.net\/index.php\/wp-json\/wp\/v2\/pages"}],"about":[{"href":"https:\/\/pakosc-kalwaria.franciszkanie.net\/index.php\/wp-json\/wp\/v2\/types\/page"}],"author":[{"embeddable":true,"href":"https:\/\/pakosc-kalwaria.franciszkanie.net\/index.php\/wp-json\/wp\/v2\/users\/5"}],"replies":[{"embeddable":true,"href":"https:\/\/pakosc-kalwaria.franciszkanie.net\/index.php\/wp-json\/wp\/v2\/comments?post=121"}],"version-history":[{"count":2,"href":"https:\/\/pakosc-kalwaria.franciszkanie.net\/index.php\/wp-json\/wp\/v2\/pages\/121\/revisions"}],"predecessor-version":[{"id":123,"href":"https:\/\/pakosc-kalwaria.franciszkanie.net\/index.php\/wp-json\/wp\/v2\/pages\/121\/revisions\/123"}],"up":[{"embeddable":true,"href":"https:\/\/pakosc-kalwaria.franciszkanie.net\/index.php\/wp-json\/wp\/v2\/pages\/67"}],"wp:attachment":[{"href":"https:\/\/pakosc-kalwaria.franciszkanie.net\/index.php\/wp-json\/wp\/v2\/media?parent=121"}],"curies":[{"name":"wp","href":"https:\/\/api.w.org\/{rel}","templated":true}]}}