{"id":147,"date":"2016-07-15T14:02:03","date_gmt":"2016-07-15T12:02:03","guid":{"rendered":"http:\/\/pakosc-kalwaria.franciszkanie.net\/?page_id=147"},"modified":"2019-10-20T08:31:03","modified_gmt":"2019-10-20T06:31:03","slug":"zakon-braci-mniejszych-franciszkanow","status":"publish","type":"page","link":"https:\/\/pakosc-kalwaria.franciszkanie.net\/index.php\/zakon-braci-mniejszych-franciszkanow\/","title":{"rendered":"ZAKON BRACI MNIEJSZYCH &#8211; FRANCISZKAN\u00d3W"},"content":{"rendered":"<p><strong>\u201eRegu\u0142a i \u017cycie braci mniejszych polega na zachowaniu \u015bwi\u0119tej Ewangelii Pana naszego Jezusa Chrystusa przez \u017cycie w pos\u0142usze\u0144stwie, bez w\u0142asno\u015bci i w czysto\u015bci\u201d. z Regu\u0142y \u015bw. Franciszka z Asy\u017cu <\/strong><strong><br \/>\n<\/strong><strong><br \/>\n<\/strong><strong>Kuria naszej Prowincji Zakonnej pw. \u015bw. Franciszka z Asy\u017cu z siedzib\u0105 w Poznaniu przyjmuje kandydat\u00f3w do Zakonu: <\/strong><strong>na kap\u0142an\u00f3w po maturze oraz na braci zakonnych przynajmniej po szkole zawodowej. Wi\u0119cej informacji tak\u017ce na stronie internetowej <\/strong><a href=\"http:\/\/www.franciszkanie.net\"><strong>www.franciszkanie.net<\/strong><\/a><\/p>\n<p><strong><span style=\"color: #ff0000;\">Formacja zakonna<\/span> w Zakonie Braci Mniejszych-Franciszkan\u00f3w w Prowincji \u015bw. Franciszka z Asy\u017cu z siedzib\u0105 w Poznaniu<\/strong><\/p>\n<p><span style=\"color: #ff0000;\"><strong><u>Postulat<\/u><\/strong><\/span><u><br \/>\n<\/u>\u017bycie w Zakonie zaczyna si\u0119 od Postulatu, gdzie postulanci \u017cyj\u0105 w klasztorze razem z innymi zakonnikami, uczestnicz\u0105c wraz z nimi we wszystkich \u0107wiczeniach zakonnych (modlitwach, pracach, posi\u0142kach) pod opiek\u0105 wychowawcy (magistra postulatu. Postulant nie nosi jeszcze stroju zakonnego, jakim jest br\u0105zowy habit. Nie sk\u0142ada jeszcze \u017cadnych \u015blub\u00f3w. G\u0142\u00f3wnym zadaniem postulanta jest odpowiedzie\u0107 sobie na pytanie \u201ekim jestem?\u201d. Innymi s\u0142owy, jest to czas odkrywania swojego powo\u0142ania. Postulat trwa oko\u0142o roku czasu i ko\u0144czy si\u0119 \u201eob\u0142\u00f3czynami\u201d, podczas kt\u00f3rych postulant otrzymuje zakonny habit i wybiera sobie imi\u0119 zakonne, jednak\u017ce nie sk\u0142ada jeszcze \u017cadnych \u015blub\u00f3w. <strong>Obecnie postulat odbywa si\u0119 we Wschowie. <\/strong><\/p>\n<p><strong><span style=\"color: #ff0000;\"><u>Nowicjat<\/u><\/span><br \/>\n<\/strong>Nowicjat trwa rok czasu i jest okresem, w kt\u00f3rym nowicjusz rozpoczyna \u017cycie w Zakonie, stara si\u0119 lepiej zrozumie\u0107 i pog\u0142\u0119bi\u0107 osobist\u0105 decyzj\u0119 na\u015bladowania Jezusa Chrystusa w Ko\u015bciele i dzisiejszym \u015bwiecie w duchu \u015bw. Franciszka oraz coraz g\u0142\u0119biej poznaje i praktykuje franciszka\u0144ski spos\u00f3b \u017cycia.<br \/>\nNowicjusz nie sk\u0142ada jeszcze \u015blub\u00f3w zakonnych (pos\u0142usze\u0144stwa, ub\u00f3stwa i czysto\u015bci), ale sie do nich przygotowuje. Uwie\u0144czeniem nowicjatu jest w\u0142a\u015bnie ceremonia z\u0142o\u017cenia pierwszych \u015blub\u00f3w zakonnych (czasowych) na okres jednego roku. Bracia nowicjusze podobnie jak bracia postulanci \u017cyj\u0105 pod kierownictwem wychowawcy (ojca magistra).<br \/>\n<strong>Obecnie nowicjat odbywa si\u0119 w Osiecznej k. Leszna.<\/strong><\/p>\n<p><span style=\"color: #ff0000;\"><strong><u>Wy\u017csze Seminarium Duchowne<\/u><\/strong><\/span><br \/>\nBracia, kt\u00f3rzy pragn\u0105 przyj\u0105\u0107 \u015bwi\u0119cenia kap\u0142a\u0144skie, musz\u0105 uko\u0144czy\u0107 <strong>Wy\u017csze Seminarium Duchowne, we Wronkach,<\/strong> i kt\u00f3re przynale\u017cy do Uniwerstytetu im. Adama Mickiewicza w Poznaniu. Studia w seminarium trwaj\u0105 &#8211; tak jak innych seminariach &#8211; 6 lat (2 lata filozofii i 4 lata teologii) i ko\u0144czy si\u0119 je z tytu\u0142em magistra. Podczas studi\u00f3w alumni otrzymuj\u0105 pos\u0142ugi lektoratu i akolitatu. Na pi\u0105tym roku bracia sk\u0142adaj\u0105 \u015bluby wieczyste po kt\u00f3rych otrzymuj\u0105 \u015bwi\u0119cenia diakonatu. Bracia podczas tych studi\u00f3w przygotowywani s\u0105 do pos\u0142ugi duszpasterskiej tak\u017ce od strony praktycznej. Wyje\u017cd\u017caj\u0105 na r\u00f3\u017cnego typu rekolekcje, spotykaj\u0105 si\u0119 z m\u0142odzie\u017c\u0105, odwiedzaj\u0105 wi\u0119\u017ani\u00f3w, opiekuj\u0105 si\u0119 dzie\u0107mi niepe\u0142nosprawnymi, bior\u0105 udzia\u0142 w sympozjach.<br \/>\nNa zako\u0144czenie seminarium s\u0105 \u015bwi\u0119cenia kap\u0142a\u0144skie, po kt\u00f3rych m\u0142ody kap\u0142an zostaje wys\u0142any do jednego z naszych klasztor\u00f3w.<br \/>\n<u><br \/>\n<span style=\"color: #ff0000;\"><strong>Juniorat dla braci zakonnych<\/strong><\/span><\/u><br \/>\nPo pomy\u015blnie zako\u0144czonym Nowicjacie brat, kt\u00f3ry chce realizowa\u0107 swoje powo\u0142anie jako nie-kap\u0142an, ale jako brat zakonny, skierowany jest do Junioratu. Ten dwuletni etap formacji, po nowicjacie ma na celu przygotowanie intelektualne i praktyczne braci do s\u0142u\u017cby Bogu i ludziom w konkretnych klasztorach. <strong>Obecnie juniorat odbywa si\u0119 we Wronkach.<br \/>\n<\/strong><br \/>\n<span style=\"color: #ff0000;\"><strong><u>Formacja ci\u0105g\u0142a<\/u><\/strong><\/span><strong><br \/>\n<\/strong>Formacja ci\u0105g\u0142a jest to droga ca\u0142ego \u017cycia, zar\u00f3wno osobistego, jak i wsp\u00f3lnotowego. W czasie tej drogi przymioty osobiste, \u015bwiadectwo ewangeliczne i umacnianie si\u0119 w powo\u0142aniu podlegaj\u0105 nieustannemu rozwojowi, wed\u0142ug wzoru \u015bw. Franciszka, kt\u00f3ry nie przestaje nas zach\u0119ca\u0107, aby\u015bmy zawsze na nowo \u201ezaczynali czyni\u0107 dobro\u201d (KG 135).<br \/>\nFormacja ci\u0105g\u0142a, wspierana na fundamencie duchowo\u015bci franciszka\u0144skiej, ma na uwadze integralny wymiar osobowo\u015bci brata mniejszego i powinna przyczynia\u0107 si\u0119 do jego rozwoju pod ka\u017cdym wzgl\u0119dem (por. KG 136).<\/p>\n<p><span style=\"color: #ff0000;\"><strong><u>Kontakt:<\/u><\/strong><\/span><br \/>\n<strong>Kuria Prowincjalna:<\/strong><br \/>\nZakon Braci Mniejszych-Franciszkan\u00f3w Prowincja \u015bw. Franciszka z Asy\u017cu<br \/>\nul. Garbary 22<br \/>\n61-867 Pozna\u0144<br \/>\n<strong>tel.<\/strong> (061) 85 12 600<br \/>\n<strong>fax <\/strong>(061) 85 12 660<br \/>\n<strong>e-mail:<\/strong><a href=\"mailto:kuria@franciszkanie.net\">kuria@franciszkanie.net<\/a><\/p>\n<p><span style=\"color: #ff0000;\"><strong><u>Duszpasterz powo\u0142a\u0144:<\/u><\/strong><\/span><br \/>\n<strong>e-mail:<\/strong><a href=\"mailto:powolanie@franciszkanie.net\">powolanie@franciszkanie.net<\/a><br \/>\n<strong><br \/>\n<\/strong><span style=\"color: #ff0000;\"><strong>Aby wst\u0105pi\u0107 do naszego Zakonu nale\u017cy z\u0142o\u017cy\u0107 nast\u0119puj\u0105ce dokumenty:<\/strong> <\/span><u><br \/>\n<\/u><strong>\u2022 Pro\u015bba o przyj\u0119cie napisana w\u0142asnor\u0119cznie <\/strong><br \/>\n<strong>\u2022 W\u0142asnor\u0119cznie napisany \u017cyciorys <\/strong><br \/>\n<strong>\u2022 \u015awiadectwo o niekaralno\u015bci <\/strong><br \/>\n<strong>\u2022 \u015awiadectwo chrztu i bierzmowania <\/strong><br \/>\n<strong>\u2022 Metryka urodzenia <\/strong><br \/>\n<strong>\u2022 \u015awiadectwo uko\u0144czenia szko\u0142y i katechizacji <\/strong><br \/>\n<strong>\u2022 Opinia ks. proboszcza <\/strong><br \/>\n<strong>\u2022 \u015awiadectwo lekarskie <\/strong><br \/>\n<strong>\u2022 Trzy zdj\u0119cia ma\u0142ego formatu<\/strong><\/p>\n","protected":false},"excerpt":{"rendered":"<p>\u201eRegu\u0142a i \u017cycie braci mniejszych polega na zachowaniu \u015bwi\u0119tej Ewangelii Pana naszego Jezusa Chrystusa przez \u017cycie w pos\u0142usze\u0144stwie, bez w\u0142asno\u015bci i w czysto\u015bci\u201d. z Regu\u0142y \u015bw. Franciszka z Asy\u017cu Kuria naszej Prowincji Zakonnej pw. \u015bw. Franciszka z Asy\u017cu z siedzib\u0105 w Poznaniu przyjmuje kandydat\u00f3w do Zakonu: na kap\u0142an\u00f3w po maturze oraz na braci zakonnych przynajmniej &hellip;<\/p>\n","protected":false},"author":5,"featured_media":0,"parent":0,"menu_order":0,"comment_status":"closed","ping_status":"closed","template":"","meta":{"_mi_skip_tracking":false,"_exactmetrics_sitenote_active":false,"_exactmetrics_sitenote_note":"","_exactmetrics_sitenote_category":0},"yoast_head":"<!-- This site is optimized with the Yoast SEO plugin v18.1 - https:\/\/yoast.com\/wordpress\/plugins\/seo\/ -->\n<title>ZAKON BRACI MNIEJSZYCH - FRANCISZKAN\u00d3W - Pako\u015b\u0107 \u2013 Kalwaria<\/title>\n<meta name=\"robots\" content=\"index, follow, max-snippet:-1, max-image-preview:large, max-video-preview:-1\" \/>\n<link rel=\"canonical\" href=\"https:\/\/pakosc-kalwaria.franciszkanie.net\/index.php\/zakon-braci-mniejszych-franciszkanow\/\" \/>\n<meta property=\"og:locale\" content=\"pl_PL\" \/>\n<meta property=\"og:type\" content=\"article\" \/>\n<meta property=\"og:title\" content=\"ZAKON BRACI MNIEJSZYCH - FRANCISZKAN\u00d3W - Pako\u015b\u0107 \u2013 Kalwaria\" \/>\n<meta property=\"og:description\" content=\"\u201eRegu\u0142a i \u017cycie braci mniejszych polega na zachowaniu \u015bwi\u0119tej Ewangelii Pana naszego Jezusa Chrystusa przez \u017cycie w pos\u0142usze\u0144stwie, bez w\u0142asno\u015bci i w czysto\u015bci\u201d. z Regu\u0142y \u015bw. Franciszka z Asy\u017cu Kuria naszej Prowincji Zakonnej pw. \u015bw. Franciszka z Asy\u017cu z siedzib\u0105 w Poznaniu przyjmuje kandydat\u00f3w do Zakonu: na kap\u0142an\u00f3w po maturze oraz na braci zakonnych przynajmniej &hellip;\" \/>\n<meta property=\"og:url\" content=\"https:\/\/pakosc-kalwaria.franciszkanie.net\/index.php\/zakon-braci-mniejszych-franciszkanow\/\" \/>\n<meta property=\"og:site_name\" content=\"Pako\u015b\u0107 \u2013 Kalwaria\" \/>\n<meta property=\"article:modified_time\" content=\"2019-10-20T06:31:03+00:00\" \/>\n<meta name=\"twitter:card\" content=\"summary\" \/>\n<meta name=\"twitter:label1\" content=\"Szacowany czas czytania\" \/>\n\t<meta name=\"twitter:data1\" content=\"4 minuty\" \/>\n<script type=\"application\/ld+json\" class=\"yoast-schema-graph\">{\"@context\":\"https:\/\/schema.org\",\"@graph\":[{\"@type\":\"WebSite\",\"@id\":\"https:\/\/pakosc-kalwaria.franciszkanie.net\/#website\",\"url\":\"https:\/\/pakosc-kalwaria.franciszkanie.net\/\",\"name\":\"Pako\u015b\u0107 \u2013 Kalwaria\",\"description\":\"Parafia Rzymsko \u2013 Katolicka p.w. Pana Jezusa Ukrzy\u017cowanego i  Matki Bo\u017cej Bolesnej ul. Barci\u0144ska 60, 88\u2013170 Pako\u015b\u0107 \u2013 Kalwaria\",\"potentialAction\":[{\"@type\":\"SearchAction\",\"target\":{\"@type\":\"EntryPoint\",\"urlTemplate\":\"https:\/\/pakosc-kalwaria.franciszkanie.net\/?s={search_term_string}\"},\"query-input\":\"required name=search_term_string\"}],\"inLanguage\":\"pl-PL\"},{\"@type\":\"WebPage\",\"@id\":\"https:\/\/pakosc-kalwaria.franciszkanie.net\/index.php\/zakon-braci-mniejszych-franciszkanow\/#webpage\",\"url\":\"https:\/\/pakosc-kalwaria.franciszkanie.net\/index.php\/zakon-braci-mniejszych-franciszkanow\/\",\"name\":\"ZAKON BRACI MNIEJSZYCH - FRANCISZKAN\u00d3W - Pako\u015b\u0107 \u2013 Kalwaria\",\"isPartOf\":{\"@id\":\"https:\/\/pakosc-kalwaria.franciszkanie.net\/#website\"},\"datePublished\":\"2016-07-15T12:02:03+00:00\",\"dateModified\":\"2019-10-20T06:31:03+00:00\",\"breadcrumb\":{\"@id\":\"https:\/\/pakosc-kalwaria.franciszkanie.net\/index.php\/zakon-braci-mniejszych-franciszkanow\/#breadcrumb\"},\"inLanguage\":\"pl-PL\",\"potentialAction\":[{\"@type\":\"ReadAction\",\"target\":[\"https:\/\/pakosc-kalwaria.franciszkanie.net\/index.php\/zakon-braci-mniejszych-franciszkanow\/\"]}]},{\"@type\":\"BreadcrumbList\",\"@id\":\"https:\/\/pakosc-kalwaria.franciszkanie.net\/index.php\/zakon-braci-mniejszych-franciszkanow\/#breadcrumb\",\"itemListElement\":[{\"@type\":\"ListItem\",\"position\":1,\"name\":\"Strona g\u0142\u00f3wna\",\"item\":\"https:\/\/pakosc-kalwaria.franciszkanie.net\/\"},{\"@type\":\"ListItem\",\"position\":2,\"name\":\"ZAKON BRACI MNIEJSZYCH &#8211; FRANCISZKAN\u00d3W\"}]}]}<\/script>\n<!-- \/ Yoast SEO plugin. -->","yoast_head_json":{"title":"ZAKON BRACI MNIEJSZYCH - FRANCISZKAN\u00d3W - Pako\u015b\u0107 \u2013 Kalwaria","robots":{"index":"index","follow":"follow","max-snippet":"max-snippet:-1","max-image-preview":"max-image-preview:large","max-video-preview":"max-video-preview:-1"},"canonical":"https:\/\/pakosc-kalwaria.franciszkanie.net\/index.php\/zakon-braci-mniejszych-franciszkanow\/","og_locale":"pl_PL","og_type":"article","og_title":"ZAKON BRACI MNIEJSZYCH - FRANCISZKAN\u00d3W - Pako\u015b\u0107 \u2013 Kalwaria","og_description":"\u201eRegu\u0142a i \u017cycie braci mniejszych polega na zachowaniu \u015bwi\u0119tej Ewangelii Pana naszego Jezusa Chrystusa przez \u017cycie w pos\u0142usze\u0144stwie, bez w\u0142asno\u015bci i w czysto\u015bci\u201d. z Regu\u0142y \u015bw. Franciszka z Asy\u017cu Kuria naszej Prowincji Zakonnej pw. \u015bw. Franciszka z Asy\u017cu z siedzib\u0105 w Poznaniu przyjmuje kandydat\u00f3w do Zakonu: na kap\u0142an\u00f3w po maturze oraz na braci zakonnych przynajmniej &hellip;","og_url":"https:\/\/pakosc-kalwaria.franciszkanie.net\/index.php\/zakon-braci-mniejszych-franciszkanow\/","og_site_name":"Pako\u015b\u0107 \u2013 Kalwaria","article_modified_time":"2019-10-20T06:31:03+00:00","twitter_card":"summary","twitter_misc":{"Szacowany czas czytania":"4 minuty"},"schema":{"@context":"https:\/\/schema.org","@graph":[{"@type":"WebSite","@id":"https:\/\/pakosc-kalwaria.franciszkanie.net\/#website","url":"https:\/\/pakosc-kalwaria.franciszkanie.net\/","name":"Pako\u015b\u0107 \u2013 Kalwaria","description":"Parafia Rzymsko \u2013 Katolicka p.w. Pana Jezusa Ukrzy\u017cowanego i  Matki Bo\u017cej Bolesnej ul. Barci\u0144ska 60, 88\u2013170 Pako\u015b\u0107 \u2013 Kalwaria","potentialAction":[{"@type":"SearchAction","target":{"@type":"EntryPoint","urlTemplate":"https:\/\/pakosc-kalwaria.franciszkanie.net\/?s={search_term_string}"},"query-input":"required name=search_term_string"}],"inLanguage":"pl-PL"},{"@type":"WebPage","@id":"https:\/\/pakosc-kalwaria.franciszkanie.net\/index.php\/zakon-braci-mniejszych-franciszkanow\/#webpage","url":"https:\/\/pakosc-kalwaria.franciszkanie.net\/index.php\/zakon-braci-mniejszych-franciszkanow\/","name":"ZAKON BRACI MNIEJSZYCH - FRANCISZKAN\u00d3W - Pako\u015b\u0107 \u2013 Kalwaria","isPartOf":{"@id":"https:\/\/pakosc-kalwaria.franciszkanie.net\/#website"},"datePublished":"2016-07-15T12:02:03+00:00","dateModified":"2019-10-20T06:31:03+00:00","breadcrumb":{"@id":"https:\/\/pakosc-kalwaria.franciszkanie.net\/index.php\/zakon-braci-mniejszych-franciszkanow\/#breadcrumb"},"inLanguage":"pl-PL","potentialAction":[{"@type":"ReadAction","target":["https:\/\/pakosc-kalwaria.franciszkanie.net\/index.php\/zakon-braci-mniejszych-franciszkanow\/"]}]},{"@type":"BreadcrumbList","@id":"https:\/\/pakosc-kalwaria.franciszkanie.net\/index.php\/zakon-braci-mniejszych-franciszkanow\/#breadcrumb","itemListElement":[{"@type":"ListItem","position":1,"name":"Strona g\u0142\u00f3wna","item":"https:\/\/pakosc-kalwaria.franciszkanie.net\/"},{"@type":"ListItem","position":2,"name":"ZAKON BRACI MNIEJSZYCH &#8211; FRANCISZKAN\u00d3W"}]}]}},"_links":{"self":[{"href":"https:\/\/pakosc-kalwaria.franciszkanie.net\/index.php\/wp-json\/wp\/v2\/pages\/147"}],"collection":[{"href":"https:\/\/pakosc-kalwaria.franciszkanie.net\/index.php\/wp-json\/wp\/v2\/pages"}],"about":[{"href":"https:\/\/pakosc-kalwaria.franciszkanie.net\/index.php\/wp-json\/wp\/v2\/types\/page"}],"author":[{"embeddable":true,"href":"https:\/\/pakosc-kalwaria.franciszkanie.net\/index.php\/wp-json\/wp\/v2\/users\/5"}],"replies":[{"embeddable":true,"href":"https:\/\/pakosc-kalwaria.franciszkanie.net\/index.php\/wp-json\/wp\/v2\/comments?post=147"}],"version-history":[{"count":5,"href":"https:\/\/pakosc-kalwaria.franciszkanie.net\/index.php\/wp-json\/wp\/v2\/pages\/147\/revisions"}],"predecessor-version":[{"id":10836,"href":"https:\/\/pakosc-kalwaria.franciszkanie.net\/index.php\/wp-json\/wp\/v2\/pages\/147\/revisions\/10836"}],"wp:attachment":[{"href":"https:\/\/pakosc-kalwaria.franciszkanie.net\/index.php\/wp-json\/wp\/v2\/media?parent=147"}],"curies":[{"name":"wp","href":"https:\/\/api.w.org\/{rel}","templated":true}]}}