{"id":1687,"date":"2017-03-10T11:48:31","date_gmt":"2017-03-10T10:48:31","guid":{"rendered":"http:\/\/pakosc-kalwaria.franciszkanie.net\/?page_id=1687"},"modified":"2017-03-13T13:15:09","modified_gmt":"2017-03-13T12:15:09","slug":"franciszkanski-ruch-apostolski","status":"publish","type":"page","link":"https:\/\/pakosc-kalwaria.franciszkanie.net\/index.php\/franciszkanski-ruch-apostolski\/","title":{"rendered":"FRANCISZKA\u0143SKI RUCH APOSTOLSKI"},"content":{"rendered":"<p><span style=\"color: #ff0000;\"><strong>Spotkania FRA odbywaj\u0105 si\u0119 w pi\u0105tki w klasztorze Franciszkan\u00f3w przy parafii \u015bw. Bonawentury w Pako\u015bci:<\/strong><\/span><br \/>\n<strong>&#8211; o 18.00 &#8211; Msza \u015bw. w ko\u015bciele<\/strong><br \/>\n<strong> &#8211; po Mszy \u015bw. spotkanie formacyjne w klasztorze<\/strong><br \/>\n<strong>M\u0142odzie\u017c zainteresowan\u0105 duchowo\u015bci\u0105 \u015bw. Franciszka z Asy\u017cu na spotkania serdecznie zapraszamy!<\/strong><\/p>\n<p><strong><br \/>\n<span style=\"text-decoration: underline; color: #ff0000;\">Franciszka\u0144ski Ruch Apostolski (FRA)<\/span><br \/>\n<\/strong>FRA jest wsp\u00f3lnot\u0105 ludzi m\u0142odych, g\u0142\u00f3wnie w wieku gimnazjalnym i ponadgimnazjalnym, pragn\u0105cych bli\u017cej pozna\u0107 Jezusa Chrystusa w duchu \u015bw. Franciszka z Asy\u017cu.<br \/>\nFRA tworz\u0105 wsp\u00f3lnoty dzia\u0142aj\u0105ce najcz\u0119\u015bciej przy naszych franciszka\u0144skich klasztorach w r\u00f3\u017cnych miejscowo\u015bciach w naszej Prowincji Zakonnej pw. \u015bw. Franciszka z Asy\u017cu.<br \/>\n<strong>Formacja we FRA: odbywa si\u0119 w trakcie cotygodniowych spotka\u0144 wsp\u00f3lnoty lokalnej FRA, dni braterstwa i dnia skupienia oraz letnich rekolekcji apostolskich.<br \/>\nFormacja we FRA obejmuje trzy p\u0142aszczyzny: ludzk\u0105, chrze\u015bcija\u0144sk\u0105 i franciszka\u0144sk\u0105.<\/strong><br \/>\n<strong>We FRA wyr\u00f3\u017cniamy trzy etapy formacji: formacj\u0119 wst\u0119pn\u0105, formacj\u0119 przygotowuj\u0105c\u0105 do przyrzecze\u0144 i formacj\u0119 ci\u0105g\u0142\u0105. Ka\u017cdy z tych etap\u00f3w ko\u0144czy si\u0119 uczestnictwem w odpowiednich letnich rekolekcjach.<\/strong><br \/>\nM\u0142odzie\u017c FRA uczestniczy r\u00f3wnie\u017c w Mszach \u015bw., adoracjach Naj\u015bwi\u0119tszego Sakramentu oraz w innych spotkaniach modlitewnych. W ramach spotka\u0144 FRA jest r\u00f3wnie\u017c czas na rekreacj\u0119, zabaw\u0119 i \u015bpiew. Wsp\u00f3lnota jest te\u017c bardzo dobr\u0105 okazj\u0105 do poznania siebie.<br \/>\nM\u0142odzie\u017c FRA anga\u017cuje si\u0119 r\u00f3wnie\u017c w dzie\u0142a apostolskie na terenie Parafii, ze szczeg\u00f3ln\u0105 trosk\u0105 o osoby chore i starsze.<br \/>\nM\u0142odzie\u017c FRA bierze udzia\u0142 r\u00f3wnie\u017c w <strong>Dniach Braterstwa<\/strong>, czyli 2-3 dniowych spotkaniach bratersko &#8211; modlitewnych dla ca\u0142ego FRA, kt\u00f3re 3 razy w roku odbywaj\u0105 si\u0119 w r\u00f3\u017cnych miejscowo\u015bciach przy naszych klasztorach.<br \/>\nM\u0142odzie\u017c FRA ma r\u00f3wnie\u017c okazj\u0119 by w czasie letnich wakacji wyjecha\u0107 na 10 &#8211; dniowe rekolekcje zwane <strong>Alwerniami.<\/strong><\/p>\n","protected":false},"excerpt":{"rendered":"<p>Spotkania FRA odbywaj\u0105 si\u0119 w pi\u0105tki w klasztorze Franciszkan\u00f3w przy parafii \u015bw. Bonawentury w Pako\u015bci: &#8211; o 18.00 &#8211; Msza \u015bw. w ko\u015bciele &#8211; po Mszy \u015bw. spotkanie formacyjne w klasztorze M\u0142odzie\u017c zainteresowan\u0105 duchowo\u015bci\u0105 \u015bw. Franciszka z Asy\u017cu na spotkania serdecznie zapraszamy! Franciszka\u0144ski Ruch Apostolski (FRA) FRA jest wsp\u00f3lnot\u0105 ludzi m\u0142odych, g\u0142\u00f3wnie w wieku gimnazjalnym &hellip;<\/p>\n","protected":false},"author":5,"featured_media":1703,"parent":0,"menu_order":0,"comment_status":"closed","ping_status":"closed","template":"","meta":{"_mi_skip_tracking":false,"_exactmetrics_sitenote_active":false,"_exactmetrics_sitenote_note":"","_exactmetrics_sitenote_category":0},"yoast_head":"<!-- This site is optimized with the Yoast SEO plugin v18.1 - https:\/\/yoast.com\/wordpress\/plugins\/seo\/ -->\n<title>FRANCISZKA\u0143SKI RUCH APOSTOLSKI - Pako\u015b\u0107 \u2013 Kalwaria<\/title>\n<meta name=\"robots\" content=\"index, follow, max-snippet:-1, max-image-preview:large, max-video-preview:-1\" \/>\n<link rel=\"canonical\" href=\"https:\/\/pakosc-kalwaria.franciszkanie.net\/index.php\/franciszkanski-ruch-apostolski\/\" \/>\n<meta property=\"og:locale\" content=\"pl_PL\" \/>\n<meta property=\"og:type\" content=\"article\" \/>\n<meta property=\"og:title\" content=\"FRANCISZKA\u0143SKI RUCH APOSTOLSKI - Pako\u015b\u0107 \u2013 Kalwaria\" \/>\n<meta property=\"og:description\" content=\"Spotkania FRA odbywaj\u0105 si\u0119 w pi\u0105tki w klasztorze Franciszkan\u00f3w przy parafii \u015bw. Bonawentury w Pako\u015bci: &#8211; o 18.00 &#8211; Msza \u015bw. w ko\u015bciele &#8211; po Mszy \u015bw. spotkanie formacyjne w klasztorze M\u0142odzie\u017c zainteresowan\u0105 duchowo\u015bci\u0105 \u015bw. Franciszka z Asy\u017cu na spotkania serdecznie zapraszamy! Franciszka\u0144ski Ruch Apostolski (FRA) FRA jest wsp\u00f3lnot\u0105 ludzi m\u0142odych, g\u0142\u00f3wnie w wieku gimnazjalnym &hellip;\" \/>\n<meta property=\"og:url\" content=\"https:\/\/pakosc-kalwaria.franciszkanie.net\/index.php\/franciszkanski-ruch-apostolski\/\" \/>\n<meta property=\"og:site_name\" content=\"Pako\u015b\u0107 \u2013 Kalwaria\" \/>\n<meta property=\"article:modified_time\" content=\"2017-03-13T12:15:09+00:00\" \/>\n<meta property=\"og:image\" content=\"https:\/\/pakosc-kalwaria.franciszkanie.net\/wp-content\/uploads\/2017\/03\/1412095443_2_f.jpg\" \/>\n\t<meta property=\"og:image:width\" content=\"200\" \/>\n\t<meta property=\"og:image:height\" content=\"268\" \/>\n\t<meta property=\"og:image:type\" content=\"image\/jpeg\" \/>\n<meta name=\"twitter:card\" content=\"summary\" \/>\n<meta name=\"twitter:label1\" content=\"Szacowany czas czytania\" \/>\n\t<meta name=\"twitter:data1\" content=\"2 minuty\" \/>\n<script type=\"application\/ld+json\" class=\"yoast-schema-graph\">{\"@context\":\"https:\/\/schema.org\",\"@graph\":[{\"@type\":\"WebSite\",\"@id\":\"https:\/\/pakosc-kalwaria.franciszkanie.net\/#website\",\"url\":\"https:\/\/pakosc-kalwaria.franciszkanie.net\/\",\"name\":\"Pako\u015b\u0107 \u2013 Kalwaria\",\"description\":\"Parafia Rzymsko \u2013 Katolicka p.w. Pana Jezusa Ukrzy\u017cowanego i  Matki Bo\u017cej Bolesnej ul. Barci\u0144ska 60, 88\u2013170 Pako\u015b\u0107 \u2013 Kalwaria\",\"potentialAction\":[{\"@type\":\"SearchAction\",\"target\":{\"@type\":\"EntryPoint\",\"urlTemplate\":\"https:\/\/pakosc-kalwaria.franciszkanie.net\/?s={search_term_string}\"},\"query-input\":\"required name=search_term_string\"}],\"inLanguage\":\"pl-PL\"},{\"@type\":\"ImageObject\",\"@id\":\"https:\/\/pakosc-kalwaria.franciszkanie.net\/index.php\/franciszkanski-ruch-apostolski\/#primaryimage\",\"inLanguage\":\"pl-PL\",\"url\":\"https:\/\/pakosc-kalwaria.franciszkanie.net\/wp-content\/uploads\/2017\/03\/1412095443_2_f.jpg\",\"contentUrl\":\"https:\/\/pakosc-kalwaria.franciszkanie.net\/wp-content\/uploads\/2017\/03\/1412095443_2_f.jpg\",\"width\":200,\"height\":268},{\"@type\":\"WebPage\",\"@id\":\"https:\/\/pakosc-kalwaria.franciszkanie.net\/index.php\/franciszkanski-ruch-apostolski\/#webpage\",\"url\":\"https:\/\/pakosc-kalwaria.franciszkanie.net\/index.php\/franciszkanski-ruch-apostolski\/\",\"name\":\"FRANCISZKA\u0143SKI RUCH APOSTOLSKI - Pako\u015b\u0107 \u2013 Kalwaria\",\"isPartOf\":{\"@id\":\"https:\/\/pakosc-kalwaria.franciszkanie.net\/#website\"},\"primaryImageOfPage\":{\"@id\":\"https:\/\/pakosc-kalwaria.franciszkanie.net\/index.php\/franciszkanski-ruch-apostolski\/#primaryimage\"},\"datePublished\":\"2017-03-10T10:48:31+00:00\",\"dateModified\":\"2017-03-13T12:15:09+00:00\",\"breadcrumb\":{\"@id\":\"https:\/\/pakosc-kalwaria.franciszkanie.net\/index.php\/franciszkanski-ruch-apostolski\/#breadcrumb\"},\"inLanguage\":\"pl-PL\",\"potentialAction\":[{\"@type\":\"ReadAction\",\"target\":[\"https:\/\/pakosc-kalwaria.franciszkanie.net\/index.php\/franciszkanski-ruch-apostolski\/\"]}]},{\"@type\":\"BreadcrumbList\",\"@id\":\"https:\/\/pakosc-kalwaria.franciszkanie.net\/index.php\/franciszkanski-ruch-apostolski\/#breadcrumb\",\"itemListElement\":[{\"@type\":\"ListItem\",\"position\":1,\"name\":\"Strona g\u0142\u00f3wna\",\"item\":\"https:\/\/pakosc-kalwaria.franciszkanie.net\/\"},{\"@type\":\"ListItem\",\"position\":2,\"name\":\"FRANCISZKA\u0143SKI RUCH APOSTOLSKI\"}]}]}<\/script>\n<!-- \/ Yoast SEO plugin. -->","yoast_head_json":{"title":"FRANCISZKA\u0143SKI RUCH APOSTOLSKI - Pako\u015b\u0107 \u2013 Kalwaria","robots":{"index":"index","follow":"follow","max-snippet":"max-snippet:-1","max-image-preview":"max-image-preview:large","max-video-preview":"max-video-preview:-1"},"canonical":"https:\/\/pakosc-kalwaria.franciszkanie.net\/index.php\/franciszkanski-ruch-apostolski\/","og_locale":"pl_PL","og_type":"article","og_title":"FRANCISZKA\u0143SKI RUCH APOSTOLSKI - Pako\u015b\u0107 \u2013 Kalwaria","og_description":"Spotkania FRA odbywaj\u0105 si\u0119 w pi\u0105tki w klasztorze Franciszkan\u00f3w przy parafii \u015bw. Bonawentury w Pako\u015bci: &#8211; o 18.00 &#8211; Msza \u015bw. w ko\u015bciele &#8211; po Mszy \u015bw. spotkanie formacyjne w klasztorze M\u0142odzie\u017c zainteresowan\u0105 duchowo\u015bci\u0105 \u015bw. Franciszka z Asy\u017cu na spotkania serdecznie zapraszamy! Franciszka\u0144ski Ruch Apostolski (FRA) FRA jest wsp\u00f3lnot\u0105 ludzi m\u0142odych, g\u0142\u00f3wnie w wieku gimnazjalnym &hellip;","og_url":"https:\/\/pakosc-kalwaria.franciszkanie.net\/index.php\/franciszkanski-ruch-apostolski\/","og_site_name":"Pako\u015b\u0107 \u2013 Kalwaria","article_modified_time":"2017-03-13T12:15:09+00:00","og_image":[{"width":200,"height":268,"url":"https:\/\/pakosc-kalwaria.franciszkanie.net\/wp-content\/uploads\/2017\/03\/1412095443_2_f.jpg","type":"image\/jpeg"}],"twitter_card":"summary","twitter_misc":{"Szacowany czas czytania":"2 minuty"},"schema":{"@context":"https:\/\/schema.org","@graph":[{"@type":"WebSite","@id":"https:\/\/pakosc-kalwaria.franciszkanie.net\/#website","url":"https:\/\/pakosc-kalwaria.franciszkanie.net\/","name":"Pako\u015b\u0107 \u2013 Kalwaria","description":"Parafia Rzymsko \u2013 Katolicka p.w. Pana Jezusa Ukrzy\u017cowanego i  Matki Bo\u017cej Bolesnej ul. Barci\u0144ska 60, 88\u2013170 Pako\u015b\u0107 \u2013 Kalwaria","potentialAction":[{"@type":"SearchAction","target":{"@type":"EntryPoint","urlTemplate":"https:\/\/pakosc-kalwaria.franciszkanie.net\/?s={search_term_string}"},"query-input":"required name=search_term_string"}],"inLanguage":"pl-PL"},{"@type":"ImageObject","@id":"https:\/\/pakosc-kalwaria.franciszkanie.net\/index.php\/franciszkanski-ruch-apostolski\/#primaryimage","inLanguage":"pl-PL","url":"https:\/\/pakosc-kalwaria.franciszkanie.net\/wp-content\/uploads\/2017\/03\/1412095443_2_f.jpg","contentUrl":"https:\/\/pakosc-kalwaria.franciszkanie.net\/wp-content\/uploads\/2017\/03\/1412095443_2_f.jpg","width":200,"height":268},{"@type":"WebPage","@id":"https:\/\/pakosc-kalwaria.franciszkanie.net\/index.php\/franciszkanski-ruch-apostolski\/#webpage","url":"https:\/\/pakosc-kalwaria.franciszkanie.net\/index.php\/franciszkanski-ruch-apostolski\/","name":"FRANCISZKA\u0143SKI RUCH APOSTOLSKI - Pako\u015b\u0107 \u2013 Kalwaria","isPartOf":{"@id":"https:\/\/pakosc-kalwaria.franciszkanie.net\/#website"},"primaryImageOfPage":{"@id":"https:\/\/pakosc-kalwaria.franciszkanie.net\/index.php\/franciszkanski-ruch-apostolski\/#primaryimage"},"datePublished":"2017-03-10T10:48:31+00:00","dateModified":"2017-03-13T12:15:09+00:00","breadcrumb":{"@id":"https:\/\/pakosc-kalwaria.franciszkanie.net\/index.php\/franciszkanski-ruch-apostolski\/#breadcrumb"},"inLanguage":"pl-PL","potentialAction":[{"@type":"ReadAction","target":["https:\/\/pakosc-kalwaria.franciszkanie.net\/index.php\/franciszkanski-ruch-apostolski\/"]}]},{"@type":"BreadcrumbList","@id":"https:\/\/pakosc-kalwaria.franciszkanie.net\/index.php\/franciszkanski-ruch-apostolski\/#breadcrumb","itemListElement":[{"@type":"ListItem","position":1,"name":"Strona g\u0142\u00f3wna","item":"https:\/\/pakosc-kalwaria.franciszkanie.net\/"},{"@type":"ListItem","position":2,"name":"FRANCISZKA\u0143SKI RUCH APOSTOLSKI"}]}]}},"_links":{"self":[{"href":"https:\/\/pakosc-kalwaria.franciszkanie.net\/index.php\/wp-json\/wp\/v2\/pages\/1687"}],"collection":[{"href":"https:\/\/pakosc-kalwaria.franciszkanie.net\/index.php\/wp-json\/wp\/v2\/pages"}],"about":[{"href":"https:\/\/pakosc-kalwaria.franciszkanie.net\/index.php\/wp-json\/wp\/v2\/types\/page"}],"author":[{"embeddable":true,"href":"https:\/\/pakosc-kalwaria.franciszkanie.net\/index.php\/wp-json\/wp\/v2\/users\/5"}],"replies":[{"embeddable":true,"href":"https:\/\/pakosc-kalwaria.franciszkanie.net\/index.php\/wp-json\/wp\/v2\/comments?post=1687"}],"version-history":[{"count":3,"href":"https:\/\/pakosc-kalwaria.franciszkanie.net\/index.php\/wp-json\/wp\/v2\/pages\/1687\/revisions"}],"predecessor-version":[{"id":1704,"href":"https:\/\/pakosc-kalwaria.franciszkanie.net\/index.php\/wp-json\/wp\/v2\/pages\/1687\/revisions\/1704"}],"wp:featuredmedia":[{"embeddable":true,"href":"https:\/\/pakosc-kalwaria.franciszkanie.net\/index.php\/wp-json\/wp\/v2\/media\/1703"}],"wp:attachment":[{"href":"https:\/\/pakosc-kalwaria.franciszkanie.net\/index.php\/wp-json\/wp\/v2\/media?parent=1687"}],"curies":[{"name":"wp","href":"https:\/\/api.w.org\/{rel}","templated":true}]}}