{"id":170,"date":"2016-07-15T14:39:43","date_gmt":"2016-07-15T12:39:43","guid":{"rendered":"http:\/\/pakosc-kalwaria.franciszkanie.net\/?page_id=170"},"modified":"2023-10-09T10:49:41","modified_gmt":"2023-10-09T08:49:41","slug":"msze-sw-i-nabozenstwa","status":"publish","type":"page","link":"https:\/\/pakosc-kalwaria.franciszkanie.net\/index.php\/msze-sw-i-nabozenstwa\/","title":{"rendered":"MSZE \u015aW. I NABO\u017bE\u0143STWA"},"content":{"rendered":"<p><strong><span style=\"text-decoration: underline;\"><span style=\"color: #ff0000; text-decoration: underline;\">KO\u015aCI\u00d3\u0141 KALWARYJSKI<\/span> <\/span>&#8211; otwarty codziennie<br \/>\n<\/strong><\/p>\n<p><span style=\"text-decoration: underline;\"><strong><span style=\"color: #ff0000; text-decoration: underline;\">MSZE \u015aWI\u0118TE<\/span><\/strong><\/span><br \/>\n<strong>&#8211; w niedziele o 9.00, 11.00 i 16.00<\/strong><br \/>\n<strong>&#8211; w dni powszednie o 17.00<br \/>\n<\/strong><\/p>\n<p><strong><span style=\"color: #ff0000;\">R\u00d3\u017bANIEC<\/span> codziennie (pn-sob) o godz 16.25, w niedziel\u0119 o godz\u00a0 8.25<\/strong><\/p>\n<p><span style=\"color: #ff0000;\"><strong>W pi\u0105tki o 17.00 Msza \u015bw. w intencjach zbiorowych do Bo\u017cego Mi\u0142osierdzia<\/strong>.<\/span>\u00a0 Intencje mo\u017cna sk\u0142ada\u0107 przed Msz\u0105 \u015bw. w zakrystii lub do skarbonki w ko\u015bciele oraz przez<strong> &#8222;Skrzynk\u0119 na intencje&#8221;<\/strong> na naszej stronie internetowej.<br \/>\n<strong><span style=\"color: #ff0000;\"><br \/>\nW Pierwsze Czwartki\u00a0 Miesi\u0105ca <span style=\"color: #000000;\">od 18.00 &#8211; 19.00 <\/span><\/span><span style=\"color: #000000;\">a<\/span>doracja Naj\u015bwi\u0119tszego Sakramentu z okazj\u0105 do Spowiedzi \u015bw.<span style=\"color: #ff0000;\"><br \/>\nW Pierwsze Pi\u0105tki Miesi\u0105ca <span style=\"color: #000000;\">po Mszy \u015bw. o 17.00<\/span><\/span> nabo\u017ce\u0144stwo ku czci Naj\u015bwi\u0119tszego Serca Pana Jezusa przed Naj\u015bwi\u0119tszym Sakramentem.<br \/>\n<span style=\"color: #ff0000;\">W Pierwsze Soboty<\/span> Miesi\u0105ca o godz. 16.00 R\u00f3\u017caniec wynagradzaj\u0105cy Niepokalanemu Sercu Maryi oraz rozwa\u017canie.<br \/>\n<\/strong><\/p>\n<p><span style=\"color: #ff0000;\"><strong><span style=\"text-decoration: underline;\"><span style=\"color: #ff0000; text-decoration: underline;\">NABO\u017bE\u0143STWA<\/span><br \/>\n<\/span><\/strong><\/span><br \/>\n<strong>&#8211; we wtorki<\/strong> po Mszy \u015bw. o 17.00 &#8211; <strong>ku czci \u015bw. Antoniego z Padwy<\/strong> i uczczenie relikwii<br \/>\n<strong>&#8211; w \u015brody<\/strong> po Mszy \u015bw. o 17.00 &#8211; <strong>do Matki Bo\u017cej Nieustaj\u0105cej Pomocy<\/strong><br \/>\n<strong>&#8211; w czwartki<\/strong> po Mszy \u015bw. o 17.00 &#8211; <strong>ku czci \u015bw. Franciszka z Asy\u017cu<\/strong> i uczczenie relikwii<strong><br \/>\n<\/strong><\/p>\n<p><span style=\"text-decoration: underline;\"><span style=\"color: #ff0000; text-decoration: underline;\"><strong><br \/>\nODPUST PARAFIALNY (14 &#8211; 15 wrze\u015bnia)<\/strong><\/span><\/span><br \/>\n<strong><span style=\"color: #ff0000;\">14 wrze\u015bnia<\/span> ku czci Pana Jezusa Ukrzy\u017cowanego<\/strong><br \/>\n<strong><span style=\"color: #ff0000;\">15 wrze\u015bnia<\/span> ku czci Matki Bo\u017cej Bolesnej.<\/strong><\/p>\n<p><strong><span style=\"text-decoration: underline; color: #ff0000;\"><br \/>\nODPUSTY\u00a0 NA\u00a0 KALWARII\u00a0 PAKOSKIEJ:<\/span><\/strong><br \/>\n<strong><span style=\"color: #ff0000;\"> &#8211; Znalezienie Krzy\u017ca \u015awi\u0119tego<\/span> (3 maja) &#8211; <span style=\"color: #ff0000;\">Odpust obchodzony w niedziel\u0119 po 3 maja<\/span> &#8211; W niedziel\u0119 Suma Odpustowa o 12.00 przy o\u0142tarzu polowym.<br \/>\n<\/strong><br \/>\n<strong><span style=\"color: #ff0000;\"> &#8211; Podwy\u017cszenie Krzy\u017ca \u015awi\u0119tego<\/span> (14 wrze\u015bnia) &#8211; <span style=\"color: #ff0000;\">Odpust obchodzony w niedziel\u0119 po 14 wrze\u015bnia<\/span> &#8211; W niedziel\u0119 Suma Odpustowa o 12.00 przy o\u0142tarzu polowym.<br \/>\n<\/strong><\/p>\n<p><strong><span style=\"color: #ff0000;\"> &#8211; Odpust Emaus<\/span> &#8211; II dzie\u0144 \u015awi\u0105t Wielkanocnych (tradycyjne kulanie pomara\u0144czy)<\/strong><\/p>\n<p><strong><span style=\"color: #ff0000;\">&#8211; Odpust Wniebowst\u0105pienia Pa\u0144skiego<\/span> \u2013 Suma Odpustowa w niedziel\u0119 o 12.00 przy Kaplicy Wniebowst\u0105pienia<\/strong><br \/>\n<strong> <u><br \/>\n<\/u><span style=\"color: #ff0000;\">&#8211; Odpust w II Dzie\u0144 \u015awi\u0105t Zes\u0142ania Ducha \u015awi\u0119tego<\/span> \u2013 Suma Odpustowa w poniedzia\u0142ek o 10.00 przy Kaplicy Wieczernik<\/strong><\/p>\n<p><strong><span style=\"color: #ff0000;\"> &#8211; Odpust ku czci Najdro\u017cszej Krwi Chrystusa<\/span> \u2013 Suma Odpustowa 1 lipca o 10.00 przy Kaplicy Kajfasz \u2013 Wi\u0119zienie<\/strong><\/p>\n<p><strong><span style=\"color: #ff0000;\">\u00a0&#8211; Odpust ku czci Wniebowzi\u0119cia NMP<\/span> \u2013 Suma Odpustowa 15 sierpnia o 12.00 przy Kaplicy Wniebowzi\u0119cia NMP<\/strong><\/p>\n<p><strong><br \/>\nSerdecznie zapraszaj\u0105 Franciszkanie z Pako\u015bci &#8211; Kalwarii<\/strong><\/p>\n","protected":false},"excerpt":{"rendered":"<p>KO\u015aCI\u00d3\u0141 KALWARYJSKI &#8211; otwarty codziennie MSZE \u015aWI\u0118TE &#8211; w niedziele o 9.00, 11.00 i 16.00 &#8211; w dni powszednie o 17.00 R\u00d3\u017bANIEC codziennie (pn-sob) o godz 16.25, w niedziel\u0119 o godz\u00a0 8.25 W pi\u0105tki o 17.00 Msza \u015bw. w intencjach zbiorowych do Bo\u017cego Mi\u0142osierdzia.\u00a0 Intencje mo\u017cna sk\u0142ada\u0107 przed Msz\u0105 \u015bw. w zakrystii lub do skarbonki &hellip;<\/p>\n","protected":false},"author":5,"featured_media":0,"parent":0,"menu_order":0,"comment_status":"closed","ping_status":"closed","template":"","meta":{"_mi_skip_tracking":false,"_exactmetrics_sitenote_active":false,"_exactmetrics_sitenote_note":"","_exactmetrics_sitenote_category":0},"yoast_head":"<!-- This site is optimized with the Yoast SEO plugin v18.1 - https:\/\/yoast.com\/wordpress\/plugins\/seo\/ -->\n<title>MSZE \u015aW. I NABO\u017bE\u0143STWA - Pako\u015b\u0107 \u2013 Kalwaria<\/title>\n<meta name=\"robots\" content=\"index, follow, max-snippet:-1, max-image-preview:large, max-video-preview:-1\" \/>\n<link rel=\"canonical\" href=\"https:\/\/pakosc-kalwaria.franciszkanie.net\/index.php\/msze-sw-i-nabozenstwa\/\" \/>\n<meta property=\"og:locale\" content=\"pl_PL\" \/>\n<meta property=\"og:type\" content=\"article\" \/>\n<meta property=\"og:title\" content=\"MSZE \u015aW. I NABO\u017bE\u0143STWA - Pako\u015b\u0107 \u2013 Kalwaria\" \/>\n<meta property=\"og:description\" content=\"KO\u015aCI\u00d3\u0141 KALWARYJSKI &#8211; otwarty codziennie MSZE \u015aWI\u0118TE &#8211; w niedziele o 9.00, 11.00 i 16.00 &#8211; w dni powszednie o 17.00 R\u00d3\u017bANIEC codziennie (pn-sob) o godz 16.25, w niedziel\u0119 o godz\u00a0 8.25 W pi\u0105tki o 17.00 Msza \u015bw. w intencjach zbiorowych do Bo\u017cego Mi\u0142osierdzia.\u00a0 Intencje mo\u017cna sk\u0142ada\u0107 przed Msz\u0105 \u015bw. w zakrystii lub do skarbonki &hellip;\" \/>\n<meta property=\"og:url\" content=\"https:\/\/pakosc-kalwaria.franciszkanie.net\/index.php\/msze-sw-i-nabozenstwa\/\" \/>\n<meta property=\"og:site_name\" content=\"Pako\u015b\u0107 \u2013 Kalwaria\" \/>\n<meta property=\"article:modified_time\" content=\"2023-10-09T08:49:41+00:00\" \/>\n<meta name=\"twitter:card\" content=\"summary\" \/>\n<meta name=\"twitter:label1\" content=\"Szacowany czas czytania\" \/>\n\t<meta name=\"twitter:data1\" content=\"2 minuty\" \/>\n<script type=\"application\/ld+json\" class=\"yoast-schema-graph\">{\"@context\":\"https:\/\/schema.org\",\"@graph\":[{\"@type\":\"WebSite\",\"@id\":\"https:\/\/pakosc-kalwaria.franciszkanie.net\/#website\",\"url\":\"https:\/\/pakosc-kalwaria.franciszkanie.net\/\",\"name\":\"Pako\u015b\u0107 \u2013 Kalwaria\",\"description\":\"Parafia Rzymsko \u2013 Katolicka p.w. Pana Jezusa Ukrzy\u017cowanego i  Matki Bo\u017cej Bolesnej ul. Barci\u0144ska 60, 88\u2013170 Pako\u015b\u0107 \u2013 Kalwaria\",\"potentialAction\":[{\"@type\":\"SearchAction\",\"target\":{\"@type\":\"EntryPoint\",\"urlTemplate\":\"https:\/\/pakosc-kalwaria.franciszkanie.net\/?s={search_term_string}\"},\"query-input\":\"required name=search_term_string\"}],\"inLanguage\":\"pl-PL\"},{\"@type\":\"WebPage\",\"@id\":\"https:\/\/pakosc-kalwaria.franciszkanie.net\/index.php\/msze-sw-i-nabozenstwa\/#webpage\",\"url\":\"https:\/\/pakosc-kalwaria.franciszkanie.net\/index.php\/msze-sw-i-nabozenstwa\/\",\"name\":\"MSZE \u015aW. I NABO\u017bE\u0143STWA - Pako\u015b\u0107 \u2013 Kalwaria\",\"isPartOf\":{\"@id\":\"https:\/\/pakosc-kalwaria.franciszkanie.net\/#website\"},\"datePublished\":\"2016-07-15T12:39:43+00:00\",\"dateModified\":\"2023-10-09T08:49:41+00:00\",\"breadcrumb\":{\"@id\":\"https:\/\/pakosc-kalwaria.franciszkanie.net\/index.php\/msze-sw-i-nabozenstwa\/#breadcrumb\"},\"inLanguage\":\"pl-PL\",\"potentialAction\":[{\"@type\":\"ReadAction\",\"target\":[\"https:\/\/pakosc-kalwaria.franciszkanie.net\/index.php\/msze-sw-i-nabozenstwa\/\"]}]},{\"@type\":\"BreadcrumbList\",\"@id\":\"https:\/\/pakosc-kalwaria.franciszkanie.net\/index.php\/msze-sw-i-nabozenstwa\/#breadcrumb\",\"itemListElement\":[{\"@type\":\"ListItem\",\"position\":1,\"name\":\"Strona g\u0142\u00f3wna\",\"item\":\"https:\/\/pakosc-kalwaria.franciszkanie.net\/\"},{\"@type\":\"ListItem\",\"position\":2,\"name\":\"MSZE \u015aW. I NABO\u017bE\u0143STWA\"}]}]}<\/script>\n<!-- \/ Yoast SEO plugin. -->","yoast_head_json":{"title":"MSZE \u015aW. I NABO\u017bE\u0143STWA - Pako\u015b\u0107 \u2013 Kalwaria","robots":{"index":"index","follow":"follow","max-snippet":"max-snippet:-1","max-image-preview":"max-image-preview:large","max-video-preview":"max-video-preview:-1"},"canonical":"https:\/\/pakosc-kalwaria.franciszkanie.net\/index.php\/msze-sw-i-nabozenstwa\/","og_locale":"pl_PL","og_type":"article","og_title":"MSZE \u015aW. I NABO\u017bE\u0143STWA - Pako\u015b\u0107 \u2013 Kalwaria","og_description":"KO\u015aCI\u00d3\u0141 KALWARYJSKI &#8211; otwarty codziennie MSZE \u015aWI\u0118TE &#8211; w niedziele o 9.00, 11.00 i 16.00 &#8211; w dni powszednie o 17.00 R\u00d3\u017bANIEC codziennie (pn-sob) o godz 16.25, w niedziel\u0119 o godz\u00a0 8.25 W pi\u0105tki o 17.00 Msza \u015bw. w intencjach zbiorowych do Bo\u017cego Mi\u0142osierdzia.\u00a0 Intencje mo\u017cna sk\u0142ada\u0107 przed Msz\u0105 \u015bw. w zakrystii lub do skarbonki &hellip;","og_url":"https:\/\/pakosc-kalwaria.franciszkanie.net\/index.php\/msze-sw-i-nabozenstwa\/","og_site_name":"Pako\u015b\u0107 \u2013 Kalwaria","article_modified_time":"2023-10-09T08:49:41+00:00","twitter_card":"summary","twitter_misc":{"Szacowany czas czytania":"2 minuty"},"schema":{"@context":"https:\/\/schema.org","@graph":[{"@type":"WebSite","@id":"https:\/\/pakosc-kalwaria.franciszkanie.net\/#website","url":"https:\/\/pakosc-kalwaria.franciszkanie.net\/","name":"Pako\u015b\u0107 \u2013 Kalwaria","description":"Parafia Rzymsko \u2013 Katolicka p.w. Pana Jezusa Ukrzy\u017cowanego i  Matki Bo\u017cej Bolesnej ul. Barci\u0144ska 60, 88\u2013170 Pako\u015b\u0107 \u2013 Kalwaria","potentialAction":[{"@type":"SearchAction","target":{"@type":"EntryPoint","urlTemplate":"https:\/\/pakosc-kalwaria.franciszkanie.net\/?s={search_term_string}"},"query-input":"required name=search_term_string"}],"inLanguage":"pl-PL"},{"@type":"WebPage","@id":"https:\/\/pakosc-kalwaria.franciszkanie.net\/index.php\/msze-sw-i-nabozenstwa\/#webpage","url":"https:\/\/pakosc-kalwaria.franciszkanie.net\/index.php\/msze-sw-i-nabozenstwa\/","name":"MSZE \u015aW. I NABO\u017bE\u0143STWA - Pako\u015b\u0107 \u2013 Kalwaria","isPartOf":{"@id":"https:\/\/pakosc-kalwaria.franciszkanie.net\/#website"},"datePublished":"2016-07-15T12:39:43+00:00","dateModified":"2023-10-09T08:49:41+00:00","breadcrumb":{"@id":"https:\/\/pakosc-kalwaria.franciszkanie.net\/index.php\/msze-sw-i-nabozenstwa\/#breadcrumb"},"inLanguage":"pl-PL","potentialAction":[{"@type":"ReadAction","target":["https:\/\/pakosc-kalwaria.franciszkanie.net\/index.php\/msze-sw-i-nabozenstwa\/"]}]},{"@type":"BreadcrumbList","@id":"https:\/\/pakosc-kalwaria.franciszkanie.net\/index.php\/msze-sw-i-nabozenstwa\/#breadcrumb","itemListElement":[{"@type":"ListItem","position":1,"name":"Strona g\u0142\u00f3wna","item":"https:\/\/pakosc-kalwaria.franciszkanie.net\/"},{"@type":"ListItem","position":2,"name":"MSZE \u015aW. I NABO\u017bE\u0143STWA"}]}]}},"_links":{"self":[{"href":"https:\/\/pakosc-kalwaria.franciszkanie.net\/index.php\/wp-json\/wp\/v2\/pages\/170"}],"collection":[{"href":"https:\/\/pakosc-kalwaria.franciszkanie.net\/index.php\/wp-json\/wp\/v2\/pages"}],"about":[{"href":"https:\/\/pakosc-kalwaria.franciszkanie.net\/index.php\/wp-json\/wp\/v2\/types\/page"}],"author":[{"embeddable":true,"href":"https:\/\/pakosc-kalwaria.franciszkanie.net\/index.php\/wp-json\/wp\/v2\/users\/5"}],"replies":[{"embeddable":true,"href":"https:\/\/pakosc-kalwaria.franciszkanie.net\/index.php\/wp-json\/wp\/v2\/comments?post=170"}],"version-history":[{"count":35,"href":"https:\/\/pakosc-kalwaria.franciszkanie.net\/index.php\/wp-json\/wp\/v2\/pages\/170\/revisions"}],"predecessor-version":[{"id":30583,"href":"https:\/\/pakosc-kalwaria.franciszkanie.net\/index.php\/wp-json\/wp\/v2\/pages\/170\/revisions\/30583"}],"wp:attachment":[{"href":"https:\/\/pakosc-kalwaria.franciszkanie.net\/index.php\/wp-json\/wp\/v2\/media?parent=170"}],"curies":[{"name":"wp","href":"https:\/\/api.w.org\/{rel}","templated":true}]}}