{"id":214,"date":"2016-07-22T14:33:16","date_gmt":"2016-07-22T12:33:16","guid":{"rendered":"http:\/\/pakosc-kalwaria.franciszkanie.net\/?page_id=214"},"modified":"2023-05-18T20:39:23","modified_gmt":"2023-05-18T18:39:23","slug":"historia-parafii","status":"publish","type":"page","link":"https:\/\/pakosc-kalwaria.franciszkanie.net\/index.php\/historia-parafii\/","title":{"rendered":"HISTORIA PARAFII  I KO\u015aCIO\u0141A"},"content":{"rendered":"<p><strong><span style=\"color: #ff0000;\">HISTORIA PARAFII I KO\u015aCIO\u0141A<\/span><\/strong><\/p>\n<p><strong>Parafia zosta\u0142a erygowana 15 listopada 1975r. przez b\u0142. Stefana kard. Wyszy\u0144skiego, Arcybiskupa Metropolit\u0119 Gnie\u017anie\u0144skiego i Warszawskiego, Prymasa Polski. Wcze\u015bniej, w 1967r. zosta\u0142 ustanowiony o\u015brodek duszpasterski.<br \/>\nParafialne uroczysto\u015bci odpustowe: 14 wrze\u015bnia ku czci Pana Jezusa Ukrzy\u017cowanego i 15 wrze\u015bnia ku czci Matki Bo\u017cej Bolesnej.<\/strong><br \/>\n<strong>Ksi\u0119gi metrykalne: ochrzczonych, male\u0144stw i zmar\u0142ych od 1967r.<\/strong><\/p>\n<p><strong>Ko\u015bci\u00f3\u0142 zosta\u0142 wzniesiony w 1661r. i konsekrowany 14 wrze\u015bnia 1691r. przez gnie\u017anie\u0144skiego<\/strong> <strong>biskupa pomocniczego Wojciecha Stanowskiego. W 1725r. i w 1971r., a tak\u017ce w latach 2010 &#8211; 2022r., zabytkowy ko\u015bci\u00f3\u0142 Ukrzy\u017cowania przeszed\u0142 gruntown\u0105 renowacj\u0119. W latach 1970 \u2013 1971 zmieniony zosta\u0142 wystr\u00f3j prezbiterium. Kolejna zmiana wystroju prezbiterium nast\u0105pi\u0142a w czerwcu 2022r. W czasie Wielkiego Jubileuszu Roku 2000 \u2013 Ko\u015bci\u00f3\u0142 Ukrzy\u017cowania by\u0142 ko\u015bcio\u0142em stacyjnym. W 2016r. w Nadzwyczajnym Roku Jubileuszu Mi\u0142osierdzia w ko\u015bciele Ukrzy\u017cowania by\u0142a otwarta \u201eBrama Mi\u0142osierdzia\u201d. Dwukrotnie odby\u0142o si\u0119 Nawiedzenie Kopii Obrazu Matki Bo\u017cej Cz\u0119stochowskiej, w 1978r. i 2\/3 czerwca 2022r.<\/strong><\/p>\n<p><strong>Ko\u015bci\u00f3\u0142 jest \u015bci\u015ble zwi\u0105zany z Kalwari\u0105 Pakosk\u0105, jako XII stacja Drogi Krzy\u017cowej. Kalwaria Pakoska zosta\u0142a za\u0142o\u017cona w 1628r. przez Ks. Wojciecha K\u0119sickiego. W latach 2007 \u2013 2013 Kalwaria przesz\u0142a gruntown\u0105 renowacj\u0119 i w 2013r. zosta\u0142 utworzony Park Kulturowy. W 2018r. Kalwaria Pakoska zosta\u0142a og\u0142oszona przez Arcybiskupa Gnie\u017anie\u0144skiego Wojciecha Polaka Prymasa Polski, Archidiecezjalnym Sanktuarium M\u0119ki Pa\u0144skiej \u2013 Kalwaria Pakoska.<br \/>\n<\/strong><\/p>\n<p><strong>Do ko\u015bcio\u0142a przylega o\u0142tarz polowy, przy kt\u00f3rym modli\u0142 si\u0119 m.in. w 1968r. b\u0142. Stefan kard. Wyszy\u0144ski, Prymas Tysi\u0105clecia. W pobli\u017cu ko\u015bcio\u0142a Ukrzy\u017cowania znajduj\u0105 si\u0119: plebania (dom zakonny) z ko\u0144ca XVIII wieku (przebudowana w po\u0142owie XX wieku), amfiteatr wraz z o\u0142tarzem polowym i ma\u0142y kalwaryjski cmentarz.<\/strong><\/p>\n<p><strong>Zabytki w barokowym ko\u015bciele z XVII wieku: o\u0142tarz g\u0142\u00f3wny w kszta\u0142cie Golgoty z rze\u017abion\u0105 w drewnie grup\u0105 Ukrzy\u017cowania (pi\u0119\u0107 figur), dwa boczne o\u0142tarze z wizerunkami Piety i Matki Bo\u017cej Bolesnej, ambona \u2013 rokokowa, chrzcielnica, drewniany ch\u00f3r, barokowe obrazy przedstawiaj\u0105ce franciszka\u0144skich \u015bwi\u0119tych: Bonawentur\u0119 i Ludwika de Valois. W ko\u015bciele znajduj\u0105 si\u0119 z XXI wieku: obraz Jezusa Mi\u0142osiernego, a tak\u017ce obrazy: \u015bw. S. Faustyny Kowalskiej, \u015bw. Jana Paw\u0142a II, b\u0142. Stefana Wyszy\u0144skiego, wraz z ich relikwiami umieszczonymi w prezbiterium. Na bocznych \u015bcianach znajduj\u0105 si\u0119 gabloty z dzi\u0119kczynnymi wotami za laski otrzymane na Kalwarii Pakoskiej i w ko\u015bciele Ukrzy\u017cowania.<br \/>\nW zakrystii znajduj\u0105 si\u0119: rokokowa komoda, zabytkowa monstrancja, kielichy, a tak\u017ce relikwiarze: Krzy\u017ca \u015awi\u0119tego, \u015bw. Franciszka z Asy\u017cu i \u015bw. Antoniego z Padwy.<\/strong><\/p>\n<p><strong>W kalwaryjskiej parafii pos\u0142uguj\u0105 obecnie franciszkanie z Prowincji pw. \u015bw. Franciszka z Asy\u017cu, w wcze\u015bniej z Prowincji Wniebowzi\u0119cia NMP. \u00a0 <\/strong><br \/>\n<strong>Rektorzy ko\u015bcio\u0142a: o. Leon Wojsyk 1967-1968; o. Aureliusz G\u0119stwa 1968-1971; o. January Wolnik 1971-1976.<br \/>\nProboszczowie parafii: o. Klaudiusz Grze\u015bczak 1976-1977; o. Konstanty Saternus 1977-1982; o. Edmund Rutkowski 1982-1988; o. Apoloniusz Kida 1988-1989; o. Anatol Makosz 1989-1991; o. Mariusz Krakowiak 1991-1993; o. Sylweriusz Dunst 1993-1997; o. Gabriel Kili\u0144ski 1997-2003; o. Urban Pude\u0142ko 2003-2006; o. Kalikst Salak 2006-2010; o. Ireneusz G\u0142\u00f3wczewski 2010-2016; o. Robert Nikel 2016<\/strong> <strong>\u2013 2022.<br \/>\n<\/strong><strong><span style=\"color: #000000;\">Kap\u0142ani, zakonnicy pochodz\u0105cy z Parafii: <\/span>o. Korneliusz Mrozi\u0144ski (franciszkanin), + o. W\u0142adys\u0142aw Brzezi\u0144ski (franciszkanin), o. Wojciech Chwaliszewski (kombonianin), o. Tycjan Kubiak (franciszkanin).<\/strong><\/p>\n<p><span style=\"color: #ff0000;\"><span style=\"color: #000000;\">Pako\u015b\u0107 \u2013 Kalwaria lipiec 2022r.<\/span> <strong><br \/>\n<\/strong><\/span><\/p>\n<p>&nbsp;<\/p>\n<p><span style=\"text-decoration: underline;\"><strong>Parafie dekanatu barci\u0144skiego:<\/strong><\/span><br \/>\n<strong>Barcin &#8211; \u015bw. Jakuba Wi\u0119kszego<\/strong><br \/>\n<strong> Barcin &#8211; \u015bw. Maksymiliana Marii Kolbego<\/strong><br \/>\n<strong> Jab\u0142\u00f3wko &#8211; NMP R\u00f3\u017ca\u0144cowej<\/strong><br \/>\n<strong> Janikowo &#8211; Naj\u015bwi\u0119tszego Serca Pana Jezusa<\/strong><br \/>\n<strong> Janikowo &#8211; b\u0142. Micha\u0142a Kozala <\/strong><br \/>\n<strong> Janikowo &#8211; \u015bw. Jana Chrzciciela <\/strong><br \/>\n<strong> Lubostro\u0144 &#8211; \u015bw. Urszuli Led\u00f3chowskiej<\/strong><br \/>\n<strong> Pako\u015b\u0107 &#8211; \u015bw. Bonawentury <\/strong><br \/>\n<strong> Pako\u015b\u0107 &#8211; Pana Jezusa Ukrzy\u017cowanego i MB Bolesnej <\/strong><br \/>\n<strong> Piechcin &#8211; MB Cz\u0119stochowskiej i \u015bw. Barbary <\/strong><br \/>\n<strong> Szczepanowo &#8211; \u015bw. Bart\u0142omieja Aposto\u0142a<br \/>\n<\/strong><\/p>\n","protected":false},"excerpt":{"rendered":"<p>HISTORIA PARAFII I KO\u015aCIO\u0141A Parafia zosta\u0142a erygowana 15 listopada 1975r. przez b\u0142. Stefana kard. Wyszy\u0144skiego, Arcybiskupa Metropolit\u0119 Gnie\u017anie\u0144skiego i Warszawskiego, Prymasa Polski. Wcze\u015bniej, w 1967r. zosta\u0142 ustanowiony o\u015brodek duszpasterski. Parafialne uroczysto\u015bci odpustowe: 14 wrze\u015bnia ku czci Pana Jezusa Ukrzy\u017cowanego i 15 wrze\u015bnia ku czci Matki Bo\u017cej Bolesnej. Ksi\u0119gi metrykalne: ochrzczonych, male\u0144stw i zmar\u0142ych od 1967r. &hellip;<\/p>\n","protected":false},"author":5,"featured_media":0,"parent":0,"menu_order":0,"comment_status":"closed","ping_status":"closed","template":"","meta":{"_mi_skip_tracking":false,"_exactmetrics_sitenote_active":false,"_exactmetrics_sitenote_note":"","_exactmetrics_sitenote_category":0},"yoast_head":"<!-- This site is optimized with the Yoast SEO plugin v18.1 - https:\/\/yoast.com\/wordpress\/plugins\/seo\/ -->\n<title>HISTORIA PARAFII I KO\u015aCIO\u0141A - Pako\u015b\u0107 \u2013 Kalwaria<\/title>\n<meta name=\"robots\" content=\"index, follow, max-snippet:-1, max-image-preview:large, max-video-preview:-1\" \/>\n<link rel=\"canonical\" href=\"https:\/\/pakosc-kalwaria.franciszkanie.net\/index.php\/historia-parafii\/\" \/>\n<meta property=\"og:locale\" content=\"pl_PL\" \/>\n<meta property=\"og:type\" content=\"article\" \/>\n<meta property=\"og:title\" content=\"HISTORIA PARAFII I KO\u015aCIO\u0141A - Pako\u015b\u0107 \u2013 Kalwaria\" \/>\n<meta property=\"og:description\" content=\"HISTORIA PARAFII I KO\u015aCIO\u0141A Parafia zosta\u0142a erygowana 15 listopada 1975r. przez b\u0142. Stefana kard. Wyszy\u0144skiego, Arcybiskupa Metropolit\u0119 Gnie\u017anie\u0144skiego i Warszawskiego, Prymasa Polski. Wcze\u015bniej, w 1967r. zosta\u0142 ustanowiony o\u015brodek duszpasterski. Parafialne uroczysto\u015bci odpustowe: 14 wrze\u015bnia ku czci Pana Jezusa Ukrzy\u017cowanego i 15 wrze\u015bnia ku czci Matki Bo\u017cej Bolesnej. Ksi\u0119gi metrykalne: ochrzczonych, male\u0144stw i zmar\u0142ych od 1967r. &hellip;\" \/>\n<meta property=\"og:url\" content=\"https:\/\/pakosc-kalwaria.franciszkanie.net\/index.php\/historia-parafii\/\" \/>\n<meta property=\"og:site_name\" content=\"Pako\u015b\u0107 \u2013 Kalwaria\" \/>\n<meta property=\"article:modified_time\" content=\"2023-05-18T18:39:23+00:00\" \/>\n<meta name=\"twitter:card\" content=\"summary\" \/>\n<meta name=\"twitter:label1\" content=\"Szacowany czas czytania\" \/>\n\t<meta name=\"twitter:data1\" content=\"4 minuty\" \/>\n<script type=\"application\/ld+json\" class=\"yoast-schema-graph\">{\"@context\":\"https:\/\/schema.org\",\"@graph\":[{\"@type\":\"WebSite\",\"@id\":\"https:\/\/pakosc-kalwaria.franciszkanie.net\/#website\",\"url\":\"https:\/\/pakosc-kalwaria.franciszkanie.net\/\",\"name\":\"Pako\u015b\u0107 \u2013 Kalwaria\",\"description\":\"Parafia Rzymsko \u2013 Katolicka p.w. Pana Jezusa Ukrzy\u017cowanego i  Matki Bo\u017cej Bolesnej ul. Barci\u0144ska 60, 88\u2013170 Pako\u015b\u0107 \u2013 Kalwaria\",\"potentialAction\":[{\"@type\":\"SearchAction\",\"target\":{\"@type\":\"EntryPoint\",\"urlTemplate\":\"https:\/\/pakosc-kalwaria.franciszkanie.net\/?s={search_term_string}\"},\"query-input\":\"required name=search_term_string\"}],\"inLanguage\":\"pl-PL\"},{\"@type\":\"WebPage\",\"@id\":\"https:\/\/pakosc-kalwaria.franciszkanie.net\/index.php\/historia-parafii\/#webpage\",\"url\":\"https:\/\/pakosc-kalwaria.franciszkanie.net\/index.php\/historia-parafii\/\",\"name\":\"HISTORIA PARAFII I KO\u015aCIO\u0141A - Pako\u015b\u0107 \u2013 Kalwaria\",\"isPartOf\":{\"@id\":\"https:\/\/pakosc-kalwaria.franciszkanie.net\/#website\"},\"datePublished\":\"2016-07-22T12:33:16+00:00\",\"dateModified\":\"2023-05-18T18:39:23+00:00\",\"breadcrumb\":{\"@id\":\"https:\/\/pakosc-kalwaria.franciszkanie.net\/index.php\/historia-parafii\/#breadcrumb\"},\"inLanguage\":\"pl-PL\",\"potentialAction\":[{\"@type\":\"ReadAction\",\"target\":[\"https:\/\/pakosc-kalwaria.franciszkanie.net\/index.php\/historia-parafii\/\"]}]},{\"@type\":\"BreadcrumbList\",\"@id\":\"https:\/\/pakosc-kalwaria.franciszkanie.net\/index.php\/historia-parafii\/#breadcrumb\",\"itemListElement\":[{\"@type\":\"ListItem\",\"position\":1,\"name\":\"Strona g\u0142\u00f3wna\",\"item\":\"https:\/\/pakosc-kalwaria.franciszkanie.net\/\"},{\"@type\":\"ListItem\",\"position\":2,\"name\":\"HISTORIA PARAFII I KO\u015aCIO\u0141A\"}]}]}<\/script>\n<!-- \/ Yoast SEO plugin. -->","yoast_head_json":{"title":"HISTORIA PARAFII I KO\u015aCIO\u0141A - Pako\u015b\u0107 \u2013 Kalwaria","robots":{"index":"index","follow":"follow","max-snippet":"max-snippet:-1","max-image-preview":"max-image-preview:large","max-video-preview":"max-video-preview:-1"},"canonical":"https:\/\/pakosc-kalwaria.franciszkanie.net\/index.php\/historia-parafii\/","og_locale":"pl_PL","og_type":"article","og_title":"HISTORIA PARAFII I KO\u015aCIO\u0141A - Pako\u015b\u0107 \u2013 Kalwaria","og_description":"HISTORIA PARAFII I KO\u015aCIO\u0141A Parafia zosta\u0142a erygowana 15 listopada 1975r. przez b\u0142. Stefana kard. Wyszy\u0144skiego, Arcybiskupa Metropolit\u0119 Gnie\u017anie\u0144skiego i Warszawskiego, Prymasa Polski. Wcze\u015bniej, w 1967r. zosta\u0142 ustanowiony o\u015brodek duszpasterski. Parafialne uroczysto\u015bci odpustowe: 14 wrze\u015bnia ku czci Pana Jezusa Ukrzy\u017cowanego i 15 wrze\u015bnia ku czci Matki Bo\u017cej Bolesnej. Ksi\u0119gi metrykalne: ochrzczonych, male\u0144stw i zmar\u0142ych od 1967r. &hellip;","og_url":"https:\/\/pakosc-kalwaria.franciszkanie.net\/index.php\/historia-parafii\/","og_site_name":"Pako\u015b\u0107 \u2013 Kalwaria","article_modified_time":"2023-05-18T18:39:23+00:00","twitter_card":"summary","twitter_misc":{"Szacowany czas czytania":"4 minuty"},"schema":{"@context":"https:\/\/schema.org","@graph":[{"@type":"WebSite","@id":"https:\/\/pakosc-kalwaria.franciszkanie.net\/#website","url":"https:\/\/pakosc-kalwaria.franciszkanie.net\/","name":"Pako\u015b\u0107 \u2013 Kalwaria","description":"Parafia Rzymsko \u2013 Katolicka p.w. Pana Jezusa Ukrzy\u017cowanego i  Matki Bo\u017cej Bolesnej ul. Barci\u0144ska 60, 88\u2013170 Pako\u015b\u0107 \u2013 Kalwaria","potentialAction":[{"@type":"SearchAction","target":{"@type":"EntryPoint","urlTemplate":"https:\/\/pakosc-kalwaria.franciszkanie.net\/?s={search_term_string}"},"query-input":"required name=search_term_string"}],"inLanguage":"pl-PL"},{"@type":"WebPage","@id":"https:\/\/pakosc-kalwaria.franciszkanie.net\/index.php\/historia-parafii\/#webpage","url":"https:\/\/pakosc-kalwaria.franciszkanie.net\/index.php\/historia-parafii\/","name":"HISTORIA PARAFII I KO\u015aCIO\u0141A - Pako\u015b\u0107 \u2013 Kalwaria","isPartOf":{"@id":"https:\/\/pakosc-kalwaria.franciszkanie.net\/#website"},"datePublished":"2016-07-22T12:33:16+00:00","dateModified":"2023-05-18T18:39:23+00:00","breadcrumb":{"@id":"https:\/\/pakosc-kalwaria.franciszkanie.net\/index.php\/historia-parafii\/#breadcrumb"},"inLanguage":"pl-PL","potentialAction":[{"@type":"ReadAction","target":["https:\/\/pakosc-kalwaria.franciszkanie.net\/index.php\/historia-parafii\/"]}]},{"@type":"BreadcrumbList","@id":"https:\/\/pakosc-kalwaria.franciszkanie.net\/index.php\/historia-parafii\/#breadcrumb","itemListElement":[{"@type":"ListItem","position":1,"name":"Strona g\u0142\u00f3wna","item":"https:\/\/pakosc-kalwaria.franciszkanie.net\/"},{"@type":"ListItem","position":2,"name":"HISTORIA PARAFII I KO\u015aCIO\u0141A"}]}]}},"_links":{"self":[{"href":"https:\/\/pakosc-kalwaria.franciszkanie.net\/index.php\/wp-json\/wp\/v2\/pages\/214"}],"collection":[{"href":"https:\/\/pakosc-kalwaria.franciszkanie.net\/index.php\/wp-json\/wp\/v2\/pages"}],"about":[{"href":"https:\/\/pakosc-kalwaria.franciszkanie.net\/index.php\/wp-json\/wp\/v2\/types\/page"}],"author":[{"embeddable":true,"href":"https:\/\/pakosc-kalwaria.franciszkanie.net\/index.php\/wp-json\/wp\/v2\/users\/5"}],"replies":[{"embeddable":true,"href":"https:\/\/pakosc-kalwaria.franciszkanie.net\/index.php\/wp-json\/wp\/v2\/comments?post=214"}],"version-history":[{"count":32,"href":"https:\/\/pakosc-kalwaria.franciszkanie.net\/index.php\/wp-json\/wp\/v2\/pages\/214\/revisions"}],"predecessor-version":[{"id":28354,"href":"https:\/\/pakosc-kalwaria.franciszkanie.net\/index.php\/wp-json\/wp\/v2\/pages\/214\/revisions\/28354"}],"wp:attachment":[{"href":"https:\/\/pakosc-kalwaria.franciszkanie.net\/index.php\/wp-json\/wp\/v2\/media?parent=214"}],"curies":[{"name":"wp","href":"https:\/\/api.w.org\/{rel}","templated":true}]}}