{"id":38,"date":"2016-07-11T15:34:56","date_gmt":"2016-07-11T13:34:56","guid":{"rendered":"http:\/\/pakosc-kalwaria.franciszkanie.net\/?page_id=38"},"modified":"2023-07-31T22:45:36","modified_gmt":"2023-07-31T20:45:36","slug":"kontakt","status":"publish","type":"page","link":"https:\/\/pakosc-kalwaria.franciszkanie.net\/index.php\/kontakt\/","title":{"rendered":"KONTAKT (KONTO)"},"content":{"rendered":"<p><img loading=\"lazy\" class=\"size-medium wp-image-337 aligncenter\" src=\"http:\/\/pakosc-kalwaria.franciszkanie.net\/wp-content\/uploads\/2016\/08\/DSCN0066-300x225.jpg\" alt=\"DSCN0066\" width=\"300\" height=\"225\" srcset=\"https:\/\/pakosc-kalwaria.franciszkanie.net\/wp-content\/uploads\/2016\/08\/DSCN0066-300x225.jpg 300w, https:\/\/pakosc-kalwaria.franciszkanie.net\/wp-content\/uploads\/2016\/08\/DSCN0066-768x576.jpg 768w, https:\/\/pakosc-kalwaria.franciszkanie.net\/wp-content\/uploads\/2016\/08\/DSCN0066-1024x768.jpg 1024w, https:\/\/pakosc-kalwaria.franciszkanie.net\/wp-content\/uploads\/2016\/08\/DSCN0066-200x150.jpg 200w\" sizes=\"(max-width: 300px) 100vw, 300px\" \/><\/p>\n<p><!--[row]--><\/p>\n<h4 style=\"text-align: center;\"><\/h4>\n<h6 style=\"text-align: center;\"><span style=\"color: #ff0000;\">PARAFIA RZYMSKO \u2013 KATOLICKA P.W. PANA JEZUSA UKRZY\u017bOWANEGO I MATKI BO\u017bEJ BOLESNEJ<br \/>\nDOM ZAKONNY ZAKONU BRACI MNIEJSZYCH &#8211; FRANCISZKAN\u00d3W<br \/>\n<\/span><\/h6>\n<p><!--[span6]--><\/p>\n<p><span style=\"color: #ff0000;\"><strong>ADRES<\/strong><\/span><br \/>\n<strong>ul. Barci\u0144ska 60<\/strong><br \/>\n<strong>88 \u2013 170 Pako\u015b\u0107 \u2013 Kalwaria<\/strong><\/p>\n<p><span style=\"color: #ff0000;\"><strong>TELEFON<\/strong><\/span><br \/>\n<strong>tel. +48 722 001 091<br \/>\n<\/strong><\/p>\n<p><span style=\"color: #ff0000;\"><strong>E-MAIL<\/strong><\/span><br \/>\n<a href=\"mailto:pakosckalwaria@franciszkanie.net\">pakosckalwaria@franciszkanie.net<\/a><\/p>\n<p><span style=\"color: #ff0000;\"><strong>KANCELARIA PARAFIALNA<\/strong><\/span><br \/>\n<strong>czynna: wtorki i czwartki od 10.00 \u2013 11.00<\/strong><br \/>\n<strong>oraz po Mszy \u015bw. o 17.00.<\/strong><\/p>\n<p><span style=\"color: #ff0000;\"><strong><br \/>\nKONTO BANKOWE:<\/strong><\/span><br \/>\n<strong>Na konto naszej\u00a0 franciszka\u0144skiej Rzymsko-Katolickiej Parafii pw. Pana Jezusa Ukrzy\u017cowanego i Matki Bo\u017cej Bolesnej mo\u017cna wp\u0142aca\u0107 ofiary przeznaczone na utrzymanie kalwaryjskiego ko\u015bcio\u0142a, kalwarii, parafii i klasztoru.<br \/>\n<\/strong><strong>Za ka\u017cd\u0105 ofiar\u0119 z ca\u0142ego serca dzi\u0119kujemy oraz zapewniamy w <\/strong><strong>naszej Wsp\u00f3lnocie zakonnej i w Sanktuarium Ukrzy\u017cowania, <\/strong><strong>o wdzi\u0119cznej modlitwie <\/strong><strong>za \u017cyj\u0105cych i zmar\u0142ych Parafian i Dobrodziej\u00f3<\/strong><strong>w.<br \/>\n<\/strong><\/p>\n<p><strong><span style=\"color: #ff0000;\">Numer rachunku:<\/span> 20 1090 1069 0000 0001 1543 2371<\/strong><br \/>\n<strong>Santander Bank Polska S.A.<\/strong><br \/>\n<strong>ul. \u015bw. Jana 15<\/strong><br \/>\n<strong>88 \u2013 170 Pako\u015b\u0107<\/strong><\/p>\n<p><strong><span style=\"color: #ff0000;\">FRANCISZKA\u0143SKI DOM PIELGRZYMA W PAKO\u015aCI<\/span><\/strong><br \/>\n<strong>W naszym zabytkowym franciszka\u0144skim klasztorze przy ko\u015bciele \u015bw. Bonawentury w Pako\u015bci mamy oko\u0142o pi\u0119\u0107dziesi\u0119ciu\u00a0 miejsc noclegowych w pokojach z \u0142azienkami. Jadalnia i aneks kuchenny. Mo\u017cliwo\u015b\u0107 posi\u0142k\u00f3w z klasztornej kuchni.<\/strong><\/p>\n<p><span style=\"color: #ff0000;\"><strong>KONTAKT:<\/strong><\/span><br \/>\n<strong>Kustosz Kalwarii Pakoskiej<\/strong><br \/>\n<strong>o. Walenty \u0141aga<\/strong><br \/>\n<strong>ul Inowroc\u0142awska 3<\/strong><br \/>\n<strong>88-170 Pako\u015b\u0107<\/strong><br \/>\n<strong>tel. 52 351 85 43<\/strong><br \/>\n<strong>tel. kom. 691 348 092<\/strong><\/p>\n<p><strong>Zapraszamy do grupowego, rodzinnego i indywidualnego pielgrzymowania i odwiedzania naszej Pakoskiej Kalwarii oraz do\u00a0 skorzystania z Franciszka\u0144skiego Domu Pielgrzyma!!<\/strong><\/p>\n<p><!--[\/span6] [span6]--><\/p>\n<p><!--[\/span6] [\/row]--><\/p>\n<p><iframe loading=\"lazy\" style=\"border: 0;\" src=\"https:\/\/www.google.com\/maps\/embed?pb=!1m18!1m12!1m3!1d2411.5274494002538!2d18.06937365036284!3d52.812856622139336!2m3!1f0!2f0!3f0!3m2!1i1024!2i768!4f13.1!3m3!1m2!1s0x47035c6a088eecdd%3A0x2d00b4f6fcc8a3b3!2sParafia+Pana+Jezusa+Ukrzy%C5%BCowanego+i+MB+Bolesnej+w+Pako%C5%9Bci-Kalwaria!5e0!3m2!1spl!2spl!4v1468589094114\" width=\"100%\" height=\"300\" frameborder=\"0\" allowfullscreen=\"allowfullscreen\"><\/iframe><\/p>\n","protected":false},"excerpt":{"rendered":"<p>PARAFIA RZYMSKO \u2013 KATOLICKA P.W. PANA JEZUSA UKRZY\u017bOWANEGO I MATKI BO\u017bEJ BOLESNEJ DOM ZAKONNY ZAKONU BRACI MNIEJSZYCH &#8211; FRANCISZKAN\u00d3W ADRES ul. Barci\u0144ska 60 88 \u2013 170 Pako\u015b\u0107 \u2013 Kalwaria TELEFON tel. +48 722 001 091 E-MAIL pakosckalwaria@franciszkanie.net KANCELARIA PARAFIALNA czynna: wtorki i czwartki od 10.00 \u2013 11.00 oraz po Mszy \u015bw. o 17.00. KONTO BANKOWE: &hellip;<\/p>\n","protected":false},"author":5,"featured_media":279,"parent":0,"menu_order":0,"comment_status":"closed","ping_status":"closed","template":"","meta":{"_mi_skip_tracking":false,"_exactmetrics_sitenote_active":false,"_exactmetrics_sitenote_note":"","_exactmetrics_sitenote_category":0},"yoast_head":"<!-- This site is optimized with the Yoast SEO plugin v18.1 - https:\/\/yoast.com\/wordpress\/plugins\/seo\/ -->\n<title>KONTAKT (KONTO) - Pako\u015b\u0107 \u2013 Kalwaria<\/title>\n<meta name=\"robots\" content=\"index, follow, max-snippet:-1, max-image-preview:large, max-video-preview:-1\" \/>\n<link rel=\"canonical\" href=\"https:\/\/pakosc-kalwaria.franciszkanie.net\/index.php\/kontakt\/\" \/>\n<meta property=\"og:locale\" content=\"pl_PL\" \/>\n<meta property=\"og:type\" content=\"article\" \/>\n<meta property=\"og:title\" content=\"KONTAKT (KONTO) - Pako\u015b\u0107 \u2013 Kalwaria\" \/>\n<meta property=\"og:description\" content=\"PARAFIA RZYMSKO \u2013 KATOLICKA P.W. PANA JEZUSA UKRZY\u017bOWANEGO I MATKI BO\u017bEJ BOLESNEJ DOM ZAKONNY ZAKONU BRACI MNIEJSZYCH &#8211; FRANCISZKAN\u00d3W ADRES ul. Barci\u0144ska 60 88 \u2013 170 Pako\u015b\u0107 \u2013 Kalwaria TELEFON tel. +48 722 001 091 E-MAIL pakosckalwaria@franciszkanie.net KANCELARIA PARAFIALNA czynna: wtorki i czwartki od 10.00 \u2013 11.00 oraz po Mszy \u015bw. o 17.00. KONTO BANKOWE: &hellip;\" \/>\n<meta property=\"og:url\" content=\"https:\/\/pakosc-kalwaria.franciszkanie.net\/index.php\/kontakt\/\" \/>\n<meta property=\"og:site_name\" content=\"Pako\u015b\u0107 \u2013 Kalwaria\" \/>\n<meta property=\"article:modified_time\" content=\"2023-07-31T20:45:36+00:00\" \/>\n<meta property=\"og:image\" content=\"http:\/\/pakosc-kalwaria.franciszkanie.net\/wp-content\/uploads\/2016\/07\/DSCN0081.jpg\" \/>\n\t<meta property=\"og:image:width\" content=\"888\" \/>\n\t<meta property=\"og:image:height\" content=\"666\" \/>\n\t<meta property=\"og:image:type\" content=\"image\/jpeg\" \/>\n<meta name=\"twitter:card\" content=\"summary\" \/>\n<meta name=\"twitter:label1\" content=\"Szacowany czas czytania\" \/>\n\t<meta name=\"twitter:data1\" content=\"2 minuty\" \/>\n<script type=\"application\/ld+json\" class=\"yoast-schema-graph\">{\"@context\":\"https:\/\/schema.org\",\"@graph\":[{\"@type\":\"WebSite\",\"@id\":\"https:\/\/pakosc-kalwaria.franciszkanie.net\/#website\",\"url\":\"https:\/\/pakosc-kalwaria.franciszkanie.net\/\",\"name\":\"Pako\u015b\u0107 \u2013 Kalwaria\",\"description\":\"Parafia Rzymsko \u2013 Katolicka p.w. Pana Jezusa Ukrzy\u017cowanego i  Matki Bo\u017cej Bolesnej ul. Barci\u0144ska 60, 88\u2013170 Pako\u015b\u0107 \u2013 Kalwaria\",\"potentialAction\":[{\"@type\":\"SearchAction\",\"target\":{\"@type\":\"EntryPoint\",\"urlTemplate\":\"https:\/\/pakosc-kalwaria.franciszkanie.net\/?s={search_term_string}\"},\"query-input\":\"required name=search_term_string\"}],\"inLanguage\":\"pl-PL\"},{\"@type\":\"ImageObject\",\"@id\":\"https:\/\/pakosc-kalwaria.franciszkanie.net\/index.php\/kontakt\/#primaryimage\",\"inLanguage\":\"pl-PL\",\"url\":\"https:\/\/pakosc-kalwaria.franciszkanie.net\/wp-content\/uploads\/2016\/07\/DSCN0081.jpg\",\"contentUrl\":\"https:\/\/pakosc-kalwaria.franciszkanie.net\/wp-content\/uploads\/2016\/07\/DSCN0081.jpg\",\"width\":888,\"height\":666},{\"@type\":\"WebPage\",\"@id\":\"https:\/\/pakosc-kalwaria.franciszkanie.net\/index.php\/kontakt\/#webpage\",\"url\":\"https:\/\/pakosc-kalwaria.franciszkanie.net\/index.php\/kontakt\/\",\"name\":\"KONTAKT (KONTO) - Pako\u015b\u0107 \u2013 Kalwaria\",\"isPartOf\":{\"@id\":\"https:\/\/pakosc-kalwaria.franciszkanie.net\/#website\"},\"primaryImageOfPage\":{\"@id\":\"https:\/\/pakosc-kalwaria.franciszkanie.net\/index.php\/kontakt\/#primaryimage\"},\"datePublished\":\"2016-07-11T13:34:56+00:00\",\"dateModified\":\"2023-07-31T20:45:36+00:00\",\"breadcrumb\":{\"@id\":\"https:\/\/pakosc-kalwaria.franciszkanie.net\/index.php\/kontakt\/#breadcrumb\"},\"inLanguage\":\"pl-PL\",\"potentialAction\":[{\"@type\":\"ReadAction\",\"target\":[\"https:\/\/pakosc-kalwaria.franciszkanie.net\/index.php\/kontakt\/\"]}]},{\"@type\":\"BreadcrumbList\",\"@id\":\"https:\/\/pakosc-kalwaria.franciszkanie.net\/index.php\/kontakt\/#breadcrumb\",\"itemListElement\":[{\"@type\":\"ListItem\",\"position\":1,\"name\":\"Strona g\u0142\u00f3wna\",\"item\":\"https:\/\/pakosc-kalwaria.franciszkanie.net\/\"},{\"@type\":\"ListItem\",\"position\":2,\"name\":\"KONTAKT (KONTO)\"}]}]}<\/script>\n<!-- \/ Yoast SEO plugin. -->","yoast_head_json":{"title":"KONTAKT (KONTO) - Pako\u015b\u0107 \u2013 Kalwaria","robots":{"index":"index","follow":"follow","max-snippet":"max-snippet:-1","max-image-preview":"max-image-preview:large","max-video-preview":"max-video-preview:-1"},"canonical":"https:\/\/pakosc-kalwaria.franciszkanie.net\/index.php\/kontakt\/","og_locale":"pl_PL","og_type":"article","og_title":"KONTAKT (KONTO) - Pako\u015b\u0107 \u2013 Kalwaria","og_description":"PARAFIA RZYMSKO \u2013 KATOLICKA P.W. PANA JEZUSA UKRZY\u017bOWANEGO I MATKI BO\u017bEJ BOLESNEJ DOM ZAKONNY ZAKONU BRACI MNIEJSZYCH &#8211; FRANCISZKAN\u00d3W ADRES ul. Barci\u0144ska 60 88 \u2013 170 Pako\u015b\u0107 \u2013 Kalwaria TELEFON tel. +48 722 001 091 E-MAIL pakosckalwaria@franciszkanie.net KANCELARIA PARAFIALNA czynna: wtorki i czwartki od 10.00 \u2013 11.00 oraz po Mszy \u015bw. o 17.00. KONTO BANKOWE: &hellip;","og_url":"https:\/\/pakosc-kalwaria.franciszkanie.net\/index.php\/kontakt\/","og_site_name":"Pako\u015b\u0107 \u2013 Kalwaria","article_modified_time":"2023-07-31T20:45:36+00:00","og_image":[{"width":888,"height":666,"url":"http:\/\/pakosc-kalwaria.franciszkanie.net\/wp-content\/uploads\/2016\/07\/DSCN0081.jpg","type":"image\/jpeg"}],"twitter_card":"summary","twitter_misc":{"Szacowany czas czytania":"2 minuty"},"schema":{"@context":"https:\/\/schema.org","@graph":[{"@type":"WebSite","@id":"https:\/\/pakosc-kalwaria.franciszkanie.net\/#website","url":"https:\/\/pakosc-kalwaria.franciszkanie.net\/","name":"Pako\u015b\u0107 \u2013 Kalwaria","description":"Parafia Rzymsko \u2013 Katolicka p.w. Pana Jezusa Ukrzy\u017cowanego i  Matki Bo\u017cej Bolesnej ul. Barci\u0144ska 60, 88\u2013170 Pako\u015b\u0107 \u2013 Kalwaria","potentialAction":[{"@type":"SearchAction","target":{"@type":"EntryPoint","urlTemplate":"https:\/\/pakosc-kalwaria.franciszkanie.net\/?s={search_term_string}"},"query-input":"required name=search_term_string"}],"inLanguage":"pl-PL"},{"@type":"ImageObject","@id":"https:\/\/pakosc-kalwaria.franciszkanie.net\/index.php\/kontakt\/#primaryimage","inLanguage":"pl-PL","url":"https:\/\/pakosc-kalwaria.franciszkanie.net\/wp-content\/uploads\/2016\/07\/DSCN0081.jpg","contentUrl":"https:\/\/pakosc-kalwaria.franciszkanie.net\/wp-content\/uploads\/2016\/07\/DSCN0081.jpg","width":888,"height":666},{"@type":"WebPage","@id":"https:\/\/pakosc-kalwaria.franciszkanie.net\/index.php\/kontakt\/#webpage","url":"https:\/\/pakosc-kalwaria.franciszkanie.net\/index.php\/kontakt\/","name":"KONTAKT (KONTO) - Pako\u015b\u0107 \u2013 Kalwaria","isPartOf":{"@id":"https:\/\/pakosc-kalwaria.franciszkanie.net\/#website"},"primaryImageOfPage":{"@id":"https:\/\/pakosc-kalwaria.franciszkanie.net\/index.php\/kontakt\/#primaryimage"},"datePublished":"2016-07-11T13:34:56+00:00","dateModified":"2023-07-31T20:45:36+00:00","breadcrumb":{"@id":"https:\/\/pakosc-kalwaria.franciszkanie.net\/index.php\/kontakt\/#breadcrumb"},"inLanguage":"pl-PL","potentialAction":[{"@type":"ReadAction","target":["https:\/\/pakosc-kalwaria.franciszkanie.net\/index.php\/kontakt\/"]}]},{"@type":"BreadcrumbList","@id":"https:\/\/pakosc-kalwaria.franciszkanie.net\/index.php\/kontakt\/#breadcrumb","itemListElement":[{"@type":"ListItem","position":1,"name":"Strona g\u0142\u00f3wna","item":"https:\/\/pakosc-kalwaria.franciszkanie.net\/"},{"@type":"ListItem","position":2,"name":"KONTAKT (KONTO)"}]}]}},"_links":{"self":[{"href":"https:\/\/pakosc-kalwaria.franciszkanie.net\/index.php\/wp-json\/wp\/v2\/pages\/38"}],"collection":[{"href":"https:\/\/pakosc-kalwaria.franciszkanie.net\/index.php\/wp-json\/wp\/v2\/pages"}],"about":[{"href":"https:\/\/pakosc-kalwaria.franciszkanie.net\/index.php\/wp-json\/wp\/v2\/types\/page"}],"author":[{"embeddable":true,"href":"https:\/\/pakosc-kalwaria.franciszkanie.net\/index.php\/wp-json\/wp\/v2\/users\/5"}],"replies":[{"embeddable":true,"href":"https:\/\/pakosc-kalwaria.franciszkanie.net\/index.php\/wp-json\/wp\/v2\/comments?post=38"}],"version-history":[{"count":52,"href":"https:\/\/pakosc-kalwaria.franciszkanie.net\/index.php\/wp-json\/wp\/v2\/pages\/38\/revisions"}],"predecessor-version":[{"id":29719,"href":"https:\/\/pakosc-kalwaria.franciszkanie.net\/index.php\/wp-json\/wp\/v2\/pages\/38\/revisions\/29719"}],"wp:featuredmedia":[{"embeddable":true,"href":"https:\/\/pakosc-kalwaria.franciszkanie.net\/index.php\/wp-json\/wp\/v2\/media\/279"}],"wp:attachment":[{"href":"https:\/\/pakosc-kalwaria.franciszkanie.net\/index.php\/wp-json\/wp\/v2\/media?parent=38"}],"curies":[{"name":"wp","href":"https:\/\/api.w.org\/{rel}","templated":true}]}}