{"id":60,"date":"2016-07-15T11:18:19","date_gmt":"2016-07-15T09:18:19","guid":{"rendered":"http:\/\/pakosc-kalwaria.franciszkanie.net\/?page_id=60"},"modified":"2023-04-11T13:45:16","modified_gmt":"2023-04-11T11:45:16","slug":"wspolnota-zakonna","status":"publish","type":"page","link":"https:\/\/pakosc-kalwaria.franciszkanie.net\/index.php\/wspolnota-zakonna\/","title":{"rendered":"WSP\u00d3LNOTA ZAKONNA"},"content":{"rendered":"<ul>\n<li>o. Leon Waldemar Barczak OFM &#8211; proboszcz<\/li>\n<li>o. Les\u0142aw Zenon Szymborski OFM &#8211; misjonarz, rekolekcjonista<\/li>\n<\/ul>\n<p>&nbsp;<\/p>\n<p><img loading=\"lazy\" class=\"alignnone wp-image-279 \" src=\"http:\/\/pakosc-kalwaria.franciszkanie.net\/wp-content\/uploads\/2016\/07\/DSCN0081-300x225.jpg\" width=\"470\" height=\"353\" srcset=\"https:\/\/pakosc-kalwaria.franciszkanie.net\/wp-content\/uploads\/2016\/07\/DSCN0081-300x225.jpg 300w, https:\/\/pakosc-kalwaria.franciszkanie.net\/wp-content\/uploads\/2016\/07\/DSCN0081-768x576.jpg 768w, https:\/\/pakosc-kalwaria.franciszkanie.net\/wp-content\/uploads\/2016\/07\/DSCN0081-200x150.jpg 200w, https:\/\/pakosc-kalwaria.franciszkanie.net\/wp-content\/uploads\/2016\/07\/DSCN0081.jpg 888w\" sizes=\"(max-width: 470px) 100vw, 470px\" \/><\/p>\n<p>&nbsp;<\/p>\n<p>&nbsp;<\/p>\n","protected":false},"excerpt":{"rendered":"<p>o. Leon Waldemar Barczak OFM &#8211; proboszcz o. Les\u0142aw Zenon Szymborski OFM &#8211; misjonarz, rekolekcjonista &nbsp; &nbsp; &nbsp;<\/p>\n","protected":false},"author":5,"featured_media":0,"parent":0,"menu_order":0,"comment_status":"closed","ping_status":"closed","template":"","meta":{"_mi_skip_tracking":false,"_exactmetrics_sitenote_active":false,"_exactmetrics_sitenote_note":"","_exactmetrics_sitenote_category":0},"yoast_head":"<!-- This site is optimized with the Yoast SEO plugin v18.1 - https:\/\/yoast.com\/wordpress\/plugins\/seo\/ -->\n<title>WSP\u00d3LNOTA ZAKONNA - Pako\u015b\u0107 \u2013 Kalwaria<\/title>\n<meta name=\"robots\" content=\"index, follow, max-snippet:-1, max-image-preview:large, max-video-preview:-1\" \/>\n<link rel=\"canonical\" href=\"https:\/\/pakosc-kalwaria.franciszkanie.net\/index.php\/wspolnota-zakonna\/\" \/>\n<meta property=\"og:locale\" content=\"pl_PL\" \/>\n<meta property=\"og:type\" content=\"article\" \/>\n<meta property=\"og:title\" content=\"WSP\u00d3LNOTA ZAKONNA - Pako\u015b\u0107 \u2013 Kalwaria\" \/>\n<meta property=\"og:description\" content=\"o. Leon Waldemar Barczak OFM &#8211; proboszcz o. Les\u0142aw Zenon Szymborski OFM &#8211; misjonarz, rekolekcjonista &nbsp; &nbsp; &nbsp;\" \/>\n<meta property=\"og:url\" content=\"https:\/\/pakosc-kalwaria.franciszkanie.net\/index.php\/wspolnota-zakonna\/\" \/>\n<meta property=\"og:site_name\" content=\"Pako\u015b\u0107 \u2013 Kalwaria\" \/>\n<meta property=\"article:modified_time\" content=\"2023-04-11T11:45:16+00:00\" \/>\n<meta property=\"og:image\" content=\"http:\/\/pakosc-kalwaria.franciszkanie.net\/wp-content\/uploads\/2016\/07\/DSCN0081-300x225.jpg\" \/>\n<meta name=\"twitter:card\" content=\"summary\" \/>\n<meta name=\"twitter:label1\" content=\"Szacowany czas czytania\" \/>\n\t<meta name=\"twitter:data1\" content=\"1 minuta\" \/>\n<script type=\"application\/ld+json\" class=\"yoast-schema-graph\">{\"@context\":\"https:\/\/schema.org\",\"@graph\":[{\"@type\":\"WebSite\",\"@id\":\"https:\/\/pakosc-kalwaria.franciszkanie.net\/#website\",\"url\":\"https:\/\/pakosc-kalwaria.franciszkanie.net\/\",\"name\":\"Pako\u015b\u0107 \u2013 Kalwaria\",\"description\":\"Parafia Rzymsko \u2013 Katolicka p.w. Pana Jezusa Ukrzy\u017cowanego i  Matki Bo\u017cej Bolesnej ul. Barci\u0144ska 60, 88\u2013170 Pako\u015b\u0107 \u2013 Kalwaria\",\"potentialAction\":[{\"@type\":\"SearchAction\",\"target\":{\"@type\":\"EntryPoint\",\"urlTemplate\":\"https:\/\/pakosc-kalwaria.franciszkanie.net\/?s={search_term_string}\"},\"query-input\":\"required name=search_term_string\"}],\"inLanguage\":\"pl-PL\"},{\"@type\":\"ImageObject\",\"@id\":\"https:\/\/pakosc-kalwaria.franciszkanie.net\/index.php\/wspolnota-zakonna\/#primaryimage\",\"inLanguage\":\"pl-PL\",\"url\":\"http:\/\/pakosc-kalwaria.franciszkanie.net\/wp-content\/uploads\/2016\/07\/DSCN0081-300x225.jpg\",\"contentUrl\":\"http:\/\/pakosc-kalwaria.franciszkanie.net\/wp-content\/uploads\/2016\/07\/DSCN0081-300x225.jpg\"},{\"@type\":\"WebPage\",\"@id\":\"https:\/\/pakosc-kalwaria.franciszkanie.net\/index.php\/wspolnota-zakonna\/#webpage\",\"url\":\"https:\/\/pakosc-kalwaria.franciszkanie.net\/index.php\/wspolnota-zakonna\/\",\"name\":\"WSP\u00d3LNOTA ZAKONNA - Pako\u015b\u0107 \u2013 Kalwaria\",\"isPartOf\":{\"@id\":\"https:\/\/pakosc-kalwaria.franciszkanie.net\/#website\"},\"primaryImageOfPage\":{\"@id\":\"https:\/\/pakosc-kalwaria.franciszkanie.net\/index.php\/wspolnota-zakonna\/#primaryimage\"},\"datePublished\":\"2016-07-15T09:18:19+00:00\",\"dateModified\":\"2023-04-11T11:45:16+00:00\",\"breadcrumb\":{\"@id\":\"https:\/\/pakosc-kalwaria.franciszkanie.net\/index.php\/wspolnota-zakonna\/#breadcrumb\"},\"inLanguage\":\"pl-PL\",\"potentialAction\":[{\"@type\":\"ReadAction\",\"target\":[\"https:\/\/pakosc-kalwaria.franciszkanie.net\/index.php\/wspolnota-zakonna\/\"]}]},{\"@type\":\"BreadcrumbList\",\"@id\":\"https:\/\/pakosc-kalwaria.franciszkanie.net\/index.php\/wspolnota-zakonna\/#breadcrumb\",\"itemListElement\":[{\"@type\":\"ListItem\",\"position\":1,\"name\":\"Strona g\u0142\u00f3wna\",\"item\":\"https:\/\/pakosc-kalwaria.franciszkanie.net\/\"},{\"@type\":\"ListItem\",\"position\":2,\"name\":\"WSP\u00d3LNOTA ZAKONNA\"}]}]}<\/script>\n<!-- \/ Yoast SEO plugin. -->","yoast_head_json":{"title":"WSP\u00d3LNOTA ZAKONNA - Pako\u015b\u0107 \u2013 Kalwaria","robots":{"index":"index","follow":"follow","max-snippet":"max-snippet:-1","max-image-preview":"max-image-preview:large","max-video-preview":"max-video-preview:-1"},"canonical":"https:\/\/pakosc-kalwaria.franciszkanie.net\/index.php\/wspolnota-zakonna\/","og_locale":"pl_PL","og_type":"article","og_title":"WSP\u00d3LNOTA ZAKONNA - Pako\u015b\u0107 \u2013 Kalwaria","og_description":"o. Leon Waldemar Barczak OFM &#8211; proboszcz o. Les\u0142aw Zenon Szymborski OFM &#8211; misjonarz, rekolekcjonista &nbsp; &nbsp; &nbsp;","og_url":"https:\/\/pakosc-kalwaria.franciszkanie.net\/index.php\/wspolnota-zakonna\/","og_site_name":"Pako\u015b\u0107 \u2013 Kalwaria","article_modified_time":"2023-04-11T11:45:16+00:00","og_image":[{"url":"http:\/\/pakosc-kalwaria.franciszkanie.net\/wp-content\/uploads\/2016\/07\/DSCN0081-300x225.jpg"}],"twitter_card":"summary","twitter_misc":{"Szacowany czas czytania":"1 minuta"},"schema":{"@context":"https:\/\/schema.org","@graph":[{"@type":"WebSite","@id":"https:\/\/pakosc-kalwaria.franciszkanie.net\/#website","url":"https:\/\/pakosc-kalwaria.franciszkanie.net\/","name":"Pako\u015b\u0107 \u2013 Kalwaria","description":"Parafia Rzymsko \u2013 Katolicka p.w. Pana Jezusa Ukrzy\u017cowanego i  Matki Bo\u017cej Bolesnej ul. Barci\u0144ska 60, 88\u2013170 Pako\u015b\u0107 \u2013 Kalwaria","potentialAction":[{"@type":"SearchAction","target":{"@type":"EntryPoint","urlTemplate":"https:\/\/pakosc-kalwaria.franciszkanie.net\/?s={search_term_string}"},"query-input":"required name=search_term_string"}],"inLanguage":"pl-PL"},{"@type":"ImageObject","@id":"https:\/\/pakosc-kalwaria.franciszkanie.net\/index.php\/wspolnota-zakonna\/#primaryimage","inLanguage":"pl-PL","url":"http:\/\/pakosc-kalwaria.franciszkanie.net\/wp-content\/uploads\/2016\/07\/DSCN0081-300x225.jpg","contentUrl":"http:\/\/pakosc-kalwaria.franciszkanie.net\/wp-content\/uploads\/2016\/07\/DSCN0081-300x225.jpg"},{"@type":"WebPage","@id":"https:\/\/pakosc-kalwaria.franciszkanie.net\/index.php\/wspolnota-zakonna\/#webpage","url":"https:\/\/pakosc-kalwaria.franciszkanie.net\/index.php\/wspolnota-zakonna\/","name":"WSP\u00d3LNOTA ZAKONNA - Pako\u015b\u0107 \u2013 Kalwaria","isPartOf":{"@id":"https:\/\/pakosc-kalwaria.franciszkanie.net\/#website"},"primaryImageOfPage":{"@id":"https:\/\/pakosc-kalwaria.franciszkanie.net\/index.php\/wspolnota-zakonna\/#primaryimage"},"datePublished":"2016-07-15T09:18:19+00:00","dateModified":"2023-04-11T11:45:16+00:00","breadcrumb":{"@id":"https:\/\/pakosc-kalwaria.franciszkanie.net\/index.php\/wspolnota-zakonna\/#breadcrumb"},"inLanguage":"pl-PL","potentialAction":[{"@type":"ReadAction","target":["https:\/\/pakosc-kalwaria.franciszkanie.net\/index.php\/wspolnota-zakonna\/"]}]},{"@type":"BreadcrumbList","@id":"https:\/\/pakosc-kalwaria.franciszkanie.net\/index.php\/wspolnota-zakonna\/#breadcrumb","itemListElement":[{"@type":"ListItem","position":1,"name":"Strona g\u0142\u00f3wna","item":"https:\/\/pakosc-kalwaria.franciszkanie.net\/"},{"@type":"ListItem","position":2,"name":"WSP\u00d3LNOTA ZAKONNA"}]}]}},"_links":{"self":[{"href":"https:\/\/pakosc-kalwaria.franciszkanie.net\/index.php\/wp-json\/wp\/v2\/pages\/60"}],"collection":[{"href":"https:\/\/pakosc-kalwaria.franciszkanie.net\/index.php\/wp-json\/wp\/v2\/pages"}],"about":[{"href":"https:\/\/pakosc-kalwaria.franciszkanie.net\/index.php\/wp-json\/wp\/v2\/types\/page"}],"author":[{"embeddable":true,"href":"https:\/\/pakosc-kalwaria.franciszkanie.net\/index.php\/wp-json\/wp\/v2\/users\/5"}],"replies":[{"embeddable":true,"href":"https:\/\/pakosc-kalwaria.franciszkanie.net\/index.php\/wp-json\/wp\/v2\/comments?post=60"}],"version-history":[{"count":13,"href":"https:\/\/pakosc-kalwaria.franciszkanie.net\/index.php\/wp-json\/wp\/v2\/pages\/60\/revisions"}],"predecessor-version":[{"id":27806,"href":"https:\/\/pakosc-kalwaria.franciszkanie.net\/index.php\/wp-json\/wp\/v2\/pages\/60\/revisions\/27806"}],"wp:attachment":[{"href":"https:\/\/pakosc-kalwaria.franciszkanie.net\/index.php\/wp-json\/wp\/v2\/media?parent=60"}],"curies":[{"name":"wp","href":"https:\/\/api.w.org\/{rel}","templated":true}]}}