{"id":67,"date":"2016-07-15T11:31:05","date_gmt":"2016-07-15T09:31:05","guid":{"rendered":"http:\/\/pakosc-kalwaria.franciszkanie.net\/?page_id=67"},"modified":"2019-10-20T08:27:54","modified_gmt":"2019-10-20T06:27:54","slug":"sw-franciszek-z-asyzu","status":"publish","type":"page","link":"https:\/\/pakosc-kalwaria.franciszkanie.net\/index.php\/sw-franciszek-z-asyzu\/","title":{"rendered":"\u015aW. FRANCISZEK Z ASY\u017bU"},"content":{"rendered":"<p><strong>Chronologia \u017cycia \u015bw. Franciszka<\/strong><br \/>\n<a href=\"http:\/\/pakosc-kalwaria.franciszkanie.net\/index.php\/sw-franciszek-z-asyzu\/chronologia-zycia-sw-franciszka\/\">&#8211; czytaj<\/a><\/p>\n<p><strong>Pisma \u015bw. Franciszka:<\/strong><br \/>\n<a href=\"http:\/\/pakosc-kalwaria.franciszkanie.net\/index.php\/sw-franciszek-z-asyzu\/list-do-wiernych-i-redakcja\/\">&#8211; List do Wiernych I redakcja<\/a><br \/>\n<a href=\"http:\/\/pakosc-kalwaria.franciszkanie.net\/index.php\/sw-franciszek-z-asyzu\/list-do-wiernych-ii-redakcja\/\">&#8211; List do Wiernych II redakcja<\/a><br \/>\n<a href=\"http:\/\/pakosc-kalwaria.franciszkanie.net\/index.php\/sw-franciszek-z-asyzu\/napomnienia-sw-franciszka\/\">&#8211; Napomnienia \u015bw. Franciszka<\/a><br \/>\n<a href=\"http:\/\/pakosc-kalwaria.franciszkanie.net\/index.php\/sw-franciszek-z-asyzu\/regula-zatwierdzona-sw-franciszka\/\">&#8211; Regu\u0142a zatwierdzona \u015bw. Franciszka<\/a><br \/>\n<a href=\"http:\/\/pakosc-kalwaria.franciszkanie.net\/index.php\/sw-franciszek-z-asyzu\/testament-sw-franciszka\/\">&#8211; Testament \u015bw. Franciszka<\/a><br \/>\n<a href=\"http:\/\/pakosc-kalwaria.franciszkanie.net\/index.php\/sw-franciszek-z-asyzu\/traktat-o-radosci-doskonalej\/\">&#8211; Traktat o rado\u015bci doskona\u0142ej<\/a><\/p>\n<p><strong>Modlitwy \u015bw. Franciszka:<\/strong><br \/>\n<a href=\"http:\/\/pakosc-kalwaria.franciszkanie.net\/index.php\/sw-franciszek-z-asyzu\/modlitwa-odmowiona-przed-krucyfiksem\/\">&#8211; Modlitwa odm\u00f3wiona przed krucyfiksem<\/a><br \/>\n<a href=\"http:\/\/pakosc-kalwaria.franciszkanie.net\/index.php\/sw-franciszek-z-asyzu\/wyklad-modlitwy-ojcze-nasz\/\">&#8211; Wyk\u0142ad modlitwy Ojcze nasz<\/a><br \/>\n<a href=\"http:\/\/pakosc-kalwaria.franciszkanie.net\/index.php\/sw-franciszek-z-asyzu\/modlitwy-pochwalne-odmawiane-przy-wszystkich-godzinach\/\">&#8211; Modlitwy pochwalne odmawiane przy wszystkich Godzinach<\/a><br \/>\n<a href=\"http:\/\/pakosc-kalwaria.franciszkanie.net\/index.php\/sw-franciszek-z-asyzu\/piesn-sloneczna-albo-pochwala-stworzen\/\">&#8211; Pie\u015b\u0144 s\u0142oneczna albo pochwa\u0142a stworze\u0144<\/a><br \/>\n<a href=\"http:\/\/pakosc-kalwaria.franciszkanie.net\/index.php\/sw-franciszek-z-asyzu\/pozdrowienie-blogoslawionej-maryi-dziewicy\/\">&#8211; Pozdrowienie b\u0142ogos\u0142awionej Maryi Dziewicy<\/a><br \/>\n<a href=\"http:\/\/pakosc-kalwaria.franciszkanie.net\/index.php\/sw-franciszek-z-asyzu\/pozdrowienie-cnot\/\">&#8211; Pozdrowienie cn\u00f3t<\/a><br \/>\n<a href=\"http:\/\/pakosc-kalwaria.franciszkanie.net\/index.php\/sw-franciszek-z-asyzu\/zacheta-do-uwielbienia-boga\/\">&#8211; Zach\u0119ta do uwielbienia Boga<\/a><br \/>\n<a href=\"http:\/\/pakosc-kalwaria.franciszkanie.net\/index.php\/sw-franciszek-z-asyzu\/uwielbienie-boga-najwyzszego\/\">&#8211; Uwielbienie Boga Najwy\u017cszego<\/a><br \/>\n<a href=\"http:\/\/pakosc-kalwaria.franciszkanie.net\/index.php\/sw-franciszek-z-asyzu\/modlitwa-do-jezusa-eucharystycznego\/\">&#8211; Modlitwa do Jezusa Eucharystycznego<\/a><br \/>\n<a href=\"http:\/\/pakosc-kalwaria.franciszkanie.net\/index.php\/sw-franciszek-z-asyzu\/modlitwa-w-czasie-choroby\/\">&#8211; Modlitwa w czasie choroby<\/a><br \/>\n<a href=\"http:\/\/pakosc-kalwaria.franciszkanie.net\/index.php\/sw-franciszek-z-asyzu\/modlitwa-pochwalna-i-dziekczynna\/\">&#8211; Modlitwa Pochwalna i Dzi\u0119kczynna<\/a><\/p>\n<p><strong>Modlitwy do \u015bw. Franciszka:<\/strong><br \/>\n<a href=\"http:\/\/pakosc-kalwaria.franciszkanie.net\/index.php\/sw-franciszek-z-asyzu\/litania-do-sw-franciszka\/\">&#8211; Litania do \u015bw. Franciszka<\/a><br \/>\n<a href=\"http:\/\/pakosc-kalwaria.franciszkanie.net\/index.php\/sw-franciszek-z-asyzu\/nowenna-do-sw-franciszka\/\">&#8211; Nowenna do \u015bw. Franciszka<\/a><br \/>\n<a href=\"http:\/\/pakosc-kalwaria.franciszkanie.net\/index.php\/sw-franciszek-z-asyzu\/godzinki-ku-czci-sw-franciszka\/\">&#8211; Godzinki ku czci \u015bw. Franciszka<\/a><br \/>\n<a href=\"http:\/\/pakosc-kalwaria.franciszkanie.net\/index.php\/sw-franciszek-z-asyzu\/modlitwa-jana-pawla-ii-do-sw-franciszka\/\">&#8211; Modlitwa Jana Paw\u0142a II do \u015bw. Franciszka<\/a><\/p>\n<p><strong>Franciszka\u0144ski \u017c\u0142\u00f3bek<\/strong><br \/>\n<a href=\"http:\/\/pakosc-kalwaria.franciszkanie.net\/index.php\/sw-franciszek-z-asyzu\/franciszkanski-zlobek\/\">&#8211; czytaj<\/a><\/p>\n","protected":false},"excerpt":{"rendered":"<p>Chronologia \u017cycia \u015bw. Franciszka &#8211; czytaj Pisma \u015bw. Franciszka: &#8211; List do Wiernych I redakcja &#8211; List do Wiernych II redakcja &#8211; Napomnienia \u015bw. Franciszka &#8211; Regu\u0142a zatwierdzona \u015bw. Franciszka &#8211; Testament \u015bw. Franciszka &#8211; Traktat o rado\u015bci doskona\u0142ej Modlitwy \u015bw. Franciszka: &#8211; Modlitwa odm\u00f3wiona przed krucyfiksem &#8211; Wyk\u0142ad modlitwy Ojcze nasz &#8211; Modlitwy pochwalne &hellip;<\/p>\n","protected":false},"author":5,"featured_media":0,"parent":0,"menu_order":0,"comment_status":"closed","ping_status":"closed","template":"","meta":{"_mi_skip_tracking":false,"_exactmetrics_sitenote_active":false,"_exactmetrics_sitenote_note":"","_exactmetrics_sitenote_category":0},"yoast_head":"<!-- This site is optimized with the Yoast SEO plugin v18.1 - https:\/\/yoast.com\/wordpress\/plugins\/seo\/ -->\n<title>\u015aW. FRANCISZEK Z ASY\u017bU - Pako\u015b\u0107 \u2013 Kalwaria<\/title>\n<meta name=\"robots\" content=\"index, follow, max-snippet:-1, max-image-preview:large, max-video-preview:-1\" \/>\n<link rel=\"canonical\" href=\"https:\/\/pakosc-kalwaria.franciszkanie.net\/index.php\/sw-franciszek-z-asyzu\/\" \/>\n<meta property=\"og:locale\" content=\"pl_PL\" \/>\n<meta property=\"og:type\" content=\"article\" \/>\n<meta property=\"og:title\" content=\"\u015aW. FRANCISZEK Z ASY\u017bU - Pako\u015b\u0107 \u2013 Kalwaria\" \/>\n<meta property=\"og:description\" content=\"Chronologia \u017cycia \u015bw. Franciszka &#8211; czytaj Pisma \u015bw. Franciszka: &#8211; List do Wiernych I redakcja &#8211; List do Wiernych II redakcja &#8211; Napomnienia \u015bw. Franciszka &#8211; Regu\u0142a zatwierdzona \u015bw. Franciszka &#8211; Testament \u015bw. Franciszka &#8211; Traktat o rado\u015bci doskona\u0142ej Modlitwy \u015bw. Franciszka: &#8211; Modlitwa odm\u00f3wiona przed krucyfiksem &#8211; Wyk\u0142ad modlitwy Ojcze nasz &#8211; Modlitwy pochwalne &hellip;\" \/>\n<meta property=\"og:url\" content=\"https:\/\/pakosc-kalwaria.franciszkanie.net\/index.php\/sw-franciszek-z-asyzu\/\" \/>\n<meta property=\"og:site_name\" content=\"Pako\u015b\u0107 \u2013 Kalwaria\" \/>\n<meta property=\"article:modified_time\" content=\"2019-10-20T06:27:54+00:00\" \/>\n<meta name=\"twitter:card\" content=\"summary\" \/>\n<meta name=\"twitter:label1\" content=\"Szacowany czas czytania\" \/>\n\t<meta name=\"twitter:data1\" content=\"1 minuta\" \/>\n<script type=\"application\/ld+json\" class=\"yoast-schema-graph\">{\"@context\":\"https:\/\/schema.org\",\"@graph\":[{\"@type\":\"WebSite\",\"@id\":\"https:\/\/pakosc-kalwaria.franciszkanie.net\/#website\",\"url\":\"https:\/\/pakosc-kalwaria.franciszkanie.net\/\",\"name\":\"Pako\u015b\u0107 \u2013 Kalwaria\",\"description\":\"Parafia Rzymsko \u2013 Katolicka p.w. Pana Jezusa Ukrzy\u017cowanego i  Matki Bo\u017cej Bolesnej ul. Barci\u0144ska 60, 88\u2013170 Pako\u015b\u0107 \u2013 Kalwaria\",\"potentialAction\":[{\"@type\":\"SearchAction\",\"target\":{\"@type\":\"EntryPoint\",\"urlTemplate\":\"https:\/\/pakosc-kalwaria.franciszkanie.net\/?s={search_term_string}\"},\"query-input\":\"required name=search_term_string\"}],\"inLanguage\":\"pl-PL\"},{\"@type\":\"WebPage\",\"@id\":\"https:\/\/pakosc-kalwaria.franciszkanie.net\/index.php\/sw-franciszek-z-asyzu\/#webpage\",\"url\":\"https:\/\/pakosc-kalwaria.franciszkanie.net\/index.php\/sw-franciszek-z-asyzu\/\",\"name\":\"\u015aW. FRANCISZEK Z ASY\u017bU - Pako\u015b\u0107 \u2013 Kalwaria\",\"isPartOf\":{\"@id\":\"https:\/\/pakosc-kalwaria.franciszkanie.net\/#website\"},\"datePublished\":\"2016-07-15T09:31:05+00:00\",\"dateModified\":\"2019-10-20T06:27:54+00:00\",\"breadcrumb\":{\"@id\":\"https:\/\/pakosc-kalwaria.franciszkanie.net\/index.php\/sw-franciszek-z-asyzu\/#breadcrumb\"},\"inLanguage\":\"pl-PL\",\"potentialAction\":[{\"@type\":\"ReadAction\",\"target\":[\"https:\/\/pakosc-kalwaria.franciszkanie.net\/index.php\/sw-franciszek-z-asyzu\/\"]}]},{\"@type\":\"BreadcrumbList\",\"@id\":\"https:\/\/pakosc-kalwaria.franciszkanie.net\/index.php\/sw-franciszek-z-asyzu\/#breadcrumb\",\"itemListElement\":[{\"@type\":\"ListItem\",\"position\":1,\"name\":\"Strona g\u0142\u00f3wna\",\"item\":\"https:\/\/pakosc-kalwaria.franciszkanie.net\/\"},{\"@type\":\"ListItem\",\"position\":2,\"name\":\"\u015aW. FRANCISZEK Z ASY\u017bU\"}]}]}<\/script>\n<!-- \/ Yoast SEO plugin. -->","yoast_head_json":{"title":"\u015aW. FRANCISZEK Z ASY\u017bU - Pako\u015b\u0107 \u2013 Kalwaria","robots":{"index":"index","follow":"follow","max-snippet":"max-snippet:-1","max-image-preview":"max-image-preview:large","max-video-preview":"max-video-preview:-1"},"canonical":"https:\/\/pakosc-kalwaria.franciszkanie.net\/index.php\/sw-franciszek-z-asyzu\/","og_locale":"pl_PL","og_type":"article","og_title":"\u015aW. FRANCISZEK Z ASY\u017bU - Pako\u015b\u0107 \u2013 Kalwaria","og_description":"Chronologia \u017cycia \u015bw. Franciszka &#8211; czytaj Pisma \u015bw. Franciszka: &#8211; List do Wiernych I redakcja &#8211; List do Wiernych II redakcja &#8211; Napomnienia \u015bw. Franciszka &#8211; Regu\u0142a zatwierdzona \u015bw. Franciszka &#8211; Testament \u015bw. Franciszka &#8211; Traktat o rado\u015bci doskona\u0142ej Modlitwy \u015bw. Franciszka: &#8211; Modlitwa odm\u00f3wiona przed krucyfiksem &#8211; Wyk\u0142ad modlitwy Ojcze nasz &#8211; Modlitwy pochwalne &hellip;","og_url":"https:\/\/pakosc-kalwaria.franciszkanie.net\/index.php\/sw-franciszek-z-asyzu\/","og_site_name":"Pako\u015b\u0107 \u2013 Kalwaria","article_modified_time":"2019-10-20T06:27:54+00:00","twitter_card":"summary","twitter_misc":{"Szacowany czas czytania":"1 minuta"},"schema":{"@context":"https:\/\/schema.org","@graph":[{"@type":"WebSite","@id":"https:\/\/pakosc-kalwaria.franciszkanie.net\/#website","url":"https:\/\/pakosc-kalwaria.franciszkanie.net\/","name":"Pako\u015b\u0107 \u2013 Kalwaria","description":"Parafia Rzymsko \u2013 Katolicka p.w. Pana Jezusa Ukrzy\u017cowanego i  Matki Bo\u017cej Bolesnej ul. Barci\u0144ska 60, 88\u2013170 Pako\u015b\u0107 \u2013 Kalwaria","potentialAction":[{"@type":"SearchAction","target":{"@type":"EntryPoint","urlTemplate":"https:\/\/pakosc-kalwaria.franciszkanie.net\/?s={search_term_string}"},"query-input":"required name=search_term_string"}],"inLanguage":"pl-PL"},{"@type":"WebPage","@id":"https:\/\/pakosc-kalwaria.franciszkanie.net\/index.php\/sw-franciszek-z-asyzu\/#webpage","url":"https:\/\/pakosc-kalwaria.franciszkanie.net\/index.php\/sw-franciszek-z-asyzu\/","name":"\u015aW. FRANCISZEK Z ASY\u017bU - Pako\u015b\u0107 \u2013 Kalwaria","isPartOf":{"@id":"https:\/\/pakosc-kalwaria.franciszkanie.net\/#website"},"datePublished":"2016-07-15T09:31:05+00:00","dateModified":"2019-10-20T06:27:54+00:00","breadcrumb":{"@id":"https:\/\/pakosc-kalwaria.franciszkanie.net\/index.php\/sw-franciszek-z-asyzu\/#breadcrumb"},"inLanguage":"pl-PL","potentialAction":[{"@type":"ReadAction","target":["https:\/\/pakosc-kalwaria.franciszkanie.net\/index.php\/sw-franciszek-z-asyzu\/"]}]},{"@type":"BreadcrumbList","@id":"https:\/\/pakosc-kalwaria.franciszkanie.net\/index.php\/sw-franciszek-z-asyzu\/#breadcrumb","itemListElement":[{"@type":"ListItem","position":1,"name":"Strona g\u0142\u00f3wna","item":"https:\/\/pakosc-kalwaria.franciszkanie.net\/"},{"@type":"ListItem","position":2,"name":"\u015aW. FRANCISZEK Z ASY\u017bU"}]}]}},"_links":{"self":[{"href":"https:\/\/pakosc-kalwaria.franciszkanie.net\/index.php\/wp-json\/wp\/v2\/pages\/67"}],"collection":[{"href":"https:\/\/pakosc-kalwaria.franciszkanie.net\/index.php\/wp-json\/wp\/v2\/pages"}],"about":[{"href":"https:\/\/pakosc-kalwaria.franciszkanie.net\/index.php\/wp-json\/wp\/v2\/types\/page"}],"author":[{"embeddable":true,"href":"https:\/\/pakosc-kalwaria.franciszkanie.net\/index.php\/wp-json\/wp\/v2\/users\/5"}],"replies":[{"embeddable":true,"href":"https:\/\/pakosc-kalwaria.franciszkanie.net\/index.php\/wp-json\/wp\/v2\/comments?post=67"}],"version-history":[{"count":10,"href":"https:\/\/pakosc-kalwaria.franciszkanie.net\/index.php\/wp-json\/wp\/v2\/pages\/67\/revisions"}],"predecessor-version":[{"id":10834,"href":"https:\/\/pakosc-kalwaria.franciszkanie.net\/index.php\/wp-json\/wp\/v2\/pages\/67\/revisions\/10834"}],"wp:attachment":[{"href":"https:\/\/pakosc-kalwaria.franciszkanie.net\/index.php\/wp-json\/wp\/v2\/media?parent=67"}],"curies":[{"name":"wp","href":"https:\/\/api.w.org\/{rel}","templated":true}]}}