{"id":78,"date":"2016-07-15T11:58:43","date_gmt":"2016-07-15T09:58:43","guid":{"rendered":"http:\/\/pakosc-kalwaria.franciszkanie.net\/?page_id=78"},"modified":"2016-07-15T11:58:43","modified_gmt":"2016-07-15T09:58:43","slug":"list-do-wiernych-ii-redakcja","status":"publish","type":"page","link":"https:\/\/pakosc-kalwaria.franciszkanie.net\/index.php\/sw-franciszek-z-asyzu\/list-do-wiernych-ii-redakcja\/","title":{"rendered":"LIST DO WIERNYCH II REDAKCJA"},"content":{"rendered":"<p>W imi\u0119 Pa\u0144skie &#8211; Ojca i Syna, i Ducha \u015bwi\u0119tego. Amen. 1Wszystkim chrze\u015bcijanom &#8211; \u017cyj\u0105cym w zakonie, duchownym i \u015bwieckim, m\u0119\u017cczyznom i kobietom, wszystkim, kt\u00f3rzy mieszkaj\u0105 na ca\u0142ym \u015bwiecie, brat Franciszek, s\u0142uga ich i poddany, sk\u0142ada wyrazy czci i uszanowania oraz \u017cyczy prawdziwego pokoju z nieba i szczerej mi\u0142o\u015bci w Panu.<\/p>\n<p>2B\u0119d\u0105c s\u0142ug\u0105 wszystkich, mam obowi\u0105zek s\u0142u\u017cy\u0107 wszystkim i udziela\u0107 wonnych s\u0142\u00f3w mojego Pana. 3Zwa\u017cywszy zatem, \u017ce z powodu choroby i s\u0142abo\u015bci mego cia\u0142a nie mog\u0119 ka\u017cdego z osobna odwiedzi\u0107 osobi\u015bcie, postanowi\u0142em w tym li\u015bcie i or\u0119dziu przekaza\u0107 wam s\u0142owa Pana naszego Jezusa Chrystusa, kt\u00f3ry jest S\u0142owem Ojca, i s\u0142owa Ducha \u015awi\u0119tego, kt\u00f3re s\u0105 duchem i \u017cyciem (J 6, 64).<\/p>\n<p>4To S\u0142owo Ojca tak godne, tak \u015bwi\u0119te i chwalebne zwiastowa\u0142 najwy\u017cszy Ojciec z nieba przez \u015bw. Gabriela, swego anio\u0142a, maj\u0105ce zst\u0105pi\u0107 do \u0142ona \u015bwi\u0119tej i chwalebnej Dziewicy Maryi, z kt\u00f3rej to \u0142ona przyj\u0119\u0142o prawdziwe cia\u0142o naszego cz\u0142owiecze\u0144stwa i naszej u\u0142omno\u015bci. 5Kt\u00f3re, b\u0119d\u0105c bogate (2 Kor 8, 9) ponad wszystko, zechcia\u0142o wybra\u0107 na \u015bwiecie ub\u00f3stwo wraz z Naj\u015bwi\u0119tsz\u0105 Dziewic\u0105, Matk\u0105 swoj\u0105. 6Bliski m\u0119ki \u015bwi\u0119ci\u0142 [Jezus} pasch\u0119 ze swymi uczniami i wzi\u0105wszy chleb, dzi\u0119ki czyni\u0142 i b\u0142ogos\u0142awi\u0142, i \u0142ama\u0142 m\u00f3wi\u0105c: bierzcie i jedzcie, to jest cia\u0142o moje (por. Mt 26, 26). 7A wzi\u0105wszy kielich (por. Mt 26, 27) powiedzia\u0142: To jest krew moja Nowego Przymierza, kt\u00f3ra za was i za wielu b\u0119dzie wylana na odpuszczenie grzech\u00f3w (por. Mt 26, 28). 8Potem modli\u0142 si\u0119 do Ojca m\u00f3wi\u0105c: Ojcze, je\u015bli to by\u0107 mo\u017ce, niech odejdzie ode mnie ten kielich (por. Mt 26, 39). 9I sta\u0142 si\u0119 pot Jego jak krople krwi, sp\u0142ywaj\u0105cej na ziemi\u0119 (\u0141k 22, 44). 10Podda\u0142 jednak sw\u0105 wol\u0119 woli Ojca m\u00f3wi\u0105c: Ojcze, niech si\u0119 dzieje wola Twoja (por. Mt 26, 42), nie jak Ja chc\u0119, ale jak Ty (Mt 26, 39). 11Wola za\u015b Ojca by\u0142a taka, aby Syn Jego b\u0142ogos\u0142awiony i chwalebny, kt\u00f3rego nam da\u0142 i kt\u00f3ry narodzi\u0142 si\u0119 dla nas, ofiarowa\u0142 siebie samego przez w\u0142asn\u0105 krew jako ofiara i \u017certwa na o\u0142tarzu krzy\u017ca 12nie za siebie, przez kt\u00f3rego sta\u0142o si\u0119 wszystko (por. J 1, 3), ale za nasze grzechy, 13zostawiaj\u0105c nam przyk\u0142ad, aby\u015bmy wst\u0119powali w Jego \u015blady (por. 1 P 2, 21). 14I chc\u0119, aby\u015bmy wszyscy zostali przez Niego zbawieni i przyjmowali Go czystym sercem i czystym cia\u0142em. 15Lecz niewielu jest takich, kt\u00f3rzy pragn\u0105 Go przyjmowa\u0107 i dost\u0105pi\u0107 przez Niego zbawienia, chocia\u017c jarzmo Jego jest s\u0142odkie, a brzemi\u0119 Jego lekkie (por. Mt 11, 30).<\/p>\n<p>16Przekl\u0119ci s\u0105 ci, kt\u00f3rzy nie chc\u0105 skosztowa\u0107 jak s\u0142odki jest Pan (por. Ps 33, 9) i bardziej mi\u0142uj\u0105 ciemno\u015bci ni\u017c \u015bwiat\u0142o\u015b\u0107 (por. J 3, 19), i nie chc\u0105 wype\u0142nia\u0107 przykaza\u0144 Bo\u017cych. 17O nich to m\u00f3wi prorok: Przekl\u0119ci, kt\u00f3rzy odst\u0119puj\u0105 od Twoich przykaza\u0144 (Ps 118, 21). 18Lecz jak szcz\u0119\u015bliwi i b\u0142ogos\u0142awieni s\u0105 ci, kt\u00f3rzy mi\u0142uj\u0105 Boga i czyni\u0105 tak, jak sam Pan m\u00f3wi w Ewangelii: B\u0119dziesz mi\u0142owa\u0142 Pana Boga twego z ca\u0142ego serca i ca\u0142ym umys\u0142em, a bli\u017aniego twego jak samego siebie (por. Mt 22, 37. 39).<\/p>\n<p>19Mi\u0142ujmy wi\u0119c Boga i uwielbiajmy Go czystym sercem i czystym umys\u0142em, bo On, tego ponad wszystko pragn\u0105c, powiedzia\u0142: Prawdziwi czciciele b\u0119d\u0105 czci\u0107 Ojca w duchu i prawdzie (J 4, 23). 20Wszyscy bowiem, kt\u00f3rzy cze\u015b\u0107 Mu oddaj\u0105, powinni Go czci\u0107 w duchu prawdy (por. J 4, 24). 21I wychwalajmy Go, i m\u00f3dlmy si\u0119 w dzie\u0144 i w nocy (Ps 31, 4) m\u00f3wi\u0105c: Ojcze nasz, kt\u00f3ry jeste\u015b w niebie (Mt 6, 9), bo zawsze powinni\u015bmy si\u0119 modli\u0107 i nie ustawa\u0107 (por. \u0141k 18, 1).<\/p>\n<p>22Powinni\u015bmy spowiada\u0107 si\u0119 przed kap\u0142anem ze wszystkich grzech\u00f3w naszych i przyjmowa\u0107 od niego Cia\u0142o i Krew Pana naszego Jezusa Chrystusa. 23Kto nie spo\u017cywa Jego Cia\u0142a i nie pije Jego Krwi (por. J 6, 55. 57), nie mo\u017ce wej\u015b\u0107 do Kr\u00f3lestwa Bo\u017cego (J 3, 5). 24Niech jednak spo\u017cywa i pije godnie, poniewa\u017c kto niegodnie przyjmuje, s\u0105d sobie spo\u017cywa i pije, nie rozpoznaj\u0105c Cia\u0142a Pa\u0144skiego (por. 1 Kor 11, 29), tj. nie odr\u00f3\u017cnia [od innych pokarm\u00f3w]. 25Wydawajmy r\u00f3wnie\u017c godne owoce pokuty (\u0141k 3, 8). 26I kochajmy bli\u017anich jak siebie samych (por. Mt 22, 39). 27A je\u015bli kto nie chce kocha\u0107 ich tak jak siebie, niech im przynajmniej nie wyrz\u0105dza z\u0142a, lecz niech im czyni dobrze.<\/p>\n<p>28Ci za\u015b, kt\u00f3rzy otrzymali w\u0142adz\u0119 s\u0119dziowsk\u0105, niech s\u0105dz\u0105 z mi\u0142osierdziem, tak jak sami pragn\u0105 otrzyma\u0107 mi\u0142osierdzie od Pana. 29S\u0105d bowiem bez mi\u0142osierdzia b\u0119dzie nad tymi, kt\u00f3rzy mi\u0142osierdzia nie oka\u017c\u0105 (por. Jk 2, 13). 30Miejmy wi\u0119c mi\u0142o\u015b\u0107 i pokor\u0119; i dawajmy ja\u0142mu\u017cn\u0119, bo ona oczyszcza dusze z brud\u00f3w grzechowych (por. Tb 4, 11; 12, 9). 31Ludzie bowiem trac\u0105 wszystko, co zostawiaj\u0105 na tym \u015bwiecie, zabieraj\u0105 jednak ze sob\u0105 wynagrodzenie za mi\u0142o\u015b\u0107 i ja\u0142mu\u017cny, jakich udzielali; otrzymaj\u0105 za nie od Pana nagrod\u0119 i odpowiedni\u0105 zap\u0142at\u0119.<\/p>\n<p>32Powinni\u015bmy r\u00f3wnie\u017c po\u015bci\u0107 i powstrzymywa\u0107 si\u0119 od na\u0142og\u00f3w i grzech\u00f3w (por. Syr 3, 32), i od nadu\u017cywania pokarm\u00f3w i napoju, i by\u0107 katolikami. 33Powinni\u015bmy r\u00f3wnie\u017c nawiedza\u0107 cz\u0119sto ko\u015bcio\u0142y oraz szanowa\u0107 i czci\u0107 duchownych, nie tyle dla nich samych, bo mog\u0105 by\u0107 grzesznikami, ile dla ich urz\u0119du i pos\u0142ugi wobec Naj\u015bwi\u0119tszego Cia\u0142a i Krwi Chrystusa, kt\u00f3re oni konsekruj\u0105 na o\u0142tarzu, sami przyjmuj\u0105 i innym udzielaj\u0105. 34I b\u0105d\u017amy wszyscy mocno przekonani, \u017ce nikt nie mo\u017ce inaczej si\u0119 zbawi\u0107, jak tylko przez \u015bwi\u0119te s\u0142owa i Krew Pana naszego Jezusa Chrystusa, kt\u00f3re duchowni g\u0142osz\u0105, przekazuj\u0105 i udzielaj\u0105. 35I tylko oni powinni to wype\u0142nia\u0107, a nikt inny. 36Zw\u0142aszcza za\u015b zakonnicy, kt\u00f3rzy wyrzekli si\u0119 \u015bwiata, maj\u0105 obowi\u0105zek czyni\u0107 to, co wi\u0119ksze i lepsze, ale i tamtych nie zaniedbywa\u0107 (por. \u0141k 11, 42).<\/p>\n<p>37Powinni\u015bmy mie\u0107 w nienawi\u015bci cia\u0142a nasze z wadami i grzechami, bo Pan m\u00f3wi w Ewangelii: wszelkie z\u0142o, wyst\u0119pki i grzechy z serca pochodz\u0105 (por. Mt 15, 18-19; Mk 7, 23). 38Powinni\u015bmy mi\u0142owa\u0107 naszych nieprzyjaci\u00f3\u0142 i dobrze czyni\u0107 tym, kt\u00f3rzy, nas maj\u0105 w nienawi\u015bci (por. Mt 5, 44; \u0141k 6, 27). 39Powinni\u015bmy zachowywa\u0107 przykazania i rady Pana naszego Jezusa Chrystusa. 40Powinni\u015bmy r\u00f3wnie\u017c wyrzec si\u0119 siebie samych (por. Mt 16, 24) i podda\u0107 nasze cia\u0142a pod jarzmo s\u0142u\u017cby i \u015bwi\u0119tego pos\u0142usze\u0144stwa, jak to ka\u017cdy przyrzek\u0142 Panu. 41I \u017caden cz\u0142owiek nie mo\u017ce by\u0107 zobowi\u0105zany na mocy pos\u0142usze\u0144stwa s\u0142ucha\u0107 kogokolwiek w tym, co jest wykroczeniem lub grzechem.<\/p>\n<p>42Ten za\u015b, kt\u00f3ry ma czuwa\u0107 nad pos\u0142usze\u0144stwem i kt\u00f3ry uchodzi za wi\u0119kszego, niech b\u0119dzie jako mniejszy (\u0141k 22, 26) i s\u0142uga innych braci. 43A w stosunku do poszczeg\u00f3lnych braci swoich niech okazuje mi\u0142osierdzie i niech je zachowa, tak, jakby sobie \u017cyczy\u0142 w podobnym wypadku. 44 I niech si\u0119 nie gniewa na brata z powodu jego wyst\u0119pku, lecz nich go \u0142agodnie upomina i znosi z wszelk\u0105 cierpliwo\u015bci\u0105 i pokor\u0105.<\/p>\n<p>45Nie powinni\u015bmy by\u0107 m\u0105drymi i roztropnymi wed\u0142ug cia\u0142a (por. 1 Kor 1, 26), lecz raczej b\u0105d\u017amy prostymi, pokornymi i czystymi. 46I miejmy w pogardzie i poni\u017ceniu nasze cia\u0142a, bo wszyscy z w\u0142asnej winy jeste\u015bmy n\u0119dzni i zepsuci, cuchn\u0105cy i robaki, jak m\u00f3wi Pan przez proroka: Ja jestem robak, a nie cz\u0142owiek, po\u015bmiewisko ludzkie i wzgarda posp\u00f3lstwa (Ps 21, 7). 47Nie pragnijmy nigdy g\u00f3rowa\u0107 nad innymi, lecz b\u0105d\u017amy raczej s\u0142ugami i poddanymi wszelkiemu ludzkiemu stworzeniu ze wzgl\u0119du na Boga (1 P 2, 13). 48A na tych wszystkich i te wszystkie, kt\u00f3re b\u0119d\u0105 to czyni\u0107 i wytrwaj\u0105 a\u017c do ko\u0144ca, spocznie Duch Pa\u0144ski (por. Iz 11, 2) i uczyni w nich mieszkanie i miejsce pobytu (por. J 14, 23). 49I b\u0119d\u0105 synami Ojca niebieskiego (por. Mt 5, 45), kt\u00f3rego dzie\u0142a czyni\u0105. 50I s\u0105 oblubie\u0144cami, bra\u0107mi i matkami Pana naszego Jezusa Chrystusa (por. Mt 12, 50). 51Jeste\u015bmy oblubie\u0144cami, gdy dusza wierna \u0142\u0105czy si\u0119 w Duchu \u015awi\u0119tym z Jezusem Chrystusem. 52Jeste\u015bmy prawdziwie bra\u0107mi gdy spe\u0142niamy wol\u0119 Jego Ojca, kt\u00f3ry jest w niebie (por. Mt 12, 50). 53Jeste\u015bmy matkami, gdy nosimy Go w sercu i w ciele naszym (por. 1 Kor 6, 20) przez mi\u0142o\u015b\u0107 i czyste i szczere sumienie, rodzimy go przez \u015bwi\u0119te uczynki, kt\u00f3re powinny przy\u015bwieca\u0107 innym jako wz\u00f3r (por. Mt 5, 16).<\/p>\n<p>54O, jak\u017ce chwalebna i \u015bwi\u0119ta, i wielka to rzecz: mie\u0107 w niebie Ojca! 55O, jak \u015bwi\u0119t\u0105 jest rzecz\u0105 mie\u0107 pocieszyciela, tak pi\u0119knego i podziwu godnego oblubie\u0144ca! 56O, jak \u015bwi\u0119t\u0105 i cenn\u0105 jest rzecz\u0105 mie\u0107 tak mi\u0142ego, pokornego, darz\u0105cego pokojem, s\u0142odkiego i godnego mi\u0142o\u015bci, i ponad wszystko upragnionego brata i syna, kt\u00f3ry \u017cycie swoje odda\u0142 za owce swoje (por. J 10, 15) i modli\u0142 si\u0119 za nami do Ojca m\u00f3wi\u0105c: Ojcze \u015bwi\u0119ty, zachowaj w imi\u0119 Twoje tych, kt\u00f3rych Mi da\u0142e\u015b (J 17, 11). 57Ojcze wszyscy, kt\u00f3rych Mi da\u0142e\u015b na \u015bwiecie, Twoimi byli, i da\u0142e\u015b Mi ich (por. J 17, 6). 58I s\u0142owa, kt\u00f3re Mi da\u0142e\u015b, da\u0142em im: a oni przyj\u0119li i prawdziwie poznali, \u017ce od Ciebie wyszed\u0142em i uwierzyli, \u017ce Ty Mnie pos\u0142a\u0142e\u015b (J 17, 8). Prosz\u0119 za nimi, a nie za \u015bwiatem (por. J 17, 17). 59I za nich samego siebie po\u015bwi\u0119cam w ofierze, aby zostali u\u015bwi\u0119ceni w (J 17, 19) jedno, jak i my (J 17, 11) jeste\u015bmy. 60I chc\u0119 Ojcze, aby i oni byli ze Mn\u0105 tam, gdzie Ja jestem, \u017ceby ogl\u0105dali chwa\u0142\u0119 moj\u0105 (J 17, 24) w kr\u00f3lestwie Twoim (Mt 20, 21).<\/p>\n<p>61Temu za\u015b, kt\u00f3ry tyle wycierpia\u0142 za nas, wy\u015bwiadczy\u0142 nam tyle dobra i wy\u015bwiadczy w przysz\u0142o\u015bci, niech wszelkie stworzenie, kt\u00f3re jest w niebie, na ziemi, w morzu i przepa\u015bciach, oddaje jako Bogu s\u0142aw\u0119, chwa\u0142\u0119, cze\u015b\u0107 i b\u0142ogos\u0142awie\u0144stwo (por. Ap 5, 13), 62poniewa\u017c On jest nasz\u0105 moc\u0105 i si\u0142\u0105, On sam jest dobry, sam najwy\u017cszy, sam wszechmocny, godny podziwu, sam przes\u0142awny i \u015bwi\u0119ty, godny chwa\u0142y i b\u0142ogos\u0142awiony przez niesko\u0144czone wieki wiek\u00f3w. Amen.<\/p>\n<p>63Ci wszyscy za\u015b, kt\u00f3rzy nie trwaj\u0105 w pokucie i nie przyjmuj\u0105 cia\u0142a i Krwi Pana naszego Jezusa Chrystusa, 64dopuszczaj\u0105 si\u0119 wyst\u0119pk\u00f3w i grzech\u00f3w, i ulegaj\u0105 z\u0142ej po\u017c\u0105dliwo\u015bci i z\u0142ym pragnieniom, i nie zachowuj\u0105 tego co przyrzekli, 65i s\u0142u\u017c\u0105 ciele\u015bnie \u015bwiatu cielesnymi pragnieniami i zabiegami \u015bwiata, i troskami tego \u017cycia, 66oszukani przez szatana, kt\u00f3rego s\u0105 synami i jego uczynki pe\u0142ni\u0105 (por J 8, 41), s\u0105 \u015blepi, poniewa\u017c nie widz\u0105 prawdziwego \u015awiat\u0142a, Pana naszego Jezusa Chrystusa. 67Ci nie maj\u0105 m\u0105dro\u015bci duchowej, poniewa\u017c nie maj\u0105 Syna Bo\u017cego, kt\u00f3ry jest prawdziw\u0105 M\u0105dro\u015bci\u0105 Ojca; O nich jest powiedziane: M\u0105dro\u015b\u0107 ich zosta\u0142a poch\u0142oni\u0119ta (por. Ps 106, 27). 68Widz\u0105 poznaj\u0105, wiedz\u0105 i post\u0119puj\u0105 \u017ale, i \u015bwiadomie gubi\u0105 dusze. 69Patrzcie, \u015blepcy, zwiedzeni przez waszych nieprzyjaci\u00f3\u0142, to jest: przez cia\u0142o, \u015bwiat i szatana, bo cia\u0142u s\u0142odko jest grzeszy\u0107, a gorzko s\u0142u\u017cy\u0107 Bogu, poniewa\u017c wszelkie z\u0142o, wyst\u0119pki i grzechy z serca ludzkiego wychodz\u0105 i pochodz\u0105 (por. Mk 7, 21. 23), jak m\u00f3wi Pan w Ewangelii. 70I niczego dobrego nie macie w tym \u015bwiecie, ani w przysz\u0142ym. 71 Uwa\u017cacie, \u017ce d\u0142ugo b\u0119dziecie posiada\u0107 marno\u015bci tego \u015bwiata, lecz \u0142udzicie si\u0119, bo przyjdzie dzie\u0144 i godzina, o kt\u00f3rych nie my\u015blicie, nie wiecie, i kt\u00f3rych nie znacie.<\/p>\n<p>72Cia\u0142o choruje, \u015bmier\u0107 si\u0119 zbli\u017ca, przychodz\u0105 krewni i przyjaciele m\u00f3wi\u0105c: &#8222;Rozrz\u0105d\u017a tym, co twoje&#8221;. 73A \u017cona i dzieci jego, i krewni, i przyjaciele udaj\u0105, \u017ce p\u0142acz\u0105. 74I patrz\u0105c na nich, i widz\u0105c, jak p\u0142acz\u0105, ulega z\u0142emu wzruszeniu, zastanawia si\u0119 i m\u00f3wi: Oto dusz\u0119 i cia\u0142o moje, i wszystko, co mam, sk\u0142adam w wasze r\u0119ce. 75Przekl\u0119ty jest naprawd\u0119 ten cz\u0142owiek, kt\u00f3ry powierza i oddaje w takie r\u0119ce swoj\u0105 dusz\u0119 i cia\u0142o, i ca\u0142y sw\u00f3j maj\u0105tek. 76Dlatego Pan m\u00f3wi przez proroka: Przekl\u0119ty cz\u0142owiek, kt\u00f3ry pok\u0142ada nadziej\u0119 w cz\u0142owieku (Jr 17, 5). 77I sprowadzaj\u0105 zaraz kap\u0142ana; kap\u0142an m\u00f3wi do niego: &#8222;Czy chcesz pokutowa\u0107 za wszystkie swoje grzechy?&#8221; 78Odpowiada: &#8222;Chc\u0119&#8221;. &#8222;Czy chcesz zado\u015b\u0107uczyni\u0107 za pope\u0142nione grzechy i wed\u0142ug mo\u017cno\u015bci ze swego maj\u0105tku naprawi\u0107 krzywdy, jakie wyrz\u0105dzi\u0142e\u015b ludziom?&#8221; 79Odpowiada: &#8222;Nie&#8221;. A kap\u0142an pyta: &#8222;Dlaczego nie?&#8221; 80&#8243;Bo odda\u0142em wszystko w r\u0119ce krewnych i przyjaci\u00f3\u0142&#8221;. 81I zaczyna traci\u0107 mow\u0119, i tak umiera ten nieszcz\u0119\u015bliwy.<\/p>\n<p>82Lecz niech wiedz\u0105 wszyscy, \u017ce gdziekolwiek i w jakikolwiek spos\u00f3b umar\u0142by cz\u0142owiek w grzechu \u015bmiertelnym bez zado\u015b\u0107uczynienia, i mo\u017ce zado\u015b\u0107uczyni\u0107, a nie zado\u015b\u0107uczyni\u0142, szatan porywa jego dusz\u0119 z jego cia\u0142a z takim uciskiem i m\u0119k\u0105, o jakich nikt wiedzie\u0107 nie mo\u017ce, o ile tego nie dozna\u0142. 83I wszystkie bogactwa i w\u0142adza, i wiedza, o kt\u00f3rych s\u0105dzi\u0142, \u017ce je posiada, zostan\u0105 mu odj\u0119te (por. Mk 4, 25; \u0141k 8, 18). 84I pozostawia krewnym i przyjacio\u0142om, a ci zabior\u0105 i podziel\u0105 jego maj\u0119tno\u015b\u0107, a nast\u0119pnie powiedz\u0105: &#8222;Niech b\u0119dzie przekl\u0119ta jego dusza, bo m\u00f3g\u0142 wi\u0119cej nam da\u0107 i zgromadzi\u0107, ni\u017c zgromadzi\u0142&#8221;. 85Cia\u0142o jedz\u0105 robaki; i tak gubi cia\u0142o i dusz\u0119 w tym kr\u00f3tkim \u017cyciu i p\u00f3jdzie do piek\u0142a, gdzie b\u0119dzie cierpia\u0142 m\u0119ki bez ko\u0144ca.<\/p>\n<p>86W imi\u0119 Ojca i Syna, i Ducha \u015awi\u0119tego. Amen. 87Ja, brat Franciszek, s\u0142uga wasz najmniejszy, prosz\u0119 was i zaklinam w mi\u0142o\u015bci, kt\u00f3r\u0105 jest B\u00f3g (por. 1 J 4, 16) i z ch\u0119ci\u0105 uca\u0142owania waszych st\u00f3p, aby\u015bcie te oraz inne s\u0142owa Pana naszego Jezusa Chrystusa przyj\u0119li z pokor\u0105 i mi\u0142o\u015bci\u0105 i spe\u0142niali je, i zachowywali. 88A tych wszystkich i te wszystkie, kt\u00f3rzy je \u017cyczliwie przyjm\u0105, zrozumiej\u0105 i odpis ich po\u015bl\u0105 innym, i je\u015bli wytrwaj\u0105 w tym a\u017c do ko\u0144ca (por. Mt 10, 22; 24, 13), niech b\u0142ogos\u0142awi Ojciec i Syn, i Duch \u015awi\u0119ty.<\/p>\n<p>Amen.<\/p>\n","protected":false},"excerpt":{"rendered":"<p>W imi\u0119 Pa\u0144skie &#8211; Ojca i Syna, i Ducha \u015bwi\u0119tego. Amen. 1Wszystkim chrze\u015bcijanom &#8211; \u017cyj\u0105cym w zakonie, duchownym i \u015bwieckim, m\u0119\u017cczyznom i kobietom, wszystkim, kt\u00f3rzy mieszkaj\u0105 na ca\u0142ym \u015bwiecie, brat Franciszek, s\u0142uga ich i poddany, sk\u0142ada wyrazy czci i uszanowania oraz \u017cyczy prawdziwego pokoju z nieba i szczerej mi\u0142o\u015bci w Panu. 2B\u0119d\u0105c s\u0142ug\u0105 wszystkich, mam &hellip;<\/p>\n","protected":false},"author":5,"featured_media":0,"parent":67,"menu_order":0,"comment_status":"closed","ping_status":"closed","template":"","meta":{"_mi_skip_tracking":false,"_exactmetrics_sitenote_active":false,"_exactmetrics_sitenote_note":"","_exactmetrics_sitenote_category":0},"yoast_head":"<!-- This site is optimized with the Yoast SEO plugin v18.1 - https:\/\/yoast.com\/wordpress\/plugins\/seo\/ -->\n<title>LIST DO WIERNYCH II REDAKCJA - Pako\u015b\u0107 \u2013 Kalwaria<\/title>\n<meta name=\"robots\" content=\"index, follow, max-snippet:-1, max-image-preview:large, max-video-preview:-1\" \/>\n<link rel=\"canonical\" href=\"https:\/\/pakosc-kalwaria.franciszkanie.net\/index.php\/sw-franciszek-z-asyzu\/list-do-wiernych-ii-redakcja\/\" \/>\n<meta property=\"og:locale\" content=\"pl_PL\" \/>\n<meta property=\"og:type\" content=\"article\" \/>\n<meta property=\"og:title\" content=\"LIST DO WIERNYCH II REDAKCJA - Pako\u015b\u0107 \u2013 Kalwaria\" \/>\n<meta property=\"og:description\" content=\"W imi\u0119 Pa\u0144skie &#8211; Ojca i Syna, i Ducha \u015bwi\u0119tego. Amen. 1Wszystkim chrze\u015bcijanom &#8211; \u017cyj\u0105cym w zakonie, duchownym i \u015bwieckim, m\u0119\u017cczyznom i kobietom, wszystkim, kt\u00f3rzy mieszkaj\u0105 na ca\u0142ym \u015bwiecie, brat Franciszek, s\u0142uga ich i poddany, sk\u0142ada wyrazy czci i uszanowania oraz \u017cyczy prawdziwego pokoju z nieba i szczerej mi\u0142o\u015bci w Panu. 2B\u0119d\u0105c s\u0142ug\u0105 wszystkich, mam &hellip;\" \/>\n<meta property=\"og:url\" content=\"https:\/\/pakosc-kalwaria.franciszkanie.net\/index.php\/sw-franciszek-z-asyzu\/list-do-wiernych-ii-redakcja\/\" \/>\n<meta property=\"og:site_name\" content=\"Pako\u015b\u0107 \u2013 Kalwaria\" \/>\n<meta name=\"twitter:card\" content=\"summary\" \/>\n<meta name=\"twitter:label1\" content=\"Szacowany czas czytania\" \/>\n\t<meta name=\"twitter:data1\" content=\"12 minut\" \/>\n<script type=\"application\/ld+json\" class=\"yoast-schema-graph\">{\"@context\":\"https:\/\/schema.org\",\"@graph\":[{\"@type\":\"WebSite\",\"@id\":\"https:\/\/pakosc-kalwaria.franciszkanie.net\/#website\",\"url\":\"https:\/\/pakosc-kalwaria.franciszkanie.net\/\",\"name\":\"Pako\u015b\u0107 \u2013 Kalwaria\",\"description\":\"Parafia Rzymsko \u2013 Katolicka p.w. Pana Jezusa Ukrzy\u017cowanego i  Matki Bo\u017cej Bolesnej ul. Barci\u0144ska 60, 88\u2013170 Pako\u015b\u0107 \u2013 Kalwaria\",\"potentialAction\":[{\"@type\":\"SearchAction\",\"target\":{\"@type\":\"EntryPoint\",\"urlTemplate\":\"https:\/\/pakosc-kalwaria.franciszkanie.net\/?s={search_term_string}\"},\"query-input\":\"required name=search_term_string\"}],\"inLanguage\":\"pl-PL\"},{\"@type\":\"WebPage\",\"@id\":\"https:\/\/pakosc-kalwaria.franciszkanie.net\/index.php\/sw-franciszek-z-asyzu\/list-do-wiernych-ii-redakcja\/#webpage\",\"url\":\"https:\/\/pakosc-kalwaria.franciszkanie.net\/index.php\/sw-franciszek-z-asyzu\/list-do-wiernych-ii-redakcja\/\",\"name\":\"LIST DO WIERNYCH II REDAKCJA - Pako\u015b\u0107 \u2013 Kalwaria\",\"isPartOf\":{\"@id\":\"https:\/\/pakosc-kalwaria.franciszkanie.net\/#website\"},\"datePublished\":\"2016-07-15T09:58:43+00:00\",\"dateModified\":\"2016-07-15T09:58:43+00:00\",\"breadcrumb\":{\"@id\":\"https:\/\/pakosc-kalwaria.franciszkanie.net\/index.php\/sw-franciszek-z-asyzu\/list-do-wiernych-ii-redakcja\/#breadcrumb\"},\"inLanguage\":\"pl-PL\",\"potentialAction\":[{\"@type\":\"ReadAction\",\"target\":[\"https:\/\/pakosc-kalwaria.franciszkanie.net\/index.php\/sw-franciszek-z-asyzu\/list-do-wiernych-ii-redakcja\/\"]}]},{\"@type\":\"BreadcrumbList\",\"@id\":\"https:\/\/pakosc-kalwaria.franciszkanie.net\/index.php\/sw-franciszek-z-asyzu\/list-do-wiernych-ii-redakcja\/#breadcrumb\",\"itemListElement\":[{\"@type\":\"ListItem\",\"position\":1,\"name\":\"Strona g\u0142\u00f3wna\",\"item\":\"https:\/\/pakosc-kalwaria.franciszkanie.net\/\"},{\"@type\":\"ListItem\",\"position\":2,\"name\":\"\u015aW. FRANCISZEK Z ASY\u017bU\",\"item\":\"https:\/\/pakosc-kalwaria.franciszkanie.net\/index.php\/sw-franciszek-z-asyzu\/\"},{\"@type\":\"ListItem\",\"position\":3,\"name\":\"LIST DO WIERNYCH II REDAKCJA\"}]}]}<\/script>\n<!-- \/ Yoast SEO plugin. -->","yoast_head_json":{"title":"LIST DO WIERNYCH II REDAKCJA - Pako\u015b\u0107 \u2013 Kalwaria","robots":{"index":"index","follow":"follow","max-snippet":"max-snippet:-1","max-image-preview":"max-image-preview:large","max-video-preview":"max-video-preview:-1"},"canonical":"https:\/\/pakosc-kalwaria.franciszkanie.net\/index.php\/sw-franciszek-z-asyzu\/list-do-wiernych-ii-redakcja\/","og_locale":"pl_PL","og_type":"article","og_title":"LIST DO WIERNYCH II REDAKCJA - Pako\u015b\u0107 \u2013 Kalwaria","og_description":"W imi\u0119 Pa\u0144skie &#8211; Ojca i Syna, i Ducha \u015bwi\u0119tego. Amen. 1Wszystkim chrze\u015bcijanom &#8211; \u017cyj\u0105cym w zakonie, duchownym i \u015bwieckim, m\u0119\u017cczyznom i kobietom, wszystkim, kt\u00f3rzy mieszkaj\u0105 na ca\u0142ym \u015bwiecie, brat Franciszek, s\u0142uga ich i poddany, sk\u0142ada wyrazy czci i uszanowania oraz \u017cyczy prawdziwego pokoju z nieba i szczerej mi\u0142o\u015bci w Panu. 2B\u0119d\u0105c s\u0142ug\u0105 wszystkich, mam &hellip;","og_url":"https:\/\/pakosc-kalwaria.franciszkanie.net\/index.php\/sw-franciszek-z-asyzu\/list-do-wiernych-ii-redakcja\/","og_site_name":"Pako\u015b\u0107 \u2013 Kalwaria","twitter_card":"summary","twitter_misc":{"Szacowany czas czytania":"12 minut"},"schema":{"@context":"https:\/\/schema.org","@graph":[{"@type":"WebSite","@id":"https:\/\/pakosc-kalwaria.franciszkanie.net\/#website","url":"https:\/\/pakosc-kalwaria.franciszkanie.net\/","name":"Pako\u015b\u0107 \u2013 Kalwaria","description":"Parafia Rzymsko \u2013 Katolicka p.w. Pana Jezusa Ukrzy\u017cowanego i  Matki Bo\u017cej Bolesnej ul. Barci\u0144ska 60, 88\u2013170 Pako\u015b\u0107 \u2013 Kalwaria","potentialAction":[{"@type":"SearchAction","target":{"@type":"EntryPoint","urlTemplate":"https:\/\/pakosc-kalwaria.franciszkanie.net\/?s={search_term_string}"},"query-input":"required name=search_term_string"}],"inLanguage":"pl-PL"},{"@type":"WebPage","@id":"https:\/\/pakosc-kalwaria.franciszkanie.net\/index.php\/sw-franciszek-z-asyzu\/list-do-wiernych-ii-redakcja\/#webpage","url":"https:\/\/pakosc-kalwaria.franciszkanie.net\/index.php\/sw-franciszek-z-asyzu\/list-do-wiernych-ii-redakcja\/","name":"LIST DO WIERNYCH II REDAKCJA - Pako\u015b\u0107 \u2013 Kalwaria","isPartOf":{"@id":"https:\/\/pakosc-kalwaria.franciszkanie.net\/#website"},"datePublished":"2016-07-15T09:58:43+00:00","dateModified":"2016-07-15T09:58:43+00:00","breadcrumb":{"@id":"https:\/\/pakosc-kalwaria.franciszkanie.net\/index.php\/sw-franciszek-z-asyzu\/list-do-wiernych-ii-redakcja\/#breadcrumb"},"inLanguage":"pl-PL","potentialAction":[{"@type":"ReadAction","target":["https:\/\/pakosc-kalwaria.franciszkanie.net\/index.php\/sw-franciszek-z-asyzu\/list-do-wiernych-ii-redakcja\/"]}]},{"@type":"BreadcrumbList","@id":"https:\/\/pakosc-kalwaria.franciszkanie.net\/index.php\/sw-franciszek-z-asyzu\/list-do-wiernych-ii-redakcja\/#breadcrumb","itemListElement":[{"@type":"ListItem","position":1,"name":"Strona g\u0142\u00f3wna","item":"https:\/\/pakosc-kalwaria.franciszkanie.net\/"},{"@type":"ListItem","position":2,"name":"\u015aW. FRANCISZEK Z ASY\u017bU","item":"https:\/\/pakosc-kalwaria.franciszkanie.net\/index.php\/sw-franciszek-z-asyzu\/"},{"@type":"ListItem","position":3,"name":"LIST DO WIERNYCH II REDAKCJA"}]}]}},"_links":{"self":[{"href":"https:\/\/pakosc-kalwaria.franciszkanie.net\/index.php\/wp-json\/wp\/v2\/pages\/78"}],"collection":[{"href":"https:\/\/pakosc-kalwaria.franciszkanie.net\/index.php\/wp-json\/wp\/v2\/pages"}],"about":[{"href":"https:\/\/pakosc-kalwaria.franciszkanie.net\/index.php\/wp-json\/wp\/v2\/types\/page"}],"author":[{"embeddable":true,"href":"https:\/\/pakosc-kalwaria.franciszkanie.net\/index.php\/wp-json\/wp\/v2\/users\/5"}],"replies":[{"embeddable":true,"href":"https:\/\/pakosc-kalwaria.franciszkanie.net\/index.php\/wp-json\/wp\/v2\/comments?post=78"}],"version-history":[{"count":2,"href":"https:\/\/pakosc-kalwaria.franciszkanie.net\/index.php\/wp-json\/wp\/v2\/pages\/78\/revisions"}],"predecessor-version":[{"id":80,"href":"https:\/\/pakosc-kalwaria.franciszkanie.net\/index.php\/wp-json\/wp\/v2\/pages\/78\/revisions\/80"}],"up":[{"embeddable":true,"href":"https:\/\/pakosc-kalwaria.franciszkanie.net\/index.php\/wp-json\/wp\/v2\/pages\/67"}],"wp:attachment":[{"href":"https:\/\/pakosc-kalwaria.franciszkanie.net\/index.php\/wp-json\/wp\/v2\/media?parent=78"}],"curies":[{"name":"wp","href":"https:\/\/api.w.org\/{rel}","templated":true}]}}