{"id":94,"date":"2016-07-15T12:22:19","date_gmt":"2016-07-15T10:22:19","guid":{"rendered":"http:\/\/pakosc-kalwaria.franciszkanie.net\/?page_id=94"},"modified":"2016-07-15T12:22:19","modified_gmt":"2016-07-15T10:22:19","slug":"traktat-o-radosci-doskonalej","status":"publish","type":"page","link":"https:\/\/pakosc-kalwaria.franciszkanie.net\/index.php\/sw-franciszek-z-asyzu\/traktat-o-radosci-doskonalej\/","title":{"rendered":"TRAKTAT O RADO\u015aCI DOSKONA\u0141EJ"},"content":{"rendered":"<ul>\n<li>Ten\u017ce [br. Leonard] opowiada\u0142, \u017ce pewnego dnia u \u015awi\u0119tej Maryi [Matki Boskiej Anielskiej] \u015bw. Franciszek zawo\u0142a\u0142 brata Leona i powiedzia\u0142: &#8222;Bracie Leonie, pisz&#8221;.<\/li>\n<li>Ten odpowiedzia\u0142: &#8222;Jestem got\u00f3w&#8221;.<\/li>\n<li>Pisz &#8211; rzecze &#8211; czym jest prawdziwa rado\u015b\u0107.<\/li>\n<li>Przybywa pos\u0142aniec i m\u00f3wi, \u017ce wszyscy profesorowie z Pary\u017ca wst\u0105pili do zakonu; napisz to nie prawdziwa rado\u015b\u0107.<\/li>\n<li>\u017be tak samo uczynili wszyscy pra\u0142aci z tamtej strony Alp, arcybiskupi i biskupi, r\u00f3wnie\u017c kr\u00f3l Francji i Anglii; napisz, to nie jest prawdziwa rado\u015b\u0107.<\/li>\n<li>Tak samo, \u017ce moi bracia poszli do niewiernych i nawr\u00f3cili wszystkich do wiary; \u017ce mam od Boga tak wielk\u0105 \u0142ask\u0119, \u017ce uzdrawiam chorych i czyni\u0119 wiele cud\u00f3w; m\u00f3wi\u0119 ci, \u017ce w tym wszystkim nie kryje si\u0119 prawdziwa rado\u015b\u0107.<\/li>\n<li>Lecz co to jest prawdziwa rado\u015b\u0107?<\/li>\n<li>Wracam z Perugii i p\u00f3\u017an\u0105 noc\u0105 przychodz\u0119 tu, jest zima i s\u0142ota, i tak zimno, \u017ce u do\u0142u tuniki zwisaj\u0105 zmarzni\u0119te sople i rani\u0105 wci\u0105\u017c nogi, i krew p\u0142ynie z tych ran.<\/li>\n<li>I ca\u0142y zab\u0142ocony, zzi\u0119bni\u0119ty i zlodowacia\u0142y przychodz\u0119 do bramy; i gdy d\u0142ugo puka\u0142em i wo\u0142a\u0142em, przyszed\u0142 brat i pyta: Kto jest?. Odpowiedzia\u0142em: Brat Franciszek.<\/li>\n<li>A ten m\u00f3wi: Wyno\u015b si\u0119; to nie jest pora stosowna do chodzenia; nie wejdziesz.<\/li>\n<li>A gdy ja znowu nalegam, odpowiada: Wyno\u015b si\u0119; ty jeste\u015b [cz\u0142owiek] prosty i niewykszta\u0142cony. Jeste\u015b teraz zupe\u0142nie zbyteczny. Jest nas tylu i takich, \u017ce nie potrzebujemy ciebie.<\/li>\n<li>A ja znowu staj\u0119 przy bramie i m\u00f3wi\u0119: Na mi\u0142o\u015b\u0107 Bo\u017c\u0105, przyjmijcie mnie na t\u0119 noc.<\/li>\n<li>A on odpowiada: Nic z tego. Id\u017a tam, gdzie s\u0105 krzy\u017cowcy i pro\u015b.<\/li>\n<li>Powiadam ci: je\u015bli zachowam cierpliwo\u015b\u0107 i nie rozgniewam si\u0119, na tym polega prawdziwa rado\u015b\u0107 i prawdziwa cnota, i zbawienie duszy.<\/li>\n<\/ul>\n","protected":false},"excerpt":{"rendered":"<p>Ten\u017ce [br. Leonard] opowiada\u0142, \u017ce pewnego dnia u \u015awi\u0119tej Maryi [Matki Boskiej Anielskiej] \u015bw. Franciszek zawo\u0142a\u0142 brata Leona i powiedzia\u0142: &#8222;Bracie Leonie, pisz&#8221;. Ten odpowiedzia\u0142: &#8222;Jestem got\u00f3w&#8221;. Pisz &#8211; rzecze &#8211; czym jest prawdziwa rado\u015b\u0107. Przybywa pos\u0142aniec i m\u00f3wi, \u017ce wszyscy profesorowie z Pary\u017ca wst\u0105pili do zakonu; napisz to nie prawdziwa rado\u015b\u0107. \u017be tak samo &hellip;<\/p>\n","protected":false},"author":5,"featured_media":0,"parent":67,"menu_order":0,"comment_status":"closed","ping_status":"closed","template":"","meta":{"_mi_skip_tracking":false,"_exactmetrics_sitenote_active":false,"_exactmetrics_sitenote_note":"","_exactmetrics_sitenote_category":0},"yoast_head":"<!-- This site is optimized with the Yoast SEO plugin v18.1 - https:\/\/yoast.com\/wordpress\/plugins\/seo\/ -->\n<title>TRAKTAT O RADO\u015aCI DOSKONA\u0141EJ - Pako\u015b\u0107 \u2013 Kalwaria<\/title>\n<meta name=\"robots\" content=\"index, follow, max-snippet:-1, max-image-preview:large, max-video-preview:-1\" \/>\n<link rel=\"canonical\" href=\"https:\/\/pakosc-kalwaria.franciszkanie.net\/index.php\/sw-franciszek-z-asyzu\/traktat-o-radosci-doskonalej\/\" \/>\n<meta property=\"og:locale\" content=\"pl_PL\" \/>\n<meta property=\"og:type\" content=\"article\" \/>\n<meta property=\"og:title\" content=\"TRAKTAT O RADO\u015aCI DOSKONA\u0141EJ - Pako\u015b\u0107 \u2013 Kalwaria\" \/>\n<meta property=\"og:description\" content=\"Ten\u017ce [br. Leonard] opowiada\u0142, \u017ce pewnego dnia u \u015awi\u0119tej Maryi [Matki Boskiej Anielskiej] \u015bw. Franciszek zawo\u0142a\u0142 brata Leona i powiedzia\u0142: &#8222;Bracie Leonie, pisz&#8221;. Ten odpowiedzia\u0142: &#8222;Jestem got\u00f3w&#8221;. Pisz &#8211; rzecze &#8211; czym jest prawdziwa rado\u015b\u0107. Przybywa pos\u0142aniec i m\u00f3wi, \u017ce wszyscy profesorowie z Pary\u017ca wst\u0105pili do zakonu; napisz to nie prawdziwa rado\u015b\u0107. \u017be tak samo &hellip;\" \/>\n<meta property=\"og:url\" content=\"https:\/\/pakosc-kalwaria.franciszkanie.net\/index.php\/sw-franciszek-z-asyzu\/traktat-o-radosci-doskonalej\/\" \/>\n<meta property=\"og:site_name\" content=\"Pako\u015b\u0107 \u2013 Kalwaria\" \/>\n<meta name=\"twitter:card\" content=\"summary\" \/>\n<meta name=\"twitter:label1\" content=\"Szacowany czas czytania\" \/>\n\t<meta name=\"twitter:data1\" content=\"2 minuty\" \/>\n<script type=\"application\/ld+json\" class=\"yoast-schema-graph\">{\"@context\":\"https:\/\/schema.org\",\"@graph\":[{\"@type\":\"WebSite\",\"@id\":\"https:\/\/pakosc-kalwaria.franciszkanie.net\/#website\",\"url\":\"https:\/\/pakosc-kalwaria.franciszkanie.net\/\",\"name\":\"Pako\u015b\u0107 \u2013 Kalwaria\",\"description\":\"Parafia Rzymsko \u2013 Katolicka p.w. Pana Jezusa Ukrzy\u017cowanego i  Matki Bo\u017cej Bolesnej ul. Barci\u0144ska 60, 88\u2013170 Pako\u015b\u0107 \u2013 Kalwaria\",\"potentialAction\":[{\"@type\":\"SearchAction\",\"target\":{\"@type\":\"EntryPoint\",\"urlTemplate\":\"https:\/\/pakosc-kalwaria.franciszkanie.net\/?s={search_term_string}\"},\"query-input\":\"required name=search_term_string\"}],\"inLanguage\":\"pl-PL\"},{\"@type\":\"WebPage\",\"@id\":\"https:\/\/pakosc-kalwaria.franciszkanie.net\/index.php\/sw-franciszek-z-asyzu\/traktat-o-radosci-doskonalej\/#webpage\",\"url\":\"https:\/\/pakosc-kalwaria.franciszkanie.net\/index.php\/sw-franciszek-z-asyzu\/traktat-o-radosci-doskonalej\/\",\"name\":\"TRAKTAT O RADO\u015aCI DOSKONA\u0141EJ - Pako\u015b\u0107 \u2013 Kalwaria\",\"isPartOf\":{\"@id\":\"https:\/\/pakosc-kalwaria.franciszkanie.net\/#website\"},\"datePublished\":\"2016-07-15T10:22:19+00:00\",\"dateModified\":\"2016-07-15T10:22:19+00:00\",\"breadcrumb\":{\"@id\":\"https:\/\/pakosc-kalwaria.franciszkanie.net\/index.php\/sw-franciszek-z-asyzu\/traktat-o-radosci-doskonalej\/#breadcrumb\"},\"inLanguage\":\"pl-PL\",\"potentialAction\":[{\"@type\":\"ReadAction\",\"target\":[\"https:\/\/pakosc-kalwaria.franciszkanie.net\/index.php\/sw-franciszek-z-asyzu\/traktat-o-radosci-doskonalej\/\"]}]},{\"@type\":\"BreadcrumbList\",\"@id\":\"https:\/\/pakosc-kalwaria.franciszkanie.net\/index.php\/sw-franciszek-z-asyzu\/traktat-o-radosci-doskonalej\/#breadcrumb\",\"itemListElement\":[{\"@type\":\"ListItem\",\"position\":1,\"name\":\"Strona g\u0142\u00f3wna\",\"item\":\"https:\/\/pakosc-kalwaria.franciszkanie.net\/\"},{\"@type\":\"ListItem\",\"position\":2,\"name\":\"\u015aW. FRANCISZEK Z ASY\u017bU\",\"item\":\"https:\/\/pakosc-kalwaria.franciszkanie.net\/index.php\/sw-franciszek-z-asyzu\/\"},{\"@type\":\"ListItem\",\"position\":3,\"name\":\"TRAKTAT O RADO\u015aCI DOSKONA\u0141EJ\"}]}]}<\/script>\n<!-- \/ Yoast SEO plugin. -->","yoast_head_json":{"title":"TRAKTAT O RADO\u015aCI DOSKONA\u0141EJ - Pako\u015b\u0107 \u2013 Kalwaria","robots":{"index":"index","follow":"follow","max-snippet":"max-snippet:-1","max-image-preview":"max-image-preview:large","max-video-preview":"max-video-preview:-1"},"canonical":"https:\/\/pakosc-kalwaria.franciszkanie.net\/index.php\/sw-franciszek-z-asyzu\/traktat-o-radosci-doskonalej\/","og_locale":"pl_PL","og_type":"article","og_title":"TRAKTAT O RADO\u015aCI DOSKONA\u0141EJ - Pako\u015b\u0107 \u2013 Kalwaria","og_description":"Ten\u017ce [br. Leonard] opowiada\u0142, \u017ce pewnego dnia u \u015awi\u0119tej Maryi [Matki Boskiej Anielskiej] \u015bw. Franciszek zawo\u0142a\u0142 brata Leona i powiedzia\u0142: &#8222;Bracie Leonie, pisz&#8221;. Ten odpowiedzia\u0142: &#8222;Jestem got\u00f3w&#8221;. Pisz &#8211; rzecze &#8211; czym jest prawdziwa rado\u015b\u0107. Przybywa pos\u0142aniec i m\u00f3wi, \u017ce wszyscy profesorowie z Pary\u017ca wst\u0105pili do zakonu; napisz to nie prawdziwa rado\u015b\u0107. \u017be tak samo &hellip;","og_url":"https:\/\/pakosc-kalwaria.franciszkanie.net\/index.php\/sw-franciszek-z-asyzu\/traktat-o-radosci-doskonalej\/","og_site_name":"Pako\u015b\u0107 \u2013 Kalwaria","twitter_card":"summary","twitter_misc":{"Szacowany czas czytania":"2 minuty"},"schema":{"@context":"https:\/\/schema.org","@graph":[{"@type":"WebSite","@id":"https:\/\/pakosc-kalwaria.franciszkanie.net\/#website","url":"https:\/\/pakosc-kalwaria.franciszkanie.net\/","name":"Pako\u015b\u0107 \u2013 Kalwaria","description":"Parafia Rzymsko \u2013 Katolicka p.w. Pana Jezusa Ukrzy\u017cowanego i  Matki Bo\u017cej Bolesnej ul. Barci\u0144ska 60, 88\u2013170 Pako\u015b\u0107 \u2013 Kalwaria","potentialAction":[{"@type":"SearchAction","target":{"@type":"EntryPoint","urlTemplate":"https:\/\/pakosc-kalwaria.franciszkanie.net\/?s={search_term_string}"},"query-input":"required name=search_term_string"}],"inLanguage":"pl-PL"},{"@type":"WebPage","@id":"https:\/\/pakosc-kalwaria.franciszkanie.net\/index.php\/sw-franciszek-z-asyzu\/traktat-o-radosci-doskonalej\/#webpage","url":"https:\/\/pakosc-kalwaria.franciszkanie.net\/index.php\/sw-franciszek-z-asyzu\/traktat-o-radosci-doskonalej\/","name":"TRAKTAT O RADO\u015aCI DOSKONA\u0141EJ - Pako\u015b\u0107 \u2013 Kalwaria","isPartOf":{"@id":"https:\/\/pakosc-kalwaria.franciszkanie.net\/#website"},"datePublished":"2016-07-15T10:22:19+00:00","dateModified":"2016-07-15T10:22:19+00:00","breadcrumb":{"@id":"https:\/\/pakosc-kalwaria.franciszkanie.net\/index.php\/sw-franciszek-z-asyzu\/traktat-o-radosci-doskonalej\/#breadcrumb"},"inLanguage":"pl-PL","potentialAction":[{"@type":"ReadAction","target":["https:\/\/pakosc-kalwaria.franciszkanie.net\/index.php\/sw-franciszek-z-asyzu\/traktat-o-radosci-doskonalej\/"]}]},{"@type":"BreadcrumbList","@id":"https:\/\/pakosc-kalwaria.franciszkanie.net\/index.php\/sw-franciszek-z-asyzu\/traktat-o-radosci-doskonalej\/#breadcrumb","itemListElement":[{"@type":"ListItem","position":1,"name":"Strona g\u0142\u00f3wna","item":"https:\/\/pakosc-kalwaria.franciszkanie.net\/"},{"@type":"ListItem","position":2,"name":"\u015aW. FRANCISZEK Z ASY\u017bU","item":"https:\/\/pakosc-kalwaria.franciszkanie.net\/index.php\/sw-franciszek-z-asyzu\/"},{"@type":"ListItem","position":3,"name":"TRAKTAT O RADO\u015aCI DOSKONA\u0141EJ"}]}]}},"_links":{"self":[{"href":"https:\/\/pakosc-kalwaria.franciszkanie.net\/index.php\/wp-json\/wp\/v2\/pages\/94"}],"collection":[{"href":"https:\/\/pakosc-kalwaria.franciszkanie.net\/index.php\/wp-json\/wp\/v2\/pages"}],"about":[{"href":"https:\/\/pakosc-kalwaria.franciszkanie.net\/index.php\/wp-json\/wp\/v2\/types\/page"}],"author":[{"embeddable":true,"href":"https:\/\/pakosc-kalwaria.franciszkanie.net\/index.php\/wp-json\/wp\/v2\/users\/5"}],"replies":[{"embeddable":true,"href":"https:\/\/pakosc-kalwaria.franciszkanie.net\/index.php\/wp-json\/wp\/v2\/comments?post=94"}],"version-history":[{"count":2,"href":"https:\/\/pakosc-kalwaria.franciszkanie.net\/index.php\/wp-json\/wp\/v2\/pages\/94\/revisions"}],"predecessor-version":[{"id":96,"href":"https:\/\/pakosc-kalwaria.franciszkanie.net\/index.php\/wp-json\/wp\/v2\/pages\/94\/revisions\/96"}],"up":[{"embeddable":true,"href":"https:\/\/pakosc-kalwaria.franciszkanie.net\/index.php\/wp-json\/wp\/v2\/pages\/67"}],"wp:attachment":[{"href":"https:\/\/pakosc-kalwaria.franciszkanie.net\/index.php\/wp-json\/wp\/v2\/media?parent=94"}],"curies":[{"name":"wp","href":"https:\/\/api.w.org\/{rel}","templated":true}]}}